{"id":1013,"date":"2025-12-27T17:56:27","date_gmt":"2025-12-27T16:56:27","guid":{"rendered":"https:\/\/mharbu.com\/?page_id=1013"},"modified":"2026-02-09T10:43:12","modified_gmt":"2026-02-09T09:43:12","slug":"fantasy-kalendar-2026","status":"publish","type":"page","link":"https:\/\/mharbu.com\/en\/fantasy-kalendar-2026\/","title":{"rendered":"Fantasy kalend\u00e1\u0159 2026"},"content":{"rendered":"<section class=\"mharbu-fantasy-calendar\">\n<style>\n    \/* 1 sloupec v\u017edy *\/<br \/>\n    .mharbu-fantasy-calendar .mharbu-grid{<br \/>\n      display:block;<br \/>\n    }<\/p>\n<p>    .mharbu-fantasy-calendar .mharbu-form-card{<br \/>\n      margin-top: 16px;<br \/>\n      border:1px solid rgba(0,0,0,.12);<br \/>\n      border-radius:16px;<br \/>\n      padding:16px;<br \/>\n      background: rgba(89,0,0,0.08);<br \/>\n      max-width: 520px;<br \/>\n    }<br \/>\n    .mharbu-fantasy-calendar .mharbu-form-note{<br \/>\n      margin:10px 0 0;<br \/>\n      font-size: 0.95em;<br \/>\n      opacity: 0.9;<br \/>\n      text-align: center;<br \/>\n    }<br \/>\n  <\/style>\n<div class=\"mharbu-grid\">\n<h2 data-start=\"221\" data-end=\"287\"><strong data-start=\"221\" data-end=\"287\">Fantasy kalend\u00e1\u0159 akc\u00ed 2026 (\u010cR + bl\u00edzk\u00e9 zahrani\u010d\u00ed)<\/strong><\/h2>\n<p data-start=\"303\" data-end=\"485\"><em data-start=\"1355\" data-end=\"1467\">Pokud m\u00e1\u0161 v&nbsp;kabelce kl\u00ed\u010de, amulet a lesn\u00ed mech, a chyb\u00ed Ti jen pl\u00e1n na dobrodru\u017estv\u00ed&#8230; <\/em><\/p>\n<p data-start=\"303\" data-end=\"485\">Taky jsem dlouho hledala, kam vyrazit na fantasy akce. Tak je tu te\u010f m\u00e1m na jednom m\u00edst\u011b i pro V\u00e1s.<\/p>\n<div class=\"mharbu-form-card\">\n<div id=\"f-8-0ff8f206695a872edfb6fade7b6458ba\"><\/div>\n<p class=\"mharbu-form-note\">(Ano, je to zdarma.)<\/p>\n<\/div>\n<p data-start=\"303\" data-end=\"485\">Jedn\u00edm klikem p\u0159id\u00e1\u0161 do telefonu (anebo se pod\u00edv\u00e1\u0161 jen v&nbsp;prohl\u00ed\u017ee\u010di) a m\u016f\u017ee\u0161 se za\u010d\u00edt rozhodovat, jestli vyraz\u00ed\u0161 t\u0159eba na<strong data-start=\"355\" data-end=\"435\"> Blavicon, TolkienCon, Pyrkon\u2026<\/strong> nebo t\u0159eba fantasy zam\u011b\u0159en\u00e9 <strong data-start=\"445\" data-end=\"454\">LARPy<\/strong>. Je toho celkem dost, tak\u017ee rozhodov\u00e1n\u00ed bude t\u0159eba. Kalend\u00e1\u0159 <strong>pr\u016fb\u011b\u017en\u011b aktualizuji &#8211;<\/strong> dopl\u0148uji term\u00edny, kdy\u017e se objev\u00ed nov\u00e9 akce a Ty to uvid\u00ed\u0161 v&nbsp;kalend\u00e1\u0159i. Nejde ve\u0159ejn\u011b editovat, aby z\u016fstal zam\u011b\u0159en\u00fd na akce s&nbsp;v\u00fdznamnou fantasy linkou. Pokud po\u0159\u00e1d\u00e1te akci, kterou chcete do kalend\u00e1\u0159e uv\u00e9st, dejte mi ur\u010dit\u011b v\u011bd\u011bt!<\/p>\n<p data-start=\"988\" data-end=\"1013\"><strong>V kalend\u00e1\u0159i najde\u0161 fantasy a fandom akce v&nbsp;\u010cR a bl\u00edzk\u00e9m zahrani\u010d\u00ed (t\u0159eba \ud83c\uddf8\ud83c\uddf0, \ud83c\uddf5\ud83c\uddf1) najde\u0161 akce, kde se m\u016f\u017eeme potkat, ale i spoustu dal\u0161\u00edch.<\/strong><\/p>\n<ul data-start=\"1014\" data-end=\"1320\">\n<li data-start=\"1088\" data-end=\"1165\">\n<p data-start=\"1090\" data-end=\"1165\">cony &amp; festivaly (Blavicon, Con Morhen, SlavCon, Tam a zase zp\u00e1tky, \u2026)<\/p>\n<\/li>\n<li data-start=\"1166\" data-end=\"1225\">\n<p data-start=\"1168\" data-end=\"1225\"><strong data-start=\"1168\" data-end=\"1193\">LARPy <\/strong>ozna\u010den\u00e9<strong data-start=\"1168\" data-end=\"1193\"> [LARP]<\/strong><\/p>\n<\/li>\n<li data-start=\"1166\" data-end=\"1225\">burzy ozna\u010den\u00e9 <strong>[BURZA]<\/strong><\/li>\n<\/ul>\n<\/div>\n<p><script>\n    (function (w,d,s,o,f,js,fjs) {\n      w['ecm-widget']=o;w[o] = w[o] || function () { (w[o].q = w[o].q || []).push(arguments) };\n      js = d.createElement(s), fjs = d.getElementsByTagName(s)[0];\n      js.id = '8-0ff8f206695a872edfb6fade7b6458ba';\n      js.dataset.a = 'mharbu';\n      js.src = f; js.async = 1; fjs.parentNode.insertBefore(js, fjs);\n    }(window, document, 'script', 'ecmwidget', 'https:\/\/d70shl7vidtft.cloudfront.net\/widget.js'));\n  <\/script><\/p>\n<\/section>\n","protected":false},"excerpt":{"rendered":"<p>Fantasy kalend\u00e1\u0159 akc\u00ed 2026 (\u010cR + bl\u00edzk\u00e9 zahrani\u010d\u00ed) Pokud m\u00e1\u0161 v&nbsp;kabelce kl\u00ed\u010de, amulet a lesn\u00ed mech, a chyb\u00ed Ti jen pl\u00e1n na dobrodru\u017estv\u00ed&#8230; Taky jsem dlouho hledala, kam vyrazit na fantasy akce. Tak je tu te\u010f m\u00e1m na jednom m\u00edst\u011b i pro V\u00e1s. (Ano, je to zdarma.) Jedn\u00edm klikem p\u0159id\u00e1\u0161 do telefonu (anebo se pod\u00edv\u00e1\u0161 [&hellip;]<\/p>\n","protected":false},"author":1,"featured_media":0,"parent":0,"menu_order":0,"comment_status":"closed","ping_status":"closed","template":"","meta":{"ocean_post_layout":"full-width","ocean_both_sidebars_style":"","ocean_both_sidebars_content_width":0,"ocean_both_sidebars_sidebars_width":0,"ocean_sidebar":"0","ocean_second_sidebar":"0","ocean_disable_margins":"enable","ocean_add_body_class":"","ocean_shortcode_before_top_bar":"","ocean_shortcode_after_top_bar":"","ocean_shortcode_before_header":"","ocean_shortcode_after_header":"","ocean_has_shortcode":"","ocean_shortcode_after_title":"","ocean_shortcode_before_footer_widgets":"","ocean_shortcode_after_footer_widgets":"","ocean_shortcode_before_footer_bottom":"","ocean_shortcode_after_footer_bottom":"","ocean_display_top_bar":"default","ocean_display_header":"default","ocean_header_style":"","ocean_center_header_left_menu":"0","ocean_custom_header_template":"0","ocean_custom_logo":0,"ocean_custom_retina_logo":0,"ocean_custom_logo_max_width":0,"ocean_custom_logo_tablet_max_width":0,"ocean_custom_logo_mobile_max_width":0,"ocean_custom_logo_max_height":0,"ocean_custom_logo_tablet_max_height":0,"ocean_custom_logo_mobile_max_height":0,"ocean_header_custom_menu":"0","ocean_menu_typo_font_family":"0","ocean_menu_typo_font_subset":"","ocean_menu_typo_font_size":0,"ocean_menu_typo_font_size_tablet":0,"ocean_menu_typo_font_size_mobile":0,"ocean_menu_typo_font_size_unit":"px","ocean_menu_typo_font_weight":"","ocean_menu_typo_font_weight_tablet":"","ocean_menu_typo_font_weight_mobile":"","ocean_menu_typo_transform":"","ocean_menu_typo_transform_tablet":"","ocean_menu_typo_transform_mobile":"","ocean_menu_typo_line_height":0,"ocean_menu_typo_line_height_tablet":0,"ocean_menu_typo_line_height_mobile":0,"ocean_menu_typo_line_height_unit":"","ocean_menu_typo_spacing":0,"ocean_menu_typo_spacing_tablet":0,"ocean_menu_typo_spacing_mobile":0,"ocean_menu_typo_spacing_unit":"","ocean_menu_link_color":"","ocean_menu_link_color_hover":"","ocean_menu_link_color_active":"","ocean_menu_link_background":"","ocean_menu_link_hover_background":"","ocean_menu_link_active_background":"","ocean_menu_social_links_bg":"","ocean_menu_social_hover_links_bg":"","ocean_menu_social_links_color":"","ocean_menu_social_hover_links_color":"","ocean_disable_title":"default","ocean_disable_heading":"default","ocean_post_title":"","ocean_post_subheading":"","ocean_post_title_style":"","ocean_post_title_background_color":"","ocean_post_title_background":0,"ocean_post_title_bg_image_position":"","ocean_post_title_bg_image_attachment":"","ocean_post_title_bg_image_repeat":"","ocean_post_title_bg_image_size":"","ocean_post_title_height":0,"ocean_post_title_bg_overlay":0.5,"ocean_post_title_bg_overlay_color":"","ocean_disable_breadcrumbs":"default","ocean_breadcrumbs_color":"","ocean_breadcrumbs_separator_color":"","ocean_breadcrumbs_links_color":"","ocean_breadcrumbs_links_hover_color":"","ocean_display_footer_widgets":"default","ocean_display_footer_bottom":"default","ocean_custom_footer_template":"0","footnotes":""},"class_list":["post-1013","page","type-page","status-publish","hentry","entry","owp-thumbs-layout-horizontal","owp-btn-very-big","owp-tabs-layout-horizontal","has-no-thumbnails"],"yoast_head":"<!-- This site is optimized with the Yoast SEO plugin v27.3 - https:\/\/yoast.com\/product\/yoast-seo-wordpress\/ -->\n<title>Fantasy kalend\u00e1\u0159 2026 - mharbu<\/title>\n<meta name=\"robots\" content=\"index, follow, max-snippet:-1, max-image-preview:large, max-video-preview:-1\" \/>\n<link rel=\"canonical\" href=\"https:\/\/mharbu.com\/en\/fantasy-kalendar-2026\/\" \/>\n<meta property=\"og:locale\" content=\"en_GB\" \/>\n<meta property=\"og:type\" content=\"article\" \/>\n<meta property=\"og:title\" content=\"Fantasy kalend\u00e1\u0159 2026 - mharbu\" \/>\n<meta property=\"og:description\" content=\"Fantasy kalend\u00e1\u0159 akc\u00ed 2026 (\u010cR + bl\u00edzk\u00e9 zahrani\u010d\u00ed) Pokud m\u00e1\u0161 v&nbsp;kabelce kl\u00ed\u010de, amulet a lesn\u00ed mech, a chyb\u00ed Ti jen pl\u00e1n na dobrodru\u017estv\u00ed&#8230; Taky jsem dlouho hledala, kam vyrazit na fantasy akce. Tak je tu te\u010f m\u00e1m na jednom m\u00edst\u011b i pro V\u00e1s. (Ano, je to zdarma.) Jedn\u00edm klikem p\u0159id\u00e1\u0161 do telefonu (anebo se pod\u00edv\u00e1\u0161 [&hellip;]\" \/>\n<meta property=\"og:url\" content=\"https:\/\/mharbu.com\/en\/fantasy-kalendar-2026\/\" \/>\n<meta property=\"og:site_name\" content=\"mharbu\" \/>\n<meta property=\"article:modified_time\" content=\"2026-02-09T09:43:12+00:00\" \/>\n<meta name=\"twitter:card\" content=\"summary_large_image\" \/>\n<meta name=\"twitter:label1\" content=\"Estimated reading time\" \/>\n\t<meta name=\"twitter:data1\" content=\"1 minute\" \/>\n<script type=\"application\/ld+json\" class=\"yoast-schema-graph\">{\"@context\":\"https:\\\/\\\/schema.org\",\"@graph\":[{\"@type\":\"WebPage\",\"@id\":\"https:\\\/\\\/mharbu.com\\\/fantasy-kalendar-2026\\\/\",\"url\":\"https:\\\/\\\/mharbu.com\\\/fantasy-kalendar-2026\\\/\",\"name\":\"Fantasy kalend\u00e1\u0159 2026 - mharbu\",\"isPartOf\":{\"@id\":\"https:\\\/\\\/mharbu.com\\\/#website\"},\"datePublished\":\"2025-12-27T16:56:27+00:00\",\"dateModified\":\"2026-02-09T09:43:12+00:00\",\"breadcrumb\":{\"@id\":\"https:\\\/\\\/mharbu.com\\\/fantasy-kalendar-2026\\\/#breadcrumb\"},\"inLanguage\":\"en-GB\",\"potentialAction\":[{\"@type\":\"ReadAction\",\"target\":[\"https:\\\/\\\/mharbu.com\\\/fantasy-kalendar-2026\\\/\"]}]},{\"@type\":\"BreadcrumbList\",\"@id\":\"https:\\\/\\\/mharbu.com\\\/fantasy-kalendar-2026\\\/#breadcrumb\",\"itemListElement\":[{\"@type\":\"ListItem\",\"position\":1,\"name\":\"Dom\u016f\",\"item\":\"https:\\\/\\\/mharbu.com\\\/\"},{\"@type\":\"ListItem\",\"position\":2,\"name\":\"Fantasy kalend\u00e1\u0159 2026\"}]},{\"@type\":\"WebSite\",\"@id\":\"https:\\\/\\\/mharbu.com\\\/#website\",\"url\":\"https:\\\/\\\/mharbu.com\\\/\",\"name\":\"mharbu\",\"description\":\"Zavazadla pro cestovatele sv\u011bty a \u010dasem\",\"publisher\":{\"@id\":\"https:\\\/\\\/mharbu.com\\\/#organization\"},\"potentialAction\":[{\"@type\":\"SearchAction\",\"target\":{\"@type\":\"EntryPoint\",\"urlTemplate\":\"https:\\\/\\\/mharbu.com\\\/?s={search_term_string}\"},\"query-input\":{\"@type\":\"PropertyValueSpecification\",\"valueRequired\":true,\"valueName\":\"search_term_string\"}}],\"inLanguage\":\"en-GB\"},{\"@type\":\"Organization\",\"@id\":\"https:\\\/\\\/mharbu.com\\\/#organization\",\"name\":\"mharbu\",\"url\":\"https:\\\/\\\/mharbu.com\\\/\",\"logo\":{\"@type\":\"ImageObject\",\"inLanguage\":\"en-GB\",\"@id\":\"https:\\\/\\\/mharbu.com\\\/#\\\/schema\\\/logo\\\/image\\\/\",\"url\":\"https:\\\/\\\/mharbu.com\\\/wp-content\\\/uploads\\\/2024\\\/07\\\/cropped-logodlouhe-2.png\",\"contentUrl\":\"https:\\\/\\\/mharbu.com\\\/wp-content\\\/uploads\\\/2024\\\/07\\\/cropped-logodlouhe-2.png\",\"width\":183,\"height\":50,\"caption\":\"mharbu\"},\"image\":{\"@id\":\"https:\\\/\\\/mharbu.com\\\/#\\\/schema\\\/logo\\\/image\\\/\"}}]}<\/script>\n<!-- \/ Yoast SEO plugin. -->","yoast_head_json":{"title":"Fantasy kalend\u00e1\u0159 2026 - mharbu","robots":{"index":"index","follow":"follow","max-snippet":"max-snippet:-1","max-image-preview":"max-image-preview:large","max-video-preview":"max-video-preview:-1"},"canonical":"https:\/\/mharbu.com\/en\/fantasy-kalendar-2026\/","og_locale":"en_GB","og_type":"article","og_title":"Fantasy kalend\u00e1\u0159 2026 - mharbu","og_description":"Fantasy kalend\u00e1\u0159 akc\u00ed 2026 (\u010cR + bl\u00edzk\u00e9 zahrani\u010d\u00ed) Pokud m\u00e1\u0161 v&nbsp;kabelce kl\u00ed\u010de, amulet a lesn\u00ed mech, a chyb\u00ed Ti jen pl\u00e1n na dobrodru\u017estv\u00ed&#8230; Taky jsem dlouho hledala, kam vyrazit na fantasy akce. Tak je tu te\u010f m\u00e1m na jednom m\u00edst\u011b i pro V\u00e1s. (Ano, je to zdarma.) Jedn\u00edm klikem p\u0159id\u00e1\u0161 do telefonu (anebo se pod\u00edv\u00e1\u0161 [&hellip;]","og_url":"https:\/\/mharbu.com\/en\/fantasy-kalendar-2026\/","og_site_name":"mharbu","article_modified_time":"2026-02-09T09:43:12+00:00","twitter_card":"summary_large_image","twitter_misc":{"Estimated reading time":"1 minute"},"schema":{"@context":"https:\/\/schema.org","@graph":[{"@type":"WebPage","@id":"https:\/\/mharbu.com\/fantasy-kalendar-2026\/","url":"https:\/\/mharbu.com\/fantasy-kalendar-2026\/","name":"Fantasy kalend\u00e1\u0159 2026 - mharbu","isPartOf":{"@id":"https:\/\/mharbu.com\/#website"},"datePublished":"2025-12-27T16:56:27+00:00","dateModified":"2026-02-09T09:43:12+00:00","breadcrumb":{"@id":"https:\/\/mharbu.com\/fantasy-kalendar-2026\/#breadcrumb"},"inLanguage":"en-GB","potentialAction":[{"@type":"ReadAction","target":["https:\/\/mharbu.com\/fantasy-kalendar-2026\/"]}]},{"@type":"BreadcrumbList","@id":"https:\/\/mharbu.com\/fantasy-kalendar-2026\/#breadcrumb","itemListElement":[{"@type":"ListItem","position":1,"name":"Dom\u016f","item":"https:\/\/mharbu.com\/"},{"@type":"ListItem","position":2,"name":"Fantasy kalend\u00e1\u0159 2026"}]},{"@type":"WebSite","@id":"https:\/\/mharbu.com\/#website","url":"https:\/\/mharbu.com\/","name":"mharbu","description":"Luggage for travelers through worlds and time","publisher":{"@id":"https:\/\/mharbu.com\/#organization"},"potentialAction":[{"@type":"SearchAction","target":{"@type":"EntryPoint","urlTemplate":"https:\/\/mharbu.com\/?s={search_term_string}"},"query-input":{"@type":"PropertyValueSpecification","valueRequired":true,"valueName":"search_term_string"}}],"inLanguage":"en-GB"},{"@type":"Organization","@id":"https:\/\/mharbu.com\/#organization","name":"mharbu","url":"https:\/\/mharbu.com\/","logo":{"@type":"ImageObject","inLanguage":"en-GB","@id":"https:\/\/mharbu.com\/#\/schema\/logo\/image\/","url":"https:\/\/mharbu.com\/wp-content\/uploads\/2024\/07\/cropped-logodlouhe-2.png","contentUrl":"https:\/\/mharbu.com\/wp-content\/uploads\/2024\/07\/cropped-logodlouhe-2.png","width":183,"height":50,"caption":"mharbu"},"image":{"@id":"https:\/\/mharbu.com\/#\/schema\/logo\/image\/"}}]}},"_links":{"self":[{"href":"https:\/\/mharbu.com\/en\/wp-json\/wp\/v2\/pages\/1013","targetHints":{"allow":["GET"]}}],"collection":[{"href":"https:\/\/mharbu.com\/en\/wp-json\/wp\/v2\/pages"}],"about":[{"href":"https:\/\/mharbu.com\/en\/wp-json\/wp\/v2\/types\/page"}],"author":[{"embeddable":true,"href":"https:\/\/mharbu.com\/en\/wp-json\/wp\/v2\/users\/1"}],"replies":[{"embeddable":true,"href":"https:\/\/mharbu.com\/en\/wp-json\/wp\/v2\/comments?post=1013"}],"version-history":[{"count":0,"href":"https:\/\/mharbu.com\/en\/wp-json\/wp\/v2\/pages\/1013\/revisions"}],"wp:attachment":[{"href":"https:\/\/mharbu.com\/en\/wp-json\/wp\/v2\/media?parent=1013"}],"curies":[{"name":"wp","href":"https:\/\/api.w.org\/{rel}","templated":true}]}}