{"id":1522,"date":"2026-02-09T12:49:21","date_gmt":"2026-02-09T11:49:21","guid":{"rendered":"https:\/\/mharbu.com\/?page_id=1522"},"modified":"2026-02-11T17:06:53","modified_gmt":"2026-02-11T16:06:53","slug":"pece-kuze","status":"publish","type":"page","link":"https:\/\/mharbu.com\/en\/pece-kuze\/","title":{"rendered":"P\u00e9\u010de o k\u016f\u017ei"},"content":{"rendered":"<div data-elementor-type=\"wp-page\" data-elementor-id=\"1522\" class=\"elementor elementor-1522\">\n\t\t\t\t<div class=\"elementor-element elementor-element-5ddb0410 e-flex e-con-boxed e-con e-parent\" data-id=\"5ddb0410\" data-element_type=\"container\" data-e-type=\"container\">\n\t\t\t\t\t<div class=\"e-con-inner\">\n\t\t\t\t<div class=\"elementor-element elementor-element-645fd096 elementor-widget elementor-widget-spacer\" data-id=\"645fd096\" data-element_type=\"widget\" data-e-type=\"widget\" data-widget_type=\"spacer.default\">\n\t\t\t\t\t\t\t<div class=\"elementor-spacer\">\n\t\t\t<div class=\"elementor-spacer-inner\"><\/div>\n\t\t<\/div>\n\t\t\t\t\t\t<\/div>\n\t\t\t\t<div class=\"elementor-element elementor-element-6c511421 elementor-widget elementor-widget-heading\" data-id=\"6c511421\" data-element_type=\"widget\" data-e-type=\"widget\" data-widget_type=\"heading.default\">\n\t\t\t\t\t<h1 class=\"elementor-heading-title elementor-size-default\">P\u00e9\u010de o k\u016f\u017ei a voskovan\u00e9 pl\u00e1tno<\/h1>\t\t\t\t<\/div>\n\t\t\t\t<div class=\"elementor-element elementor-element-1a246166 elementor-widget elementor-widget-text-editor\" data-id=\"1a246166\" data-element_type=\"widget\" data-e-type=\"widget\" data-widget_type=\"text-editor.default\">\n\t\t\t\t\t\t\t\t\t<h2 data-start=\"0\" data-end=\"33\">P\u00e9\u010de o k\u016f\u017ei a voskovan\u00e9 pl\u00e1tno<\/h2><p data-start=\"34\" data-end=\"221\">K\u016f\u017ee je \u017eiv\u00fd materi\u00e1l. \u010casem chyt\u00e1 patinu, zm\u011bkne a za\u010dne vypr\u00e1v\u011bt tvoje p\u0159\u00edb\u011bhy. Sta\u010d\u00ed p\u00e1r jednoduch\u00fdch krok\u016f a tv\u016fj kousek bude s&nbsp;v\u011bkem jen hez\u010d\u00ed. \ud83c\udf43\u2728<\/p><p data-start=\"223\" data-end=\"497\">\ud83c\udf42 <strong data-start=\"226\" data-end=\"250\">K\u016f\u017ee st\u00e1rne do kr\u00e1sy<\/strong><br data-start=\"250\" data-end=\"253\" \/>Jemn\u00e9 \u0161kr\u00e1bance nebo zm\u011bna odst\u00ednu jsou norm\u00e1ln\u00ed. \u010casto sta\u010d\u00ed p\u0159et\u0159\u00edt prstem nebo m\u011bkk\u00fdm had\u0159\u00edkem a \u010dasem se v\u0161e p\u0159irozen\u011b zjemn\u00ed. U ru\u010dn\u011b barven\u00fdch kousk\u016f se m\u016f\u017eou objevit drobn\u00e9 odchylky a vrstvy barvy, pr\u00e1v\u011b to d\u011bl\u00e1 ka\u017ed\u00fd kus jedine\u010dn\u00fd. Pro hrub\u0161\u00ed \u0161kr\u00e1bance p\u0159evoskuj\/p\u0159ebalz\u00e1muj, \u010dasto to velmi vylep\u0161\u00ed vzhled.<\/p><p data-start=\"499\" data-end=\"856\">\ud83c\udf43\u00a0<strong data-start=\"502\" data-end=\"532\">Jak se o k\u016f\u017ei starat b\u011b\u017en\u011b<\/strong><br data-start=\"532\" data-end=\"535\" \/>Kdy\u017e se k\u016f\u017ee m\u00edrn\u011b za\u0161pin\u00ed, ot\u0159i ji such\u00fdm nebo lehce navlh\u010den\u00fdm had\u0159\u00edkem a nech voln\u011b oschnout. Vyhni se agresivn\u00edm \u010disti\u010d\u016fm, alkoholu a mokr\u00fdm ubrousk\u016fm s&nbsp;chemi\u00ed. Kdy\u017e kousek zmokne, nech ho schnout p\u0159i pokojov\u00e9 teplot\u011b, ne na radi\u00e1toru ani na p\u0159\u00edm\u00e9m slunci. Pokud je promo\u010den\u00fd, vycpi ho pap\u00edrem nebo l\u00e1tkou, a\u0165 si dr\u017e\u00ed tvar. Voda m\u016f\u017ee na k\u016f\u017ei zanechat mapy. To je mo\u017en\u00e9 zm\u00edrnit tak, \u017ee kousek rovnom\u011brn\u011b navlh\u010d\u00ed\u0161 cel\u00fd a nech\u00e1\u0161 rovnom\u011brn\u011b usychat. Pokud pou\u017e\u00edv\u00e1\u0161 n\u011bjakou v\u00fdpl\u0148, \u010dasto ji m\u011b\u0148, a\u0165 k\u016f\u017ee nez\u016fstane mokr\u00e1 v&nbsp;m\u00edstech, kde se j\u00ed dot\u00fdk\u00e1.<\/p><p data-start=\"858\" data-end=\"1332\">\ud83e\uddea<strong data-start=\"861\" data-end=\"895\">Balz\u00e1mov\u00e1n\u00ed (v\u00fd\u017eiva a ochrana)<\/strong><br data-start=\"895\" data-end=\"898\" \/>Balz\u00e1m pom\u00e1h\u00e1 k\u016f\u017ei z\u016fstat pru\u017en\u00e1 a odoln\u00e1 a kr\u00e1sn\u011b podpo\u0159\u00ed patinu. Nanes tenkou vrstvu na \u010distou a suchou hladkou k\u016f\u017ei, nech chv\u00edli vs\u00e1knout a pak p\u0159ele\u0161ti m\u011bkk\u00fdm had\u0159\u00edkem. U sv\u011btl\u00fdch odst\u00edn\u016f za\u010dni opatrn\u011b, k\u016f\u017ee m\u016f\u017ee lehce ztmavnout. Balz\u00e1m je vhodn\u00fd na hladkou k\u016f\u017ei, ne na nubuk nebo semi\u0161.<br data-start=\"1207\" data-end=\"1210\" \/>\ud83e\ude99 Ke ka\u017ed\u00e9mu n\u00e1kupu si m\u016f\u017ee\u0161 v&nbsp;ko\u0161\u00edku p\u0159idat i m\u016fj balz\u00e1m na k\u016f\u017ei (65 ml) z&nbsp;p\u0159\u00edrodn\u00edch olej\u016f s&nbsp;v\u010del\u00edm voskem a lanolinem.<\/p>\t\t\t\t\t\t\t\t<\/div>\n\t\t\t\t<div class=\"elementor-element elementor-element-31c4a2d elementor-widget elementor-widget-shortcode\" data-id=\"31c4a2d\" data-element_type=\"widget\" data-e-type=\"widget\" data-widget_type=\"shortcode.default\">\n\t\t\t\t\t\t\t<div class=\"elementor-shortcode\"><div class=\"woocommerce columns-1\">\r\n<ul class=\"products oceanwp-row clr grid tablet-col tablet-2-col mobile-col mobile-1-col\">\r\n<li class=\"entry has-media col span_1_of_1 owp-content-center owp-thumbs-layout-horizontal owp-btn-very-big owp-tabs-layout-horizontal has-no-thumbnails product type-product post-1418 status-publish first instock product_cat-nezarazene has-post-thumbnail shipping-taxable purchasable product-type-simple\">\n\t<div class=\"product-inner clr\"><ul class=\"woo-entry-inner clr\"><li class=\"image-wrap\">\n\t<div class=\"woo-entry-image clr\">\n\t\t<a href=\"https:\/\/mharbu.com\/en\/product\/balzam-na-kuzi\/\" class=\"woocommerce-LoopProduct-link\"><img fetchpriority=\"high\" decoding=\"async\" width=\"300\" height=\"300\" src=\"https:\/\/mharbu.com\/wp-content\/uploads\/2026\/02\/photo_2026-02-05_22-45-35-300x300.webp\" class=\"woo-entry-image-main not-transparent\" alt=\"Balz\u00e1m na k\u016f\u017ei 65 ml\" itemprop=\"image\" srcset=\"https:\/\/mharbu.com\/wp-content\/uploads\/2026\/02\/photo_2026-02-05_22-45-35-300x300.webp 300w, https:\/\/mharbu.com\/wp-content\/uploads\/2026\/02\/photo_2026-02-05_22-45-35-150x150.webp 150w, https:\/\/mharbu.com\/wp-content\/uploads\/2026\/02\/photo_2026-02-05_22-45-35-600x600.webp 600w, https:\/\/mharbu.com\/wp-content\/uploads\/2026\/02\/photo_2026-02-05_22-45-35-100x100.webp 100w\" sizes=\"(max-width: 300px) 100vw, 300px\" data-has-transparency=\"false\" data-dominant-color=\"7b7772\" style=\"--dominant-color: #7b7772;\" \/><\/a>\t<\/div><!-- .woo-entry-image -->\n\n\t<a href=\"\/en\/wp-json\/wp\/v2\/pages\/1522?add-to-cart=1418\" aria-describedby=\"woocommerce_loop_add_to_cart_link_describedby_1418\" data-quantity=\"1\" class=\"button product_type_simple add_to_cart_button ajax_add_to_cart\" data-product_id=\"1418\" data-product_sku=\"\" aria-label=\"Add to basket: \u201cBalz\u00e1m na k\u016f\u017ei 65 ml\u201d\" rel=\"nofollow\" data-success_message=\"\u201cBalz\u00e1m na k\u016f\u017ei 65 ml\u201d has been added to your cart\" role=\"button\" data-no-translation=\"\" data-trp-gettext=\"\" data-no-translation-aria-label=\"\" data-no-translation-data-success_message=\"\">Add to basket<\/a>\t<span id=\"woocommerce_loop_add_to_cart_link_describedby_1418\" class=\"screen-reader-text\">\n\t\t\t<\/span>\n<ul class=\"woo-entry-buttons\"><li class=\"woo-quickview-btn\"><a href=\"#\" class=\"owp-quick-view\" id=\"product_id_1418\" data-product_id=\"1418\" aria-label=\"Quickly preview product Balz\u00e1m na k\u016f\u017ei 65 ml\"><i class=\"far fa-eye\" aria-hidden=\"true\" role=\"img\"><\/i><\/a><\/li><\/ul><\/li><ul class=\"woo-product-info\"><li class=\"category\"><a href=\"https:\/\/mharbu.com\/en\/product-category\/nezarazene\/\" rel=\"tag\">Uncategorized<\/a><\/li><li class=\"title\"><h2><a href=\"https:\/\/mharbu.com\/en\/product\/balzam-na-kuzi\/\">Balz\u00e1m na k\u016f\u017ei 65 ml<\/a><\/h2><\/li><li class=\"price-wrap\">\n\t<span class=\"price\"><span class=\"woocommerce-Price-amount amount\"><bdi>170&nbsp;<span class=\"woocommerce-Price-currencySymbol\">&#75;&#269;<\/span><\/bdi><\/span><\/span>\n<\/li><li class=\"rating\"><\/li><\/ul>\r\n<ul class=\"woo-product-gallery\">\r\n\r\n\t\r\n\t\r\n\t\t<li class=\"active\">\r\n\t\t\t<a href=\"https:\/\/mharbu.com\/wp-content\/uploads\/2026\/02\/photo_2026-02-05_22-45-35-300x300.webp\" class=\"woo-product-gallery-link no-lightbox\">\r\n\t\t\t\t<img decoding=\"async\" width=\"300\" height=\"300\" src=\"https:\/\/mharbu.com\/wp-content\/uploads\/2026\/02\/photo_2026-02-05_22-45-35-300x300.webp\" class=\"attachment-woocommerce_thumbnail size-woocommerce_thumbnail not-transparent\" alt=\"Balz\u00e1m na k\u016f\u017ei 65 ml\" itemprop=\"image\" srcset=\"https:\/\/mharbu.com\/wp-content\/uploads\/2026\/02\/photo_2026-02-05_22-45-35-300x300.webp 300w, https:\/\/mharbu.com\/wp-content\/uploads\/2026\/02\/photo_2026-02-05_22-45-35-150x150.webp 150w, https:\/\/mharbu.com\/wp-content\/uploads\/2026\/02\/photo_2026-02-05_22-45-35-600x600.webp 600w, https:\/\/mharbu.com\/wp-content\/uploads\/2026\/02\/photo_2026-02-05_22-45-35-100x100.webp 100w\" sizes=\"(max-width: 300px) 100vw, 300px\" data-has-transparency=\"false\" data-dominant-color=\"7b7772\" style=\"--dominant-color: #7b7772;\" \/>\t\t\t<\/a>\r\n\t\t<\/li>\r\n\r\n\t\t\r\n\t\r\n<\/ul>\r\n<\/ul><\/div><!-- .product-inner .clr --><\/li>\n<\/ul>\n<\/div>\n<\/div>\n\t\t\t\t\t\t<\/div>\n\t\t\t\t<div class=\"elementor-element elementor-element-d9e8014 elementor-widget elementor-widget-text-editor\" data-id=\"d9e8014\" data-element_type=\"widget\" data-e-type=\"widget\" data-widget_type=\"text-editor.default\">\n\t\t\t\t\t\t\t\t\t<p data-start=\"1334\" data-end=\"1755\">\ud83e\uddf5 <strong data-start=\"1337\" data-end=\"1392\">Voskovan\u00e9 pl\u00e1tno (kdy\u017e ho m\u00e1\u0161 na batohu nebo ta\u0161ce)<\/strong><br data-start=\"1392\" data-end=\"1395\" \/>Voskovan\u00e9 pl\u00e1tno je odoln\u00e9 a m\u00e1 r\u00e1do jednoduchost. Prach a b\u011b\u017en\u00e9 ne\u010distoty set\u0159i such\u00fdm kart\u00e1\u010dem nebo had\u0159\u00edkem, p\u0159\u00edpadn\u011b jemn\u011b vlhk\u00fdm. Neper v&nbsp;pra\u010dce, nenam\u00e1\u010dej dlouho a nesu\u0161 na topen\u00ed. Kdy\u017e se \u010dasem za\u010dne voskov\u00e1n\u00ed ztr\u00e1cet, d\u00e1 se znovu dovoskovat v\u010del\u00edm voskem nebo sm\u011bs\u00ed se sojov\u00fdm a lehce zah\u0159\u00e1t (f\u00e9nem na n\u00edzk\u00fd v\u00fdkon nebo teplem rukou), aby se vosk vs\u00e1kl.<\/p><p data-start=\"1757\" data-end=\"1928\">\ud83d\udce9 <strong data-start=\"1760\" data-end=\"1793\">Kdy\u017e si nejsi jist\u00e1, napi\u0161 mi<\/strong><br data-start=\"1793\" data-end=\"1796\" \/>Ka\u017ed\u00fd kousek \u017eije trochu jinak. Kdy\u017e bude\u0161 cht\u00edt poradit s&nbsp;konkr\u00e9tn\u00ed situac\u00ed, po\u0161li mi zpr\u00e1vu a klidn\u011b i fotku, vymysl\u00edme, co s&nbsp;t\u00edm.<\/p>\t\t\t\t\t\t\t\t<\/div>\n\t\t\t\t\t<\/div>\n\t\t\t\t<\/div>\n\t\t<div class=\"elementor-element elementor-element-25cb8ca1 e-flex e-con-boxed e-con e-parent\" data-id=\"25cb8ca1\" data-element_type=\"container\" data-e-type=\"container\">\n\t\t\t\t\t<div class=\"e-con-inner\">\n\t\t\t\t<div class=\"elementor-element elementor-element-6fcf379e elementor-widget elementor-widget-text-editor\" data-id=\"6fcf379e\" data-element_type=\"widget\" data-e-type=\"widget\" data-widget_type=\"text-editor.default\">\n\t\t\t\t\t\t\t\t\t<p><b>Je\u0161t\u011b n\u011bm\u00e1\u0161 vybr\u00e1no?<\/b><\/p>\t\t\t\t\t\t\t\t<\/div>\n\t\t\t\t\t<\/div>\n\t\t\t\t<\/div>\n\t\t<div class=\"elementor-element elementor-element-1ab3aefc e-flex e-con-boxed e-con e-parent\" data-id=\"1ab3aefc\" data-element_type=\"container\" data-e-type=\"container\">\n\t\t\t\t\t<div class=\"e-con-inner\">\n\t\t\t\t<div class=\"elementor-element elementor-element-67f92c98 elementor-widget elementor-widget-button\" data-id=\"67f92c98\" data-element_type=\"widget\" data-e-type=\"widget\" data-widget_type=\"button.default\">\n\t\t\t\t\t\t\t\t\t\t<a class=\"elementor-button elementor-button-link elementor-size-sm\" href=\"https:\/\/mharbu.com\/en\/product-category\/kabelky\/\">\n\t\t\t\t\t\t<span class=\"elementor-button-content-wrapper\">\n\t\t\t\t\t\t\t\t\t<span class=\"elementor-button-text\">pod\u00edv\u00e1m se do obchodu<\/span>\n\t\t\t\t\t<\/span>\n\t\t\t\t\t<\/a>\n\t\t\t\t\t\t\t\t<\/div>\n\t\t\t\t\t<\/div>\n\t\t\t\t<\/div>\n\t\t\t\t<\/div>","protected":false},"excerpt":{"rendered":"<p>P\u00e9\u010de o k\u016f\u017ei a voskovan\u00e9 pl\u00e1tno P\u00e9\u010de o k\u016f\u017ei a voskovan\u00e9 pl\u00e1tno K\u016f\u017ee je \u017eiv\u00fd materi\u00e1l. \u010casem chyt\u00e1 patinu, zm\u011bkne a za\u010dne vypr\u00e1v\u011bt tvoje p\u0159\u00edb\u011bhy. Sta\u010d\u00ed p\u00e1r jednoduch\u00fdch krok\u016f a tv\u016fj kousek bude s&nbsp;v\u011bkem jen hez\u010d\u00ed. \ud83c\udf43\u2728 \ud83c\udf42 K\u016f\u017ee st\u00e1rne do kr\u00e1syJemn\u00e9 \u0161kr\u00e1bance nebo zm\u011bna odst\u00ednu jsou norm\u00e1ln\u00ed. \u010casto sta\u010d\u00ed p\u0159et\u0159\u00edt prstem nebo m\u011bkk\u00fdm had\u0159\u00edkem [&hellip;]<\/p>\n","protected":false},"author":1,"featured_media":0,"parent":0,"menu_order":0,"comment_status":"closed","ping_status":"closed","template":"","meta":{"ocean_post_layout":"","ocean_both_sidebars_style":"","ocean_both_sidebars_content_width":0,"ocean_both_sidebars_sidebars_width":0,"ocean_sidebar":"0","ocean_second_sidebar":"0","ocean_disable_margins":"enable","ocean_add_body_class":"","ocean_shortcode_before_top_bar":"","ocean_shortcode_after_top_bar":"","ocean_shortcode_before_header":"","ocean_shortcode_after_header":"","ocean_has_shortcode":"","ocean_shortcode_after_title":"","ocean_shortcode_before_footer_widgets":"","ocean_shortcode_after_footer_widgets":"","ocean_shortcode_before_footer_bottom":"","ocean_shortcode_after_footer_bottom":"","ocean_display_top_bar":"default","ocean_display_header":"default","ocean_header_style":"","ocean_center_header_left_menu":"0","ocean_custom_header_template":"0","ocean_custom_logo":0,"ocean_custom_retina_logo":0,"ocean_custom_logo_max_width":0,"ocean_custom_logo_tablet_max_width":0,"ocean_custom_logo_mobile_max_width":0,"ocean_custom_logo_max_height":0,"ocean_custom_logo_tablet_max_height":0,"ocean_custom_logo_mobile_max_height":0,"ocean_header_custom_menu":"0","ocean_menu_typo_font_family":"0","ocean_menu_typo_font_subset":"","ocean_menu_typo_font_size":0,"ocean_menu_typo_font_size_tablet":0,"ocean_menu_typo_font_size_mobile":0,"ocean_menu_typo_font_size_unit":"px","ocean_menu_typo_font_weight":"","ocean_menu_typo_font_weight_tablet":"","ocean_menu_typo_font_weight_mobile":"","ocean_menu_typo_transform":"","ocean_menu_typo_transform_tablet":"","ocean_menu_typo_transform_mobile":"","ocean_menu_typo_line_height":0,"ocean_menu_typo_line_height_tablet":0,"ocean_menu_typo_line_height_mobile":0,"ocean_menu_typo_line_height_unit":"","ocean_menu_typo_spacing":0,"ocean_menu_typo_spacing_tablet":0,"ocean_menu_typo_spacing_mobile":0,"ocean_menu_typo_spacing_unit":"","ocean_menu_link_color":"","ocean_menu_link_color_hover":"","ocean_menu_link_color_active":"","ocean_menu_link_background":"","ocean_menu_link_hover_background":"","ocean_menu_link_active_background":"","ocean_menu_social_links_bg":"","ocean_menu_social_hover_links_bg":"","ocean_menu_social_links_color":"","ocean_menu_social_hover_links_color":"","ocean_disable_title":"default","ocean_disable_heading":"default","ocean_post_title":"","ocean_post_subheading":"","ocean_post_title_style":"","ocean_post_title_background_color":"","ocean_post_title_background":0,"ocean_post_title_bg_image_position":"","ocean_post_title_bg_image_attachment":"","ocean_post_title_bg_image_repeat":"","ocean_post_title_bg_image_size":"","ocean_post_title_height":0,"ocean_post_title_bg_overlay":0.5,"ocean_post_title_bg_overlay_color":"","ocean_disable_breadcrumbs":"default","ocean_breadcrumbs_color":"","ocean_breadcrumbs_separator_color":"","ocean_breadcrumbs_links_color":"","ocean_breadcrumbs_links_hover_color":"","ocean_display_footer_widgets":"default","ocean_display_footer_bottom":"default","ocean_custom_footer_template":"0","footnotes":""},"class_list":["post-1522","page","type-page","status-publish","hentry","entry","owp-thumbs-layout-horizontal","owp-btn-very-big","owp-tabs-layout-horizontal","has-no-thumbnails"],"yoast_head":"<!-- This site is optimized with the Yoast SEO plugin v27.3 - https:\/\/yoast.com\/product\/yoast-seo-wordpress\/ -->\n<title>P\u00e9\u010de o k\u016f\u017ei - mharbu<\/title>\n<meta name=\"robots\" content=\"index, follow, max-snippet:-1, max-image-preview:large, max-video-preview:-1\" \/>\n<link rel=\"canonical\" href=\"https:\/\/mharbu.com\/en\/pece-kuze\/\" \/>\n<meta property=\"og:locale\" content=\"en_GB\" \/>\n<meta property=\"og:type\" content=\"article\" \/>\n<meta property=\"og:title\" content=\"P\u00e9\u010de o k\u016f\u017ei - mharbu\" \/>\n<meta property=\"og:description\" content=\"P\u00e9\u010de o k\u016f\u017ei a voskovan\u00e9 pl\u00e1tno P\u00e9\u010de o k\u016f\u017ei a voskovan\u00e9 pl\u00e1tno K\u016f\u017ee je \u017eiv\u00fd materi\u00e1l. \u010casem chyt\u00e1 patinu, zm\u011bkne a za\u010dne vypr\u00e1v\u011bt tvoje p\u0159\u00edb\u011bhy. Sta\u010d\u00ed p\u00e1r jednoduch\u00fdch krok\u016f a tv\u016fj kousek bude s&nbsp;v\u011bkem jen hez\u010d\u00ed. \ud83c\udf43\u2728 \ud83c\udf42 K\u016f\u017ee st\u00e1rne do kr\u00e1syJemn\u00e9 \u0161kr\u00e1bance nebo zm\u011bna odst\u00ednu jsou norm\u00e1ln\u00ed. \u010casto sta\u010d\u00ed p\u0159et\u0159\u00edt prstem nebo m\u011bkk\u00fdm had\u0159\u00edkem [&hellip;]\" \/>\n<meta property=\"og:url\" content=\"https:\/\/mharbu.com\/en\/pece-kuze\/\" \/>\n<meta property=\"og:site_name\" content=\"mharbu\" \/>\n<meta property=\"article:modified_time\" content=\"2026-02-11T16:06:53+00:00\" \/>\n<meta name=\"twitter:card\" content=\"summary_large_image\" \/>\n<meta name=\"twitter:label1\" content=\"Estimated reading time\" \/>\n\t<meta name=\"twitter:data1\" content=\"3 minutes\" \/>\n<script type=\"application\/ld+json\" class=\"yoast-schema-graph\">{\"@context\":\"https:\\\/\\\/schema.org\",\"@graph\":[{\"@type\":\"WebPage\",\"@id\":\"https:\\\/\\\/mharbu.com\\\/pece-kuze\\\/\",\"url\":\"https:\\\/\\\/mharbu.com\\\/pece-kuze\\\/\",\"name\":\"P\u00e9\u010de o k\u016f\u017ei - mharbu\",\"isPartOf\":{\"@id\":\"https:\\\/\\\/mharbu.com\\\/#website\"},\"datePublished\":\"2026-02-09T11:49:21+00:00\",\"dateModified\":\"2026-02-11T16:06:53+00:00\",\"breadcrumb\":{\"@id\":\"https:\\\/\\\/mharbu.com\\\/pece-kuze\\\/#breadcrumb\"},\"inLanguage\":\"en-GB\",\"potentialAction\":[{\"@type\":\"ReadAction\",\"target\":[\"https:\\\/\\\/mharbu.com\\\/pece-kuze\\\/\"]}]},{\"@type\":\"BreadcrumbList\",\"@id\":\"https:\\\/\\\/mharbu.com\\\/pece-kuze\\\/#breadcrumb\",\"itemListElement\":[{\"@type\":\"ListItem\",\"position\":1,\"name\":\"Dom\u016f\",\"item\":\"https:\\\/\\\/mharbu.com\\\/\"},{\"@type\":\"ListItem\",\"position\":2,\"name\":\"P\u00e9\u010de o k\u016f\u017ei\"}]},{\"@type\":\"WebSite\",\"@id\":\"https:\\\/\\\/mharbu.com\\\/#website\",\"url\":\"https:\\\/\\\/mharbu.com\\\/\",\"name\":\"mharbu\",\"description\":\"Zavazadla pro cestovatele sv\u011bty a \u010dasem\",\"publisher\":{\"@id\":\"https:\\\/\\\/mharbu.com\\\/#organization\"},\"potentialAction\":[{\"@type\":\"SearchAction\",\"target\":{\"@type\":\"EntryPoint\",\"urlTemplate\":\"https:\\\/\\\/mharbu.com\\\/?s={search_term_string}\"},\"query-input\":{\"@type\":\"PropertyValueSpecification\",\"valueRequired\":true,\"valueName\":\"search_term_string\"}}],\"inLanguage\":\"en-GB\"},{\"@type\":\"Organization\",\"@id\":\"https:\\\/\\\/mharbu.com\\\/#organization\",\"name\":\"mharbu\",\"url\":\"https:\\\/\\\/mharbu.com\\\/\",\"logo\":{\"@type\":\"ImageObject\",\"inLanguage\":\"en-GB\",\"@id\":\"https:\\\/\\\/mharbu.com\\\/#\\\/schema\\\/logo\\\/image\\\/\",\"url\":\"https:\\\/\\\/mharbu.com\\\/wp-content\\\/uploads\\\/2024\\\/07\\\/cropped-logodlouhe-2.png\",\"contentUrl\":\"https:\\\/\\\/mharbu.com\\\/wp-content\\\/uploads\\\/2024\\\/07\\\/cropped-logodlouhe-2.png\",\"width\":183,\"height\":50,\"caption\":\"mharbu\"},\"image\":{\"@id\":\"https:\\\/\\\/mharbu.com\\\/#\\\/schema\\\/logo\\\/image\\\/\"}}]}<\/script>\n<!-- \/ Yoast SEO plugin. -->","yoast_head_json":{"title":"P\u00e9\u010de o k\u016f\u017ei - mharbu","robots":{"index":"index","follow":"follow","max-snippet":"max-snippet:-1","max-image-preview":"max-image-preview:large","max-video-preview":"max-video-preview:-1"},"canonical":"https:\/\/mharbu.com\/en\/pece-kuze\/","og_locale":"en_GB","og_type":"article","og_title":"P\u00e9\u010de o k\u016f\u017ei - mharbu","og_description":"P\u00e9\u010de o k\u016f\u017ei a voskovan\u00e9 pl\u00e1tno P\u00e9\u010de o k\u016f\u017ei a voskovan\u00e9 pl\u00e1tno K\u016f\u017ee je \u017eiv\u00fd materi\u00e1l. \u010casem chyt\u00e1 patinu, zm\u011bkne a za\u010dne vypr\u00e1v\u011bt tvoje p\u0159\u00edb\u011bhy. Sta\u010d\u00ed p\u00e1r jednoduch\u00fdch krok\u016f a tv\u016fj kousek bude s&nbsp;v\u011bkem jen hez\u010d\u00ed. \ud83c\udf43\u2728 \ud83c\udf42 K\u016f\u017ee st\u00e1rne do kr\u00e1syJemn\u00e9 \u0161kr\u00e1bance nebo zm\u011bna odst\u00ednu jsou norm\u00e1ln\u00ed. \u010casto sta\u010d\u00ed p\u0159et\u0159\u00edt prstem nebo m\u011bkk\u00fdm had\u0159\u00edkem [&hellip;]","og_url":"https:\/\/mharbu.com\/en\/pece-kuze\/","og_site_name":"mharbu","article_modified_time":"2026-02-11T16:06:53+00:00","twitter_card":"summary_large_image","twitter_misc":{"Estimated reading time":"3 minutes"},"schema":{"@context":"https:\/\/schema.org","@graph":[{"@type":"WebPage","@id":"https:\/\/mharbu.com\/pece-kuze\/","url":"https:\/\/mharbu.com\/pece-kuze\/","name":"P\u00e9\u010de o k\u016f\u017ei - mharbu","isPartOf":{"@id":"https:\/\/mharbu.com\/#website"},"datePublished":"2026-02-09T11:49:21+00:00","dateModified":"2026-02-11T16:06:53+00:00","breadcrumb":{"@id":"https:\/\/mharbu.com\/pece-kuze\/#breadcrumb"},"inLanguage":"en-GB","potentialAction":[{"@type":"ReadAction","target":["https:\/\/mharbu.com\/pece-kuze\/"]}]},{"@type":"BreadcrumbList","@id":"https:\/\/mharbu.com\/pece-kuze\/#breadcrumb","itemListElement":[{"@type":"ListItem","position":1,"name":"Dom\u016f","item":"https:\/\/mharbu.com\/"},{"@type":"ListItem","position":2,"name":"P\u00e9\u010de o k\u016f\u017ei"}]},{"@type":"WebSite","@id":"https:\/\/mharbu.com\/#website","url":"https:\/\/mharbu.com\/","name":"mharbu","description":"Luggage for travelers through worlds and time","publisher":{"@id":"https:\/\/mharbu.com\/#organization"},"potentialAction":[{"@type":"SearchAction","target":{"@type":"EntryPoint","urlTemplate":"https:\/\/mharbu.com\/?s={search_term_string}"},"query-input":{"@type":"PropertyValueSpecification","valueRequired":true,"valueName":"search_term_string"}}],"inLanguage":"en-GB"},{"@type":"Organization","@id":"https:\/\/mharbu.com\/#organization","name":"mharbu","url":"https:\/\/mharbu.com\/","logo":{"@type":"ImageObject","inLanguage":"en-GB","@id":"https:\/\/mharbu.com\/#\/schema\/logo\/image\/","url":"https:\/\/mharbu.com\/wp-content\/uploads\/2024\/07\/cropped-logodlouhe-2.png","contentUrl":"https:\/\/mharbu.com\/wp-content\/uploads\/2024\/07\/cropped-logodlouhe-2.png","width":183,"height":50,"caption":"mharbu"},"image":{"@id":"https:\/\/mharbu.com\/#\/schema\/logo\/image\/"}}]}},"_links":{"self":[{"href":"https:\/\/mharbu.com\/en\/wp-json\/wp\/v2\/pages\/1522","targetHints":{"allow":["GET"]}}],"collection":[{"href":"https:\/\/mharbu.com\/en\/wp-json\/wp\/v2\/pages"}],"about":[{"href":"https:\/\/mharbu.com\/en\/wp-json\/wp\/v2\/types\/page"}],"author":[{"embeddable":true,"href":"https:\/\/mharbu.com\/en\/wp-json\/wp\/v2\/users\/1"}],"replies":[{"embeddable":true,"href":"https:\/\/mharbu.com\/en\/wp-json\/wp\/v2\/comments?post=1522"}],"version-history":[{"count":0,"href":"https:\/\/mharbu.com\/en\/wp-json\/wp\/v2\/pages\/1522\/revisions"}],"wp:attachment":[{"href":"https:\/\/mharbu.com\/en\/wp-json\/wp\/v2\/media?parent=1522"}],"curies":[{"name":"wp","href":"https:\/\/api.w.org\/{rel}","templated":true}]}}