{"id":163,"date":"2024-07-21T21:03:25","date_gmt":"2024-07-21T19:03:25","guid":{"rendered":"https:\/\/mharbu.com\/?page_id=163"},"modified":"2026-02-12T22:46:33","modified_gmt":"2026-02-12T21:46:33","slug":"doprava-a-platba","status":"publish","type":"page","link":"https:\/\/mharbu.com\/en\/doprava-a-platba\/","title":{"rendered":"Shipping and Payment info"},"content":{"rendered":"<h1>Delivery time, shipping and payment. Christmas\/Solstice gifts or any other end-of-year holiday should be ordered by 25.11.2024. Delivery time can now be up to 4 weeks \u2013 please keep this in mind when placing orders.<\/h1>\n<p><strong>Term\u00edn dod\u00e1n\u00ed je b\u011b\u017en\u011b 2\u20133 t\u00fddny<\/strong>, proto\u017ee v\u011bt\u0161inu v\u011bc\u00ed vyr\u00e1b\u00edm a\u017e po objedn\u00e1n\u00ed. Pokud pot\u0159ebujete n\u011bco d\u0159\u00edv, napi\u0161te mi a \u0159eknu na rovinu, jestli to jde stihnout. \u2728<\/p>\n<p>Mo\u017enosti dopravy se zobraz\u00ed podle zem\u011b v&nbsp;adrese v&nbsp;pokladn\u011b.<\/p>\n<h2>Doprava<\/h2>\n<h3>\ud83c\udde8\ud83c\uddff \u010cesk\u00e1 republika<\/h3>\n<table>\n<tbody>\n<tr>\n<td>Z\u00e1silkovna<\/td>\n<td>V\u00fddejn\u00ed m\u00edsta (Z-Point, Z-Box, AlzaBox)<\/td>\n<td>89&nbsp;K\u010d<\/td>\n<td>2&nbsp;000&nbsp;K\u010d<\/td>\n<\/tr>\n<tr>\n<td>Z\u00e1silkovna<\/td>\n<td>Doru\u010den\u00ed na adresu<\/td>\n<td>129&nbsp;K\u010d<\/td>\n<td>&#8212;<\/td>\n<\/tr>\n<tr>\n<td>PPL<\/td>\n<td>V\u00fddejn\u00ed m\u00edsto \/ ParcelBox<\/td>\n<td>79&nbsp;K\u010d<\/td>\n<td>2&nbsp;000&nbsp;K\u010d<\/td>\n<\/tr>\n<tr>\n<td>PPL<\/td>\n<td>Doru\u010den\u00ed na adresu<\/td>\n<td>119&nbsp;K\u010d<\/td>\n<td>&#8212;<\/td>\n<\/tr>\n<\/tbody>\n<\/table>\n<h3>\ud83c\uddf8\ud83c\uddf0 Slovensko<\/h3>\n<table>\n<tbody>\n<tr>\n<td>Z\u00e1silkovna<\/td>\n<td>V\u00fddejn\u00ed m\u00edsta (Z-Point, Z-Box)<\/td>\n<td>119&nbsp;K\u010d<\/td>\n<td>3&nbsp;000&nbsp;K\u010d<\/td>\n<\/tr>\n<tr>\n<td>Z\u00e1silkovna<\/td>\n<td>Doru\u010den\u00ed na adresu (Packeta Home)<\/td>\n<td>199&nbsp;K\u010d<\/td>\n<td>&#8212;<\/td>\n<\/tr>\n<tr>\n<td>PPL<\/td>\n<td>V\u00fddejn\u00ed m\u00edsta<\/td>\n<td>119&nbsp;K\u010d<\/td>\n<td>3&nbsp;000&nbsp;K\u010d<\/td>\n<\/tr>\n<tr>\n<td>PPL<\/td>\n<td>Doru\u010den\u00ed na adresu<\/td>\n<td>189&nbsp;K\u010d<\/td>\n<td>&#8212;<\/td>\n<\/tr>\n<\/tbody>\n<\/table>\n<h3>\ud83c\udf0d Europe (outside CZ\/SK)<\/h3>\n<p><em>For international shipping to other realms, please contact me at mieren@mharbu.com. I will gladly assist you in ensuring your treasures reach other corners of the world.<\/em><\/p>\n<table>\n<tbody>\n<tr>\n<td>\ud83c\udde7\ud83c\uddec Bulgaria (BG)<\/td>\n<td>BoxNow parcel locker<\/td>\n<td>170&nbsp;K\u010d<\/td>\n<\/tr>\n<tr>\n<td>\ud83c\udde7\ud83c\uddec Bulgaria (BG)<\/td>\n<td>Home delivery<\/td>\n<td>230&nbsp;K\u010d<\/td>\n<\/tr>\n<tr>\n<td>\ud83c\udded\ud83c\uddf7 Croatia (HR)<\/td>\n<td>BoxNow parcel locker<\/td>\n<td>170&nbsp;K\u010d<\/td>\n<\/tr>\n<tr>\n<td>\ud83c\udded\ud83c\uddf7 Croatia (HR)<\/td>\n<td>Home delivery (Croatian Post)<\/td>\n<td>230&nbsp;K\u010d<\/td>\n<\/tr>\n<tr>\n<td>\ud83c\uddf5\ud83c\uddf1 Poland (PL)<\/td>\n<td>InPost parcel lockers<\/td>\n<td>170&nbsp;K\u010d<\/td>\n<\/tr>\n<tr>\n<td>\ud83c\uddf5\ud83c\uddf1 Poland (PL)<\/td>\n<td>Home delivery<\/td>\n<td>230&nbsp;K\u010d<\/td>\n<\/tr>\n<tr>\n<td>\ud83c\udde9\ud83c\uddea Germany (DE)<\/td>\n<td>Home delivery (Hermes)<\/td>\n<td>290&nbsp;K\u010d<\/td>\n<\/tr>\n<tr>\n<td>\ud83c\uddea\ud83c\uddf8 Spain (ES)<\/td>\n<td>Home delivery (MRW)<\/td>\n<td>290&nbsp;K\u010d<\/td>\n<\/tr>\n<tr>\n<td>\ud83c\uddee\ud83c\uddf9 Italy (IT)<\/td>\n<td>Home delivery (Italian Post)<\/td>\n<td>290&nbsp;K\u010d<\/td>\n<\/tr>\n<tr>\n<td>\ud83c\udde6\ud83c\uddf9 Austria (AT)<\/td>\n<td>Home delivery (DPD)<\/td>\n<td>290&nbsp;K\u010d<\/td>\n<\/tr>\n<\/tbody>\n<\/table>\n<h2>Platba<\/h2>\n<ul>\n<li><strong>Bankovn\u00ed p\u0159evod<\/strong> (v\u010detn\u011b QR k\u00f3du pro snadnou platbu).<\/li>\n<li><strong>Platba kartou online<\/strong>.<\/li>\n<\/ul>\n<p>Praktick\u00e9 informace<\/p>\n<ul>\n<li>O odesl\u00e1n\u00ed v\u017edy dostanete potvrzen\u00ed a (pokud je dostupn\u00e9) sledovac\u00ed odkaz.<\/li>\n<li>Doprava zdarma se po\u010d\u00edt\u00e1 z&nbsp;hodnoty zbo\u017e\u00ed v&nbsp;ko\u0161\u00edku (bez ceny dopravy).<\/li>\n<li>Pokud pot\u0159ebujete doru\u010den\u00ed do konkr\u00e9tn\u00edho term\u00ednu, napi\u0161te mi p\u0159edem.<\/li>\n<\/ul>\n<p>M\u00e1\u0161 ot\u00e1zky?<\/p>\n<p>Napi\u0161 mi a vy\u0159e\u0161\u00edme to. \u2728<\/p>\n<p>Je\u0161t\u011b nem\u00e1\u0161 vybr\u00e1no?<\/p>\n<div class=\"wp-block-button is-style-fill\">\n  <a class=\"wp-block-button__link has-white-color has-text-color has-background has-link-color wp-element-button\"\n     style=\"background-color: #590000; font-style: normal; font-weight: bold;\"\n     href=\"\/en\/obchod\/\"><br \/>\n    POD\u00cdVAT SE DO OBCHODU<br \/>\n  <\/a>\n<\/div>","protected":false},"excerpt":{"rendered":"<p>Doba dod\u00e1n\u00ed, doprava a platba Term\u00edn dod\u00e1n\u00ed je b\u011b\u017en\u011b 2\u20133 t\u00fddny, proto\u017ee v\u011bt\u0161inu v\u011bc\u00ed vyr\u00e1b\u00edm a\u017e po objedn\u00e1n\u00ed. Pokud pot\u0159ebujete n\u011bco d\u0159\u00edv, napi\u0161te mi a \u0159eknu na rovinu, jestli to jde stihnout. \u2728 Mo\u017enosti dopravy se zobraz\u00ed podle zem\u011b v&nbsp;adrese v&nbsp;pokladn\u011b. Doprava \ud83c\udde8\ud83c\uddff \u010cesk\u00e1 republika Z\u00e1silkovna V\u00fddejn\u00ed m\u00edsta (Z-Point, Z-Box, AlzaBox) 89&nbsp;K\u010d 2&nbsp;000&nbsp;K\u010d Z\u00e1silkovna Doru\u010den\u00ed [&hellip;]<\/p>\n","protected":false},"author":1,"featured_media":0,"parent":0,"menu_order":0,"comment_status":"closed","ping_status":"closed","template":"","meta":{"ocean_post_layout":"full-width","ocean_both_sidebars_style":"","ocean_both_sidebars_content_width":0,"ocean_both_sidebars_sidebars_width":0,"ocean_sidebar":"0","ocean_second_sidebar":"0","ocean_disable_margins":"enable","ocean_add_body_class":"","ocean_shortcode_before_top_bar":"","ocean_shortcode_after_top_bar":"","ocean_shortcode_before_header":"","ocean_shortcode_after_header":"","ocean_has_shortcode":"","ocean_shortcode_after_title":"","ocean_shortcode_before_footer_widgets":"","ocean_shortcode_after_footer_widgets":"","ocean_shortcode_before_footer_bottom":"","ocean_shortcode_after_footer_bottom":"","ocean_display_top_bar":"default","ocean_display_header":"default","ocean_header_style":"","ocean_center_header_left_menu":"0","ocean_custom_header_template":"0","ocean_custom_logo":0,"ocean_custom_retina_logo":0,"ocean_custom_logo_max_width":0,"ocean_custom_logo_tablet_max_width":0,"ocean_custom_logo_mobile_max_width":0,"ocean_custom_logo_max_height":0,"ocean_custom_logo_tablet_max_height":0,"ocean_custom_logo_mobile_max_height":0,"ocean_header_custom_menu":"0","ocean_menu_typo_font_family":"0","ocean_menu_typo_font_subset":"","ocean_menu_typo_font_size":0,"ocean_menu_typo_font_size_tablet":0,"ocean_menu_typo_font_size_mobile":0,"ocean_menu_typo_font_size_unit":"px","ocean_menu_typo_font_weight":"","ocean_menu_typo_font_weight_tablet":"","ocean_menu_typo_font_weight_mobile":"","ocean_menu_typo_transform":"","ocean_menu_typo_transform_tablet":"","ocean_menu_typo_transform_mobile":"","ocean_menu_typo_line_height":0,"ocean_menu_typo_line_height_tablet":0,"ocean_menu_typo_line_height_mobile":0,"ocean_menu_typo_line_height_unit":"","ocean_menu_typo_spacing":0,"ocean_menu_typo_spacing_tablet":0,"ocean_menu_typo_spacing_mobile":0,"ocean_menu_typo_spacing_unit":"","ocean_menu_link_color":"","ocean_menu_link_color_hover":"","ocean_menu_link_color_active":"","ocean_menu_link_background":"","ocean_menu_link_hover_background":"","ocean_menu_link_active_background":"","ocean_menu_social_links_bg":"","ocean_menu_social_hover_links_bg":"","ocean_menu_social_links_color":"","ocean_menu_social_hover_links_color":"","ocean_disable_title":"default","ocean_disable_heading":"default","ocean_post_title":"","ocean_post_subheading":"","ocean_post_title_style":"","ocean_post_title_background_color":"","ocean_post_title_background":0,"ocean_post_title_bg_image_position":"","ocean_post_title_bg_image_attachment":"","ocean_post_title_bg_image_repeat":"","ocean_post_title_bg_image_size":"","ocean_post_title_height":0,"ocean_post_title_bg_overlay":0.5,"ocean_post_title_bg_overlay_color":"","ocean_disable_breadcrumbs":"default","ocean_breadcrumbs_color":"","ocean_breadcrumbs_separator_color":"","ocean_breadcrumbs_links_color":"","ocean_breadcrumbs_links_hover_color":"","ocean_display_footer_widgets":"default","ocean_display_footer_bottom":"default","ocean_custom_footer_template":"0","footnotes":""},"class_list":["post-163","page","type-page","status-publish","hentry","entry","owp-thumbs-layout-horizontal","owp-btn-very-big","owp-tabs-layout-horizontal","has-no-thumbnails"],"yoast_head":"<!-- This site is optimized with the Yoast SEO plugin v27.3 - https:\/\/yoast.com\/product\/yoast-seo-wordpress\/ -->\n<title>Doprava a platba - mharbu<\/title>\n<meta name=\"description\" content=\"Informace o doprav\u011b a platb\u011b v e-shopu Mharbu. Z\u00e1silkovna, \u010cesk\u00e1 po\u0161ta, GoPay. Doprava zdarma od ur\u010dit\u00e9 \u010d\u00e1stky.\" \/>\n<meta name=\"robots\" content=\"index, follow, max-snippet:-1, max-image-preview:large, max-video-preview:-1\" \/>\n<link rel=\"canonical\" href=\"https:\/\/mharbu.com\/en\/doprava-a-platba\/\" \/>\n<meta property=\"og:locale\" content=\"en_GB\" \/>\n<meta property=\"og:type\" content=\"article\" \/>\n<meta property=\"og:title\" content=\"Doprava a platba - mharbu\" \/>\n<meta property=\"og:description\" content=\"Informace o doprav\u011b a platb\u011b v e-shopu Mharbu. Z\u00e1silkovna, \u010cesk\u00e1 po\u0161ta, GoPay. Doprava zdarma od ur\u010dit\u00e9 \u010d\u00e1stky.\" \/>\n<meta property=\"og:url\" content=\"https:\/\/mharbu.com\/en\/doprava-a-platba\/\" \/>\n<meta property=\"og:site_name\" content=\"mharbu\" \/>\n<meta property=\"article:modified_time\" content=\"2026-02-12T21:46:33+00:00\" \/>\n<meta name=\"twitter:card\" content=\"summary_large_image\" \/>\n<meta name=\"twitter:label1\" content=\"Estimated reading time\" \/>\n\t<meta name=\"twitter:data1\" content=\"2 minutes\" \/>\n<script type=\"application\/ld+json\" class=\"yoast-schema-graph\">{\"@context\":\"https:\\\/\\\/schema.org\",\"@graph\":[{\"@type\":\"WebPage\",\"@id\":\"https:\\\/\\\/mharbu.com\\\/doprava-a-platba\\\/\",\"url\":\"https:\\\/\\\/mharbu.com\\\/doprava-a-platba\\\/\",\"name\":\"Doprava a platba - mharbu\",\"isPartOf\":{\"@id\":\"https:\\\/\\\/mharbu.com\\\/#website\"},\"datePublished\":\"2024-07-21T19:03:25+00:00\",\"dateModified\":\"2026-02-12T21:46:33+00:00\",\"description\":\"Informace o doprav\u011b a platb\u011b v e-shopu Mharbu. Z\u00e1silkovna, \u010cesk\u00e1 po\u0161ta, GoPay. Doprava zdarma od ur\u010dit\u00e9 \u010d\u00e1stky.\",\"breadcrumb\":{\"@id\":\"https:\\\/\\\/mharbu.com\\\/doprava-a-platba\\\/#breadcrumb\"},\"inLanguage\":\"en-GB\",\"potentialAction\":[{\"@type\":\"ReadAction\",\"target\":[\"https:\\\/\\\/mharbu.com\\\/doprava-a-platba\\\/\"]}]},{\"@type\":\"BreadcrumbList\",\"@id\":\"https:\\\/\\\/mharbu.com\\\/doprava-a-platba\\\/#breadcrumb\",\"itemListElement\":[{\"@type\":\"ListItem\",\"position\":1,\"name\":\"Dom\u016f\",\"item\":\"https:\\\/\\\/mharbu.com\\\/\"},{\"@type\":\"ListItem\",\"position\":2,\"name\":\"Doprava a platba\"}]},{\"@type\":\"WebSite\",\"@id\":\"https:\\\/\\\/mharbu.com\\\/#website\",\"url\":\"https:\\\/\\\/mharbu.com\\\/\",\"name\":\"mharbu\",\"description\":\"Zavazadla pro cestovatele sv\u011bty a \u010dasem\",\"publisher\":{\"@id\":\"https:\\\/\\\/mharbu.com\\\/#organization\"},\"potentialAction\":[{\"@type\":\"SearchAction\",\"target\":{\"@type\":\"EntryPoint\",\"urlTemplate\":\"https:\\\/\\\/mharbu.com\\\/?s={search_term_string}\"},\"query-input\":{\"@type\":\"PropertyValueSpecification\",\"valueRequired\":true,\"valueName\":\"search_term_string\"}}],\"inLanguage\":\"en-GB\"},{\"@type\":\"Organization\",\"@id\":\"https:\\\/\\\/mharbu.com\\\/#organization\",\"name\":\"mharbu\",\"url\":\"https:\\\/\\\/mharbu.com\\\/\",\"logo\":{\"@type\":\"ImageObject\",\"inLanguage\":\"en-GB\",\"@id\":\"https:\\\/\\\/mharbu.com\\\/#\\\/schema\\\/logo\\\/image\\\/\",\"url\":\"https:\\\/\\\/mharbu.com\\\/wp-content\\\/uploads\\\/2024\\\/07\\\/cropped-logodlouhe-2.png\",\"contentUrl\":\"https:\\\/\\\/mharbu.com\\\/wp-content\\\/uploads\\\/2024\\\/07\\\/cropped-logodlouhe-2.png\",\"width\":183,\"height\":50,\"caption\":\"mharbu\"},\"image\":{\"@id\":\"https:\\\/\\\/mharbu.com\\\/#\\\/schema\\\/logo\\\/image\\\/\"}}]}<\/script>\n<!-- \/ Yoast SEO plugin. -->","yoast_head_json":{"title":"Doprava a platba - mharbu","description":"Shipping and payment information for Mharbu e-shop. Packeta, Czech Post, GoPay. Free shipping from a certain amount.","robots":{"index":"index","follow":"follow","max-snippet":"max-snippet:-1","max-image-preview":"max-image-preview:large","max-video-preview":"max-video-preview:-1"},"canonical":"https:\/\/mharbu.com\/en\/doprava-a-platba\/","og_locale":"en_GB","og_type":"article","og_title":"Doprava a platba - mharbu","og_description":"Informace o doprav\u011b a platb\u011b v e-shopu Mharbu. Z\u00e1silkovna, \u010cesk\u00e1 po\u0161ta, GoPay. Doprava zdarma od ur\u010dit\u00e9 \u010d\u00e1stky.","og_url":"https:\/\/mharbu.com\/en\/doprava-a-platba\/","og_site_name":"mharbu","article_modified_time":"2026-02-12T21:46:33+00:00","twitter_card":"summary_large_image","twitter_misc":{"Estimated reading time":"2 minutes"},"schema":{"@context":"https:\/\/schema.org","@graph":[{"@type":"WebPage","@id":"https:\/\/mharbu.com\/doprava-a-platba\/","url":"https:\/\/mharbu.com\/doprava-a-platba\/","name":"Doprava a platba - mharbu","isPartOf":{"@id":"https:\/\/mharbu.com\/#website"},"datePublished":"2024-07-21T19:03:25+00:00","dateModified":"2026-02-12T21:46:33+00:00","description":"Shipping and payment information for Mharbu e-shop. Packeta, Czech Post, GoPay. Free shipping from a certain amount.","breadcrumb":{"@id":"https:\/\/mharbu.com\/doprava-a-platba\/#breadcrumb"},"inLanguage":"en-GB","potentialAction":[{"@type":"ReadAction","target":["https:\/\/mharbu.com\/doprava-a-platba\/"]}]},{"@type":"BreadcrumbList","@id":"https:\/\/mharbu.com\/doprava-a-platba\/#breadcrumb","itemListElement":[{"@type":"ListItem","position":1,"name":"Dom\u016f","item":"https:\/\/mharbu.com\/"},{"@type":"ListItem","position":2,"name":"Doprava a platba"}]},{"@type":"WebSite","@id":"https:\/\/mharbu.com\/#website","url":"https:\/\/mharbu.com\/","name":"mharbu","description":"Luggage for travelers through worlds and time","publisher":{"@id":"https:\/\/mharbu.com\/#organization"},"potentialAction":[{"@type":"SearchAction","target":{"@type":"EntryPoint","urlTemplate":"https:\/\/mharbu.com\/?s={search_term_string}"},"query-input":{"@type":"PropertyValueSpecification","valueRequired":true,"valueName":"search_term_string"}}],"inLanguage":"en-GB"},{"@type":"Organization","@id":"https:\/\/mharbu.com\/#organization","name":"mharbu","url":"https:\/\/mharbu.com\/","logo":{"@type":"ImageObject","inLanguage":"en-GB","@id":"https:\/\/mharbu.com\/#\/schema\/logo\/image\/","url":"https:\/\/mharbu.com\/wp-content\/uploads\/2024\/07\/cropped-logodlouhe-2.png","contentUrl":"https:\/\/mharbu.com\/wp-content\/uploads\/2024\/07\/cropped-logodlouhe-2.png","width":183,"height":50,"caption":"mharbu"},"image":{"@id":"https:\/\/mharbu.com\/#\/schema\/logo\/image\/"}}]}},"_links":{"self":[{"href":"https:\/\/mharbu.com\/en\/wp-json\/wp\/v2\/pages\/163","targetHints":{"allow":["GET"]}}],"collection":[{"href":"https:\/\/mharbu.com\/en\/wp-json\/wp\/v2\/pages"}],"about":[{"href":"https:\/\/mharbu.com\/en\/wp-json\/wp\/v2\/types\/page"}],"author":[{"embeddable":true,"href":"https:\/\/mharbu.com\/en\/wp-json\/wp\/v2\/users\/1"}],"replies":[{"embeddable":true,"href":"https:\/\/mharbu.com\/en\/wp-json\/wp\/v2\/comments?post=163"}],"version-history":[{"count":0,"href":"https:\/\/mharbu.com\/en\/wp-json\/wp\/v2\/pages\/163\/revisions"}],"wp:attachment":[{"href":"https:\/\/mharbu.com\/en\/wp-json\/wp\/v2\/media?parent=163"}],"curies":[{"name":"wp","href":"https:\/\/api.w.org\/{rel}","templated":true}]}}