{"id":80,"date":"2024-07-21T17:29:57","date_gmt":"2024-07-21T15:29:57","guid":{"rendered":"https:\/\/mharbu.com\/?page_id=80"},"modified":"2026-02-09T10:41:35","modified_gmt":"2026-02-09T09:41:35","slug":"o-mne","status":"publish","type":"page","link":"https:\/\/mharbu.com\/en\/o-mne\/","title":{"rendered":"About me"},"content":{"rendered":"<h3 data-start=\"0\" data-end=\"749\">About mharbu<\/h3>\r\n<p data-start=\"0\" data-end=\"749\">Half-elf Mieren makes bags and pouches for everyday use in her small workshop on the edge of town, where the evening light breaks differently, colors play differently, and ancient legends whisper. Mieren comes from the island of Mharbu and has only been in the city for a short while. She's discovered that locals have a peculiar relationship with simple things. They often don't notice a detail until they hold it in their hands. Yet it's the detail that determines whether a bag is comfortable to wear all day, whether a coin purse fits just right in your palm, whether it can be fastened even blindfolded...<\/p>\r\n<p data-start=\"0\" data-end=\"749\">When not working on crafts, in the evenings she sits with dwarves at the tavern discussing what's happening, who's wandering where, what's new on the trails and whether dragons are really coming back, or if it's just another story that changes a bit with each telling.<\/p>\r\n<h2 data-start=\"0\" data-end=\"749\">About me<\/h2>\r\n<p>My parents actually named me Mark\u00e9ta and I create mostly without magic, just with two hands. In my work, I like to combine various craft and artistic techniques to create pieces that can be (more or less) a portal to another world where you might meet elves, dwarves, perhaps hobbits, and occasionally a dragon. I mainly make bags, coin purses and various accessories for those who like to keep a small reference to their favorite worlds in color or shape in their everyday life.<\/p>\r\n<p>I work with vegetable-tanned leather (the most ecological way of tanning leather), which I hand-dye, and sometimes combine with waxed canvas. I make each piece slowly and carefully so it works well and lasts. If you want to adjust something or come up with something from scratch, I do modifications of my designs and custom orders completely from scratch according to your honored ideas. mharbu is an acronym of my name and my reminder that even without magic you can make things that have a special spark.<\/p>\r\n<p>&#8230; a <em><strong>mharbu<\/strong><\/em> is simply an acronym of my name.<\/p>\r\n<h1 class=\"wp-block-heading\"><img data-dominant-color=\"8a6d51\" data-has-transparency=\"false\" style=\"--dominant-color: #8a6d51;\" fetchpriority=\"high\" decoding=\"async\" class=\"alignnone size-medium wp-image-1042 not-transparent\" src=\"https:\/\/mharbu.com\/wp-content\/uploads\/2026\/01\/retouch_svetr-200x300.webp\" alt=\"\" width=\"200\" height=\"300\" srcset=\"https:\/\/mharbu.com\/wp-content\/uploads\/2026\/01\/retouch_svetr-200x300.webp 200w, https:\/\/mharbu.com\/wp-content\/uploads\/2026\/01\/retouch_svetr-683x1024.webp 683w, https:\/\/mharbu.com\/wp-content\/uploads\/2026\/01\/retouch_svetr-768x1152.webp 768w, https:\/\/mharbu.com\/wp-content\/uploads\/2026\/01\/retouch_svetr-8x12.webp 8w, https:\/\/mharbu.com\/wp-content\/uploads\/2026\/01\/retouch_svetr-600x900.webp 600w, https:\/\/mharbu.com\/wp-content\/uploads\/2026\/01\/retouch_svetr.webp 1024w\" sizes=\"(max-width: 200px) 100vw, 200px\" \/><\/h1>\r\n<h3 class=\"wp-block-heading\"><strong>Connection to the Human Realm<\/strong><\/h3>\r\n<p>Want to stay in touch? I\u2019d love to hear your stories on <a href=\"https:\/\/instagram.com\/_mharbu\" target=\"_blank\" rel=\"noopener noreferrer nofollow\">Instagram<\/a>.<\/p>\r\n<div class=\"wp-block-buttons\">\r\n<div class=\"wp-block-button\" style=\"text-transform: uppercase;\"><a class=\"wp-block-button__link has-text-color has-background has-link-color has-text-align-center wp-element-button\" style=\"color: #fefaf9; background-color: #590000;\" href=\"https:\/\/mharbu.com\/en\/obchod\/\">I'll take a look in the shop<\/a><\/div>\r\n<\/div>\r\n<!-- \/wp:post-content -->\r\n\r\n<!-- wp:heading -->\r\n<h2 class=\"wp-block-heading\">\u00a0<\/h2>\r\n<!-- \/wp:heading -->","protected":false},"excerpt":{"rendered":"<p>O mharbu P\u016flelfka Mieren vyr\u00e1b\u00ed bra\u0161ny a bra\u0161ni\u010dky pro ka\u017ed\u00fd den ve sv\u00e9 mal\u00e9 d\u00edln\u011b na kraji m\u011bsta, tam, kde se ve\u010der sv\u011btlo l\u00e1me trochu jinak, barvy jinak hraj\u00ed a \u0161eptaj\u00ed tam starod\u00e1vn\u00e9 legendy. Mieren poch\u00e1z\u00ed z&nbsp;ostrova Mharbu a ve m\u011bst\u011b je teprve chv\u00edli. Zjistila, \u017ee m\u00edstn\u00ed maj\u00ed zvl\u00e1\u0161tn\u00ed vztah k&nbsp;jednoduch\u00fdm v\u011bcem. \u010casto si nev\u0161imnou [&hellip;]<\/p>\n","protected":false},"author":1,"featured_media":0,"parent":0,"menu_order":0,"comment_status":"closed","ping_status":"closed","template":"","meta":{"ocean_post_layout":"full-width","ocean_both_sidebars_style":"","ocean_both_sidebars_content_width":0,"ocean_both_sidebars_sidebars_width":0,"ocean_sidebar":"0","ocean_second_sidebar":"0","ocean_disable_margins":"enable","ocean_add_body_class":"","ocean_shortcode_before_top_bar":"","ocean_shortcode_after_top_bar":"","ocean_shortcode_before_header":"","ocean_shortcode_after_header":"","ocean_has_shortcode":"","ocean_shortcode_after_title":"","ocean_shortcode_before_footer_widgets":"","ocean_shortcode_after_footer_widgets":"","ocean_shortcode_before_footer_bottom":"","ocean_shortcode_after_footer_bottom":"","ocean_display_top_bar":"default","ocean_display_header":"default","ocean_header_style":"","ocean_center_header_left_menu":"0","ocean_custom_header_template":"0","ocean_custom_logo":0,"ocean_custom_retina_logo":0,"ocean_custom_logo_max_width":0,"ocean_custom_logo_tablet_max_width":0,"ocean_custom_logo_mobile_max_width":0,"ocean_custom_logo_max_height":0,"ocean_custom_logo_tablet_max_height":0,"ocean_custom_logo_mobile_max_height":0,"ocean_header_custom_menu":"0","ocean_menu_typo_font_family":"0","ocean_menu_typo_font_subset":"","ocean_menu_typo_font_size":0,"ocean_menu_typo_font_size_tablet":0,"ocean_menu_typo_font_size_mobile":0,"ocean_menu_typo_font_size_unit":"px","ocean_menu_typo_font_weight":"","ocean_menu_typo_font_weight_tablet":"","ocean_menu_typo_font_weight_mobile":"","ocean_menu_typo_transform":"","ocean_menu_typo_transform_tablet":"","ocean_menu_typo_transform_mobile":"","ocean_menu_typo_line_height":0,"ocean_menu_typo_line_height_tablet":0,"ocean_menu_typo_line_height_mobile":0,"ocean_menu_typo_line_height_unit":"","ocean_menu_typo_spacing":0,"ocean_menu_typo_spacing_tablet":0,"ocean_menu_typo_spacing_mobile":0,"ocean_menu_typo_spacing_unit":"","ocean_menu_link_color":"","ocean_menu_link_color_hover":"","ocean_menu_link_color_active":"","ocean_menu_link_background":"","ocean_menu_link_hover_background":"","ocean_menu_link_active_background":"","ocean_menu_social_links_bg":"","ocean_menu_social_hover_links_bg":"","ocean_menu_social_links_color":"","ocean_menu_social_hover_links_color":"","ocean_disable_title":"default","ocean_disable_heading":"default","ocean_post_title":"","ocean_post_subheading":"","ocean_post_title_style":"","ocean_post_title_background_color":"","ocean_post_title_background":0,"ocean_post_title_bg_image_position":"","ocean_post_title_bg_image_attachment":"","ocean_post_title_bg_image_repeat":"","ocean_post_title_bg_image_size":"","ocean_post_title_height":0,"ocean_post_title_bg_overlay":0.5,"ocean_post_title_bg_overlay_color":"","ocean_disable_breadcrumbs":"default","ocean_breadcrumbs_color":"","ocean_breadcrumbs_separator_color":"","ocean_breadcrumbs_links_color":"","ocean_breadcrumbs_links_hover_color":"","ocean_display_footer_widgets":"default","ocean_display_footer_bottom":"default","ocean_custom_footer_template":"0","footnotes":""},"class_list":["post-80","page","type-page","status-publish","hentry","entry","owp-thumbs-layout-horizontal","owp-btn-very-big","owp-tabs-layout-horizontal","has-no-thumbnails"],"yoast_head":"<!-- This site is optimized with the Yoast SEO plugin v27.3 - https:\/\/yoast.com\/product\/yoast-seo-wordpress\/ -->\n<title>O mn\u011b - mharbu<\/title>\n<meta name=\"description\" content=\"Poznejte p\u0159\u00edb\u011bh Mharbu - mal\u00e9 \u010desk\u00e9 d\u00edlny na ru\u010dn\u011b vyr\u00e1b\u011bn\u00e9 ko\u017een\u00e9 kabelky a dopl\u0148ky. Elf\u00ed design, t\u0159\u00edslo\u010din\u011bn\u00e1 hov\u011bz\u00ed k\u016f\u017ee, l\u00e1ska k \u0159emeslu.\" \/>\n<meta name=\"robots\" content=\"index, follow, max-snippet:-1, max-image-preview:large, max-video-preview:-1\" \/>\n<link rel=\"canonical\" href=\"https:\/\/mharbu.com\/en\/o-mne\/\" \/>\n<meta property=\"og:locale\" content=\"en_GB\" \/>\n<meta property=\"og:type\" content=\"article\" \/>\n<meta property=\"og:title\" content=\"O mn\u011b - mharbu\" \/>\n<meta property=\"og:description\" content=\"Poznejte p\u0159\u00edb\u011bh Mharbu - mal\u00e9 \u010desk\u00e9 d\u00edlny na ru\u010dn\u011b vyr\u00e1b\u011bn\u00e9 ko\u017een\u00e9 kabelky a dopl\u0148ky. Elf\u00ed design, t\u0159\u00edslo\u010din\u011bn\u00e1 hov\u011bz\u00ed k\u016f\u017ee, l\u00e1ska k \u0159emeslu.\" \/>\n<meta property=\"og:url\" content=\"https:\/\/mharbu.com\/en\/o-mne\/\" \/>\n<meta property=\"og:site_name\" content=\"mharbu\" \/>\n<meta property=\"article:modified_time\" content=\"2026-02-09T09:41:35+00:00\" \/>\n<meta property=\"og:image\" content=\"https:\/\/mharbu.com\/wp-content\/uploads\/2026\/01\/retouch_svetr.webp\" \/>\n\t<meta property=\"og:image:width\" content=\"1024\" \/>\n\t<meta property=\"og:image:height\" content=\"1536\" \/>\n\t<meta property=\"og:image:type\" content=\"image\/webp\" \/>\n<meta name=\"twitter:card\" content=\"summary_large_image\" \/>\n<meta name=\"twitter:label1\" content=\"Estimated reading time\" \/>\n\t<meta name=\"twitter:data1\" content=\"2 minutes\" \/>\n<script type=\"application\/ld+json\" class=\"yoast-schema-graph\">{\"@context\":\"https:\\\/\\\/schema.org\",\"@graph\":[{\"@type\":\"WebPage\",\"@id\":\"https:\\\/\\\/mharbu.com\\\/o-mne\\\/\",\"url\":\"https:\\\/\\\/mharbu.com\\\/o-mne\\\/\",\"name\":\"O mn\u011b - mharbu\",\"isPartOf\":{\"@id\":\"https:\\\/\\\/mharbu.com\\\/#website\"},\"primaryImageOfPage\":{\"@id\":\"https:\\\/\\\/mharbu.com\\\/o-mne\\\/#primaryimage\"},\"image\":{\"@id\":\"https:\\\/\\\/mharbu.com\\\/o-mne\\\/#primaryimage\"},\"thumbnailUrl\":\"https:\\\/\\\/mharbu.com\\\/wp-content\\\/uploads\\\/2026\\\/01\\\/retouch_svetr-200x300.webp\",\"datePublished\":\"2024-07-21T15:29:57+00:00\",\"dateModified\":\"2026-02-09T09:41:35+00:00\",\"description\":\"Poznejte p\u0159\u00edb\u011bh Mharbu - mal\u00e9 \u010desk\u00e9 d\u00edlny na ru\u010dn\u011b vyr\u00e1b\u011bn\u00e9 ko\u017een\u00e9 kabelky a dopl\u0148ky. Elf\u00ed design, t\u0159\u00edslo\u010din\u011bn\u00e1 hov\u011bz\u00ed k\u016f\u017ee, l\u00e1ska k \u0159emeslu.\",\"breadcrumb\":{\"@id\":\"https:\\\/\\\/mharbu.com\\\/o-mne\\\/#breadcrumb\"},\"inLanguage\":\"en-GB\",\"potentialAction\":[{\"@type\":\"ReadAction\",\"target\":[\"https:\\\/\\\/mharbu.com\\\/o-mne\\\/\"]}]},{\"@type\":\"ImageObject\",\"inLanguage\":\"en-GB\",\"@id\":\"https:\\\/\\\/mharbu.com\\\/o-mne\\\/#primaryimage\",\"url\":\"https:\\\/\\\/mharbu.com\\\/wp-content\\\/uploads\\\/2026\\\/01\\\/retouch_svetr-200x300.webp\",\"contentUrl\":\"https:\\\/\\\/mharbu.com\\\/wp-content\\\/uploads\\\/2026\\\/01\\\/retouch_svetr-200x300.webp\"},{\"@type\":\"BreadcrumbList\",\"@id\":\"https:\\\/\\\/mharbu.com\\\/o-mne\\\/#breadcrumb\",\"itemListElement\":[{\"@type\":\"ListItem\",\"position\":1,\"name\":\"Dom\u016f\",\"item\":\"https:\\\/\\\/mharbu.com\\\/\"},{\"@type\":\"ListItem\",\"position\":2,\"name\":\"O mn\u011b\"}]},{\"@type\":\"WebSite\",\"@id\":\"https:\\\/\\\/mharbu.com\\\/#website\",\"url\":\"https:\\\/\\\/mharbu.com\\\/\",\"name\":\"mharbu\",\"description\":\"Zavazadla pro cestovatele sv\u011bty a \u010dasem\",\"publisher\":{\"@id\":\"https:\\\/\\\/mharbu.com\\\/#organization\"},\"potentialAction\":[{\"@type\":\"SearchAction\",\"target\":{\"@type\":\"EntryPoint\",\"urlTemplate\":\"https:\\\/\\\/mharbu.com\\\/?s={search_term_string}\"},\"query-input\":{\"@type\":\"PropertyValueSpecification\",\"valueRequired\":true,\"valueName\":\"search_term_string\"}}],\"inLanguage\":\"en-GB\"},{\"@type\":\"Organization\",\"@id\":\"https:\\\/\\\/mharbu.com\\\/#organization\",\"name\":\"mharbu\",\"url\":\"https:\\\/\\\/mharbu.com\\\/\",\"logo\":{\"@type\":\"ImageObject\",\"inLanguage\":\"en-GB\",\"@id\":\"https:\\\/\\\/mharbu.com\\\/#\\\/schema\\\/logo\\\/image\\\/\",\"url\":\"https:\\\/\\\/mharbu.com\\\/wp-content\\\/uploads\\\/2024\\\/07\\\/cropped-logodlouhe-2.png\",\"contentUrl\":\"https:\\\/\\\/mharbu.com\\\/wp-content\\\/uploads\\\/2024\\\/07\\\/cropped-logodlouhe-2.png\",\"width\":183,\"height\":50,\"caption\":\"mharbu\"},\"image\":{\"@id\":\"https:\\\/\\\/mharbu.com\\\/#\\\/schema\\\/logo\\\/image\\\/\"}}]}<\/script>\n<!-- \/ Yoast SEO plugin. -->","yoast_head_json":{"title":"O mn\u011b - mharbu","description":"Discover the story of Mharbu - a small Czech workshop for handmade leather handbags and accessories. Elven design, vegetable-tanned cowhide, love for craft.","robots":{"index":"index","follow":"follow","max-snippet":"max-snippet:-1","max-image-preview":"max-image-preview:large","max-video-preview":"max-video-preview:-1"},"canonical":"https:\/\/mharbu.com\/en\/o-mne\/","og_locale":"en_GB","og_type":"article","og_title":"O mn\u011b - mharbu","og_description":"Poznejte p\u0159\u00edb\u011bh Mharbu - mal\u00e9 \u010desk\u00e9 d\u00edlny na ru\u010dn\u011b vyr\u00e1b\u011bn\u00e9 ko\u017een\u00e9 kabelky a dopl\u0148ky. Elf\u00ed design, t\u0159\u00edslo\u010din\u011bn\u00e1 hov\u011bz\u00ed k\u016f\u017ee, l\u00e1ska k \u0159emeslu.","og_url":"https:\/\/mharbu.com\/en\/o-mne\/","og_site_name":"mharbu","article_modified_time":"2026-02-09T09:41:35+00:00","og_image":[{"width":1024,"height":1536,"url":"https:\/\/mharbu.com\/wp-content\/uploads\/2026\/01\/retouch_svetr.webp","type":"image\/webp"}],"twitter_card":"summary_large_image","twitter_misc":{"Estimated reading time":"2 minutes"},"schema":{"@context":"https:\/\/schema.org","@graph":[{"@type":"WebPage","@id":"https:\/\/mharbu.com\/o-mne\/","url":"https:\/\/mharbu.com\/o-mne\/","name":"O mn\u011b - mharbu","isPartOf":{"@id":"https:\/\/mharbu.com\/#website"},"primaryImageOfPage":{"@id":"https:\/\/mharbu.com\/o-mne\/#primaryimage"},"image":{"@id":"https:\/\/mharbu.com\/o-mne\/#primaryimage"},"thumbnailUrl":"https:\/\/mharbu.com\/wp-content\/uploads\/2026\/01\/retouch_svetr-200x300.webp","datePublished":"2024-07-21T15:29:57+00:00","dateModified":"2026-02-09T09:41:35+00:00","description":"Discover the story of Mharbu - a small Czech workshop for handmade leather handbags and accessories. Elven design, vegetable-tanned cowhide, love for craft.","breadcrumb":{"@id":"https:\/\/mharbu.com\/o-mne\/#breadcrumb"},"inLanguage":"en-GB","potentialAction":[{"@type":"ReadAction","target":["https:\/\/mharbu.com\/o-mne\/"]}]},{"@type":"ImageObject","inLanguage":"en-GB","@id":"https:\/\/mharbu.com\/o-mne\/#primaryimage","url":"https:\/\/mharbu.com\/wp-content\/uploads\/2026\/01\/retouch_svetr-200x300.webp","contentUrl":"https:\/\/mharbu.com\/wp-content\/uploads\/2026\/01\/retouch_svetr-200x300.webp"},{"@type":"BreadcrumbList","@id":"https:\/\/mharbu.com\/o-mne\/#breadcrumb","itemListElement":[{"@type":"ListItem","position":1,"name":"Dom\u016f","item":"https:\/\/mharbu.com\/"},{"@type":"ListItem","position":2,"name":"O mn\u011b"}]},{"@type":"WebSite","@id":"https:\/\/mharbu.com\/#website","url":"https:\/\/mharbu.com\/","name":"mharbu","description":"Luggage for travelers through worlds and time","publisher":{"@id":"https:\/\/mharbu.com\/#organization"},"potentialAction":[{"@type":"SearchAction","target":{"@type":"EntryPoint","urlTemplate":"https:\/\/mharbu.com\/?s={search_term_string}"},"query-input":{"@type":"PropertyValueSpecification","valueRequired":true,"valueName":"search_term_string"}}],"inLanguage":"en-GB"},{"@type":"Organization","@id":"https:\/\/mharbu.com\/#organization","name":"mharbu","url":"https:\/\/mharbu.com\/","logo":{"@type":"ImageObject","inLanguage":"en-GB","@id":"https:\/\/mharbu.com\/#\/schema\/logo\/image\/","url":"https:\/\/mharbu.com\/wp-content\/uploads\/2024\/07\/cropped-logodlouhe-2.png","contentUrl":"https:\/\/mharbu.com\/wp-content\/uploads\/2024\/07\/cropped-logodlouhe-2.png","width":183,"height":50,"caption":"mharbu"},"image":{"@id":"https:\/\/mharbu.com\/#\/schema\/logo\/image\/"}}]}},"_links":{"self":[{"href":"https:\/\/mharbu.com\/en\/wp-json\/wp\/v2\/pages\/80","targetHints":{"allow":["GET"]}}],"collection":[{"href":"https:\/\/mharbu.com\/en\/wp-json\/wp\/v2\/pages"}],"about":[{"href":"https:\/\/mharbu.com\/en\/wp-json\/wp\/v2\/types\/page"}],"author":[{"embeddable":true,"href":"https:\/\/mharbu.com\/en\/wp-json\/wp\/v2\/users\/1"}],"replies":[{"embeddable":true,"href":"https:\/\/mharbu.com\/en\/wp-json\/wp\/v2\/comments?post=80"}],"version-history":[{"count":0,"href":"https:\/\/mharbu.com\/en\/wp-json\/wp\/v2\/pages\/80\/revisions"}],"wp:attachment":[{"href":"https:\/\/mharbu.com\/en\/wp-json\/wp\/v2\/media?parent=80"}],"curies":[{"name":"wp","href":"https:\/\/api.w.org\/{rel}","templated":true}]}}