{"id":1418,"date":"2026-02-03T22:57:52","date_gmt":"2026-02-03T21:57:52","guid":{"rendered":"https:\/\/mharbu.com\/?post_type=product&#038;p=1418"},"modified":"2026-02-07T20:21:40","modified_gmt":"2026-02-07T19:21:40","slug":"balzam-na-kuzi","status":"publish","type":"product","link":"https:\/\/mharbu.com\/en\/product\/balzam-na-kuzi\/","title":{"rendered":"Balz\u00e1m na k\u016f\u017ei 65 ml"},"content":{"rendered":"","protected":false},"excerpt":{"rendered":"<p>Balz\u00e1m na k\u016f\u017ei 65 ml z&nbsp;p\u0159\u00edrodn\u00edch olej\u016f s&nbsp;v\u010del\u00edm voskem a lanolinem. Vhodn\u00fd na hladkou k\u016f\u017ei (ne na nubuk, semi\u0161 a podobn\u00e9). V\u00fdsledek m\u00fdch vlastn\u00edch alchymystick\u00fdch pokus\u016f. Je balen\u00fd ve ve skleni\u010dce, obal je tedy pln\u011b recyklovateln\u00fd.<\/p>\n<p><strong>K zakoupen\u00ed pouze spolu s&nbsp;dal\u0161\u00edmi produkty.<\/strong><\/p>\n<p><strong data-start=\"173\" data-end=\"185\">Pou\u017eit\u00ed:<\/strong> nanes tenkou vrstvu na \u010distou a suchou k\u016f\u017ei, nech chv\u00edli vs\u00e1knout a pak p\u0159ele\u0161ti had\u0159\u00edkem.<\/p>\n<p>&nbsp;<\/p>","protected":false},"featured_media":1421,"template":"","meta":{"ocean_post_layout":"","ocean_both_sidebars_style":"","ocean_both_sidebars_content_width":0,"ocean_both_sidebars_sidebars_width":0,"ocean_sidebar":"0","ocean_second_sidebar":"0","ocean_disable_margins":"enable","ocean_add_body_class":"","ocean_shortcode_before_top_bar":"","ocean_shortcode_after_top_bar":"","ocean_shortcode_before_header":"","ocean_shortcode_after_header":"","ocean_has_shortcode":"","ocean_shortcode_after_title":"","ocean_shortcode_before_footer_widgets":"","ocean_shortcode_after_footer_widgets":"","ocean_shortcode_before_footer_bottom":"","ocean_shortcode_after_footer_bottom":"","ocean_display_top_bar":"default","ocean_display_header":"default","ocean_header_style":"","ocean_center_header_left_menu":"0","ocean_custom_header_template":"0","ocean_custom_logo":0,"ocean_custom_retina_logo":0,"ocean_custom_logo_max_width":0,"ocean_custom_logo_tablet_max_width":0,"ocean_custom_logo_mobile_max_width":0,"ocean_custom_logo_max_height":0,"ocean_custom_logo_tablet_max_height":0,"ocean_custom_logo_mobile_max_height":0,"ocean_header_custom_menu":"0","ocean_menu_typo_font_family":"0","ocean_menu_typo_font_subset":"","ocean_menu_typo_font_size":0,"ocean_menu_typo_font_size_tablet":0,"ocean_menu_typo_font_size_mobile":0,"ocean_menu_typo_font_size_unit":"px","ocean_menu_typo_font_weight":"","ocean_menu_typo_font_weight_tablet":"","ocean_menu_typo_font_weight_mobile":"","ocean_menu_typo_transform":"","ocean_menu_typo_transform_tablet":"","ocean_menu_typo_transform_mobile":"","ocean_menu_typo_line_height":0,"ocean_menu_typo_line_height_tablet":0,"ocean_menu_typo_line_height_mobile":0,"ocean_menu_typo_line_height_unit":"","ocean_menu_typo_spacing":0,"ocean_menu_typo_spacing_tablet":0,"ocean_menu_typo_spacing_mobile":0,"ocean_menu_typo_spacing_unit":"","ocean_menu_link_color":"","ocean_menu_link_color_hover":"","ocean_menu_link_color_active":"","ocean_menu_link_background":"","ocean_menu_link_hover_background":"","ocean_menu_link_active_background":"","ocean_menu_social_links_bg":"","ocean_menu_social_hover_links_bg":"","ocean_menu_social_links_color":"","ocean_menu_social_hover_links_color":"","ocean_disable_title":"default","ocean_disable_heading":"default","ocean_post_title":"","ocean_post_subheading":"","ocean_post_title_style":"","ocean_post_title_background_color":"","ocean_post_title_background":0,"ocean_post_title_bg_image_position":"","ocean_post_title_bg_image_attachment":"","ocean_post_title_bg_image_repeat":"","ocean_post_title_bg_image_size":"","ocean_post_title_height":0,"ocean_post_title_bg_overlay":0.5,"ocean_post_title_bg_overlay_color":"","ocean_disable_breadcrumbs":"default","ocean_breadcrumbs_color":"","ocean_breadcrumbs_separator_color":"","ocean_breadcrumbs_links_color":"","ocean_breadcrumbs_links_hover_color":"","ocean_display_footer_widgets":"default","ocean_display_footer_bottom":"default","ocean_custom_footer_template":"0"},"product_brand":[],"product_cat":[15],"product_tag":[],"class_list":{"0":"post-1418","1":"product","2":"type-product","3":"status-publish","4":"has-post-thumbnail","6":"product_cat-nezarazene","8":"entry","9":"has-media","11":"first","12":"instock","13":"shipping-taxable","14":"purchasable","15":"product-type-simple","16":"col","17":"span_1_of_4","18":"owp-content-center","19":"owp-thumbs-layout-horizontal","20":"owp-btn-very-big","21":"owp-tabs-layout-horizontal","22":"has-no-thumbnails"},"yoast_head":"<!-- This site is optimized with the Yoast SEO plugin v27.3 - https:\/\/yoast.com\/product\/yoast-seo-wordpress\/ -->\n<title>Balz\u00e1m na k\u016f\u017ei 65 ml - mharbu<\/title>\n<meta name=\"robots\" content=\"index, follow, max-snippet:-1, max-image-preview:large, max-video-preview:-1\" \/>\n<link rel=\"canonical\" href=\"https:\/\/mharbu.com\/en\/product\/balzam-na-kuzi\/\" \/>\n<meta property=\"og:locale\" content=\"en_GB\" \/>\n<meta property=\"og:type\" content=\"article\" \/>\n<meta property=\"og:title\" content=\"Balz\u00e1m na k\u016f\u017ei 65 ml - mharbu\" \/>\n<meta property=\"og:description\" content=\"Balz\u00e1m na k\u016f\u017ei 65 ml z p\u0159\u00edrodn\u00edch olej\u016f s v\u010del\u00edm voskem a lanolinem. Vhodn\u00fd na hladkou k\u016f\u017ei (ne na nubuk, semi\u0161 a podobn\u00e9). V\u00fdsledek m\u00fdch vlastn\u00edch alchymystick\u00fdch pokus\u016f. Je balen\u00fd ve ve skleni\u010dce, obal je tedy pln\u011b recyklovateln\u00fd.  K zakoupen\u00ed pouze spolu s dal\u0161\u00edmi produkty.  Pou\u017eit\u00ed: nanes tenkou vrstvu na \u010distou a suchou k\u016f\u017ei, nech chv\u00edli vs\u00e1knout a pak p\u0159ele\u0161ti had\u0159\u00edkem.  &nbsp;\" \/>\n<meta property=\"og:url\" content=\"https:\/\/mharbu.com\/en\/product\/balzam-na-kuzi\/\" \/>\n<meta property=\"og:site_name\" content=\"mharbu\" \/>\n<meta property=\"article:modified_time\" content=\"2026-02-07T19:21:40+00:00\" \/>\n<meta property=\"og:image\" content=\"https:\/\/mharbu.com\/wp-content\/uploads\/2026\/02\/photo_2026-02-05_22-45-35.webp\" \/>\n\t<meta property=\"og:image:width\" content=\"600\" \/>\n\t<meta property=\"og:image:height\" content=\"768\" \/>\n\t<meta property=\"og:image:type\" content=\"image\/webp\" \/>\n<meta name=\"twitter:card\" content=\"summary_large_image\" \/>\n<meta name=\"twitter:label1\" content=\"Estimated reading time\" \/>\n\t<meta name=\"twitter:data1\" content=\"1 minute\" \/>\n<script type=\"application\/ld+json\" class=\"yoast-schema-graph\">{\"@context\":\"https:\\\/\\\/schema.org\",\"@graph\":[{\"@type\":\"WebPage\",\"@id\":\"https:\\\/\\\/mharbu.com\\\/produkt\\\/balzam-na-kuzi\\\/\",\"url\":\"https:\\\/\\\/mharbu.com\\\/produkt\\\/balzam-na-kuzi\\\/\",\"name\":\"Balz\u00e1m na k\u016f\u017ei 65 ml - mharbu\",\"isPartOf\":{\"@id\":\"https:\\\/\\\/mharbu.com\\\/#website\"},\"primaryImageOfPage\":{\"@id\":\"https:\\\/\\\/mharbu.com\\\/produkt\\\/balzam-na-kuzi\\\/#primaryimage\"},\"image\":{\"@id\":\"https:\\\/\\\/mharbu.com\\\/produkt\\\/balzam-na-kuzi\\\/#primaryimage\"},\"thumbnailUrl\":\"https:\\\/\\\/mharbu.com\\\/wp-content\\\/uploads\\\/2026\\\/02\\\/photo_2026-02-05_22-45-35.webp\",\"datePublished\":\"2026-02-03T21:57:52+00:00\",\"dateModified\":\"2026-02-07T19:21:40+00:00\",\"breadcrumb\":{\"@id\":\"https:\\\/\\\/mharbu.com\\\/produkt\\\/balzam-na-kuzi\\\/#breadcrumb\"},\"inLanguage\":\"en-GB\",\"potentialAction\":[{\"@type\":\"ReadAction\",\"target\":[\"https:\\\/\\\/mharbu.com\\\/produkt\\\/balzam-na-kuzi\\\/\"]}]},{\"@type\":\"ImageObject\",\"inLanguage\":\"en-GB\",\"@id\":\"https:\\\/\\\/mharbu.com\\\/produkt\\\/balzam-na-kuzi\\\/#primaryimage\",\"url\":\"https:\\\/\\\/mharbu.com\\\/wp-content\\\/uploads\\\/2026\\\/02\\\/photo_2026-02-05_22-45-35.webp\",\"contentUrl\":\"https:\\\/\\\/mharbu.com\\\/wp-content\\\/uploads\\\/2026\\\/02\\\/photo_2026-02-05_22-45-35.webp\",\"width\":600,\"height\":768},{\"@type\":\"BreadcrumbList\",\"@id\":\"https:\\\/\\\/mharbu.com\\\/produkt\\\/balzam-na-kuzi\\\/#breadcrumb\",\"itemListElement\":[{\"@type\":\"ListItem\",\"position\":1,\"name\":\"Dom\u016f\",\"item\":\"https:\\\/\\\/mharbu.com\\\/\"},{\"@type\":\"ListItem\",\"position\":2,\"name\":\"Obchod\",\"item\":\"https:\\\/\\\/mharbu.com\\\/obchod\\\/\"},{\"@type\":\"ListItem\",\"position\":3,\"name\":\"Balz\u00e1m na k\u016f\u017ei 65 ml\"}]},{\"@type\":\"WebSite\",\"@id\":\"https:\\\/\\\/mharbu.com\\\/#website\",\"url\":\"https:\\\/\\\/mharbu.com\\\/\",\"name\":\"mharbu\",\"description\":\"Zavazadla pro cestovatele sv\u011bty a \u010dasem\",\"publisher\":{\"@id\":\"https:\\\/\\\/mharbu.com\\\/#organization\"},\"potentialAction\":[{\"@type\":\"SearchAction\",\"target\":{\"@type\":\"EntryPoint\",\"urlTemplate\":\"https:\\\/\\\/mharbu.com\\\/?s={search_term_string}\"},\"query-input\":{\"@type\":\"PropertyValueSpecification\",\"valueRequired\":true,\"valueName\":\"search_term_string\"}}],\"inLanguage\":\"en-GB\"},{\"@type\":\"Organization\",\"@id\":\"https:\\\/\\\/mharbu.com\\\/#organization\",\"name\":\"mharbu\",\"url\":\"https:\\\/\\\/mharbu.com\\\/\",\"logo\":{\"@type\":\"ImageObject\",\"inLanguage\":\"en-GB\",\"@id\":\"https:\\\/\\\/mharbu.com\\\/#\\\/schema\\\/logo\\\/image\\\/\",\"url\":\"https:\\\/\\\/mharbu.com\\\/wp-content\\\/uploads\\\/2024\\\/07\\\/cropped-logodlouhe-2.png\",\"contentUrl\":\"https:\\\/\\\/mharbu.com\\\/wp-content\\\/uploads\\\/2024\\\/07\\\/cropped-logodlouhe-2.png\",\"width\":183,\"height\":50,\"caption\":\"mharbu\"},\"image\":{\"@id\":\"https:\\\/\\\/mharbu.com\\\/#\\\/schema\\\/logo\\\/image\\\/\"}}]}<\/script>\n<!-- \/ Yoast SEO plugin. -->","yoast_head_json":{"title":"Balz\u00e1m na k\u016f\u017ei 65 ml - mharbu","robots":{"index":"index","follow":"follow","max-snippet":"max-snippet:-1","max-image-preview":"max-image-preview:large","max-video-preview":"max-video-preview:-1"},"canonical":"https:\/\/mharbu.com\/en\/product\/balzam-na-kuzi\/","og_locale":"en_GB","og_type":"article","og_title":"Balz\u00e1m na k\u016f\u017ei 65 ml - mharbu","og_description":"Balz\u00e1m na k\u016f\u017ei 65 ml z p\u0159\u00edrodn\u00edch olej\u016f s v\u010del\u00edm voskem a lanolinem. Vhodn\u00fd na hladkou k\u016f\u017ei (ne na nubuk, semi\u0161 a podobn\u00e9). V\u00fdsledek m\u00fdch vlastn\u00edch alchymystick\u00fdch pokus\u016f. Je balen\u00fd ve ve skleni\u010dce, obal je tedy pln\u011b recyklovateln\u00fd.  K zakoupen\u00ed pouze spolu s dal\u0161\u00edmi produkty.  Pou\u017eit\u00ed: nanes tenkou vrstvu na \u010distou a suchou k\u016f\u017ei, nech chv\u00edli vs\u00e1knout a pak p\u0159ele\u0161ti had\u0159\u00edkem.  &nbsp;","og_url":"https:\/\/mharbu.com\/en\/product\/balzam-na-kuzi\/","og_site_name":"mharbu","article_modified_time":"2026-02-07T19:21:40+00:00","og_image":[{"width":600,"height":768,"url":"https:\/\/mharbu.com\/wp-content\/uploads\/2026\/02\/photo_2026-02-05_22-45-35.webp","type":"image\/webp"}],"twitter_card":"summary_large_image","twitter_misc":{"Estimated reading time":"1 minute"},"schema":{"@context":"https:\/\/schema.org","@graph":[{"@type":"WebPage","@id":"https:\/\/mharbu.com\/produkt\/balzam-na-kuzi\/","url":"https:\/\/mharbu.com\/produkt\/balzam-na-kuzi\/","name":"Balz\u00e1m na k\u016f\u017ei 65 ml - mharbu","isPartOf":{"@id":"https:\/\/mharbu.com\/#website"},"primaryImageOfPage":{"@id":"https:\/\/mharbu.com\/produkt\/balzam-na-kuzi\/#primaryimage"},"image":{"@id":"https:\/\/mharbu.com\/produkt\/balzam-na-kuzi\/#primaryimage"},"thumbnailUrl":"https:\/\/mharbu.com\/wp-content\/uploads\/2026\/02\/photo_2026-02-05_22-45-35.webp","datePublished":"2026-02-03T21:57:52+00:00","dateModified":"2026-02-07T19:21:40+00:00","breadcrumb":{"@id":"https:\/\/mharbu.com\/produkt\/balzam-na-kuzi\/#breadcrumb"},"inLanguage":"en-GB","potentialAction":[{"@type":"ReadAction","target":["https:\/\/mharbu.com\/produkt\/balzam-na-kuzi\/"]}]},{"@type":"ImageObject","inLanguage":"en-GB","@id":"https:\/\/mharbu.com\/produkt\/balzam-na-kuzi\/#primaryimage","url":"https:\/\/mharbu.com\/wp-content\/uploads\/2026\/02\/photo_2026-02-05_22-45-35.webp","contentUrl":"https:\/\/mharbu.com\/wp-content\/uploads\/2026\/02\/photo_2026-02-05_22-45-35.webp","width":600,"height":768},{"@type":"BreadcrumbList","@id":"https:\/\/mharbu.com\/produkt\/balzam-na-kuzi\/#breadcrumb","itemListElement":[{"@type":"ListItem","position":1,"name":"Dom\u016f","item":"https:\/\/mharbu.com\/"},{"@type":"ListItem","position":2,"name":"Obchod","item":"https:\/\/mharbu.com\/obchod\/"},{"@type":"ListItem","position":3,"name":"Balz\u00e1m na k\u016f\u017ei 65 ml"}]},{"@type":"WebSite","@id":"https:\/\/mharbu.com\/#website","url":"https:\/\/mharbu.com\/","name":"mharbu","description":"Luggage for travelers through worlds and time","publisher":{"@id":"https:\/\/mharbu.com\/#organization"},"potentialAction":[{"@type":"SearchAction","target":{"@type":"EntryPoint","urlTemplate":"https:\/\/mharbu.com\/?s={search_term_string}"},"query-input":{"@type":"PropertyValueSpecification","valueRequired":true,"valueName":"search_term_string"}}],"inLanguage":"en-GB"},{"@type":"Organization","@id":"https:\/\/mharbu.com\/#organization","name":"mharbu","url":"https:\/\/mharbu.com\/","logo":{"@type":"ImageObject","inLanguage":"en-GB","@id":"https:\/\/mharbu.com\/#\/schema\/logo\/image\/","url":"https:\/\/mharbu.com\/wp-content\/uploads\/2024\/07\/cropped-logodlouhe-2.png","contentUrl":"https:\/\/mharbu.com\/wp-content\/uploads\/2024\/07\/cropped-logodlouhe-2.png","width":183,"height":50,"caption":"mharbu"},"image":{"@id":"https:\/\/mharbu.com\/#\/schema\/logo\/image\/"}}]}},"_links":{"self":[{"href":"https:\/\/mharbu.com\/en\/wp-json\/wp\/v2\/product\/1418","targetHints":{"allow":["GET"]}}],"collection":[{"href":"https:\/\/mharbu.com\/en\/wp-json\/wp\/v2\/product"}],"about":[{"href":"https:\/\/mharbu.com\/en\/wp-json\/wp\/v2\/types\/product"}],"wp:featuredmedia":[{"embeddable":true,"href":"https:\/\/mharbu.com\/en\/wp-json\/wp\/v2\/media\/1421"}],"wp:attachment":[{"href":"https:\/\/mharbu.com\/en\/wp-json\/wp\/v2\/media?parent=1418"}],"wp:term":[{"taxonomy":"product_brand","embeddable":true,"href":"https:\/\/mharbu.com\/en\/wp-json\/wp\/v2\/product_brand?post=1418"},{"taxonomy":"product_cat","embeddable":true,"href":"https:\/\/mharbu.com\/en\/wp-json\/wp\/v2\/product_cat?post=1418"},{"taxonomy":"product_tag","embeddable":true,"href":"https:\/\/mharbu.com\/en\/wp-json\/wp\/v2\/product_tag?post=1418"}],"curies":[{"name":"wp","href":"https:\/\/api.w.org\/{rel}","templated":true}]}}