{"id":418,"date":"2024-08-12T14:25:45","date_gmt":"2024-08-12T12:25:45","guid":{"rendered":"https:\/\/mharbu.com\/?post_type=product&#038;p=418"},"modified":"2026-02-07T13:14:48","modified_gmt":"2026-02-07T12:14:48","slug":"oak-leaf-psanicko","status":"publish","type":"product","link":"https:\/\/mharbu.com\/en\/product\/oak-leaf-psanicko\/","title":{"rendered":"Ancient Oak Clutch Purse"},"content":{"rendered":"<ul>\n<li>Cowhide leather bag<\/li>\n<li>Hand dyed<\/li>\n<li>Antique brass hardware<\/li>\n<li>elf and hobbit style<\/li>\n<li>24\u00d715 cm<\/li>\n<li>Chain strap of 120 cm<\/li>\n<\/ul>","protected":false},"excerpt":{"rendered":"<p>This clutch straight from the elven workshop is made from carefully hand-dyed and decorated leather. The design is meant to resemble an oak leaf, with soft neutral tones and bolder red accents complemented by antique brass components.<\/p>\n<p><strong>Size:<\/strong> approx. 24\u00d715 cm<br \/>\n<strong>Chain strap length:<\/strong> 120 cm<\/p>\n<p>It fits a small wallet, phone, and a few trinkets, such as your favorite amulets and elixirs.<\/p>\n<p>Just as you won't find two identical leaves from ancient oaks, your clutch may vary slightly from the one in the picture.<\/p>","protected":false},"featured_media":419,"template":"","meta":{"ocean_post_layout":"","ocean_both_sidebars_style":"","ocean_both_sidebars_content_width":0,"ocean_both_sidebars_sidebars_width":0,"ocean_sidebar":"0","ocean_second_sidebar":"0","ocean_disable_margins":"enable","ocean_add_body_class":"","ocean_shortcode_before_top_bar":"","ocean_shortcode_after_top_bar":"","ocean_shortcode_before_header":"","ocean_shortcode_after_header":"","ocean_has_shortcode":"","ocean_shortcode_after_title":"","ocean_shortcode_before_footer_widgets":"","ocean_shortcode_after_footer_widgets":"","ocean_shortcode_before_footer_bottom":"","ocean_shortcode_after_footer_bottom":"","ocean_display_top_bar":"default","ocean_display_header":"default","ocean_header_style":"","ocean_center_header_left_menu":"0","ocean_custom_header_template":"0","ocean_custom_logo":0,"ocean_custom_retina_logo":0,"ocean_custom_logo_max_width":0,"ocean_custom_logo_tablet_max_width":0,"ocean_custom_logo_mobile_max_width":0,"ocean_custom_logo_max_height":0,"ocean_custom_logo_tablet_max_height":0,"ocean_custom_logo_mobile_max_height":0,"ocean_header_custom_menu":"0","ocean_menu_typo_font_family":"0","ocean_menu_typo_font_subset":"","ocean_menu_typo_font_size":0,"ocean_menu_typo_font_size_tablet":0,"ocean_menu_typo_font_size_mobile":0,"ocean_menu_typo_font_size_unit":"px","ocean_menu_typo_font_weight":"","ocean_menu_typo_font_weight_tablet":"","ocean_menu_typo_font_weight_mobile":"","ocean_menu_typo_transform":"","ocean_menu_typo_transform_tablet":"","ocean_menu_typo_transform_mobile":"","ocean_menu_typo_line_height":0,"ocean_menu_typo_line_height_tablet":0,"ocean_menu_typo_line_height_mobile":0,"ocean_menu_typo_line_height_unit":"","ocean_menu_typo_spacing":0,"ocean_menu_typo_spacing_tablet":0,"ocean_menu_typo_spacing_mobile":0,"ocean_menu_typo_spacing_unit":"","ocean_menu_link_color":"","ocean_menu_link_color_hover":"","ocean_menu_link_color_active":"","ocean_menu_link_background":"","ocean_menu_link_hover_background":"","ocean_menu_link_active_background":"","ocean_menu_social_links_bg":"","ocean_menu_social_hover_links_bg":"","ocean_menu_social_links_color":"","ocean_menu_social_hover_links_color":"","ocean_disable_title":"default","ocean_disable_heading":"default","ocean_post_title":"","ocean_post_subheading":"","ocean_post_title_style":"","ocean_post_title_background_color":"","ocean_post_title_background":0,"ocean_post_title_bg_image_position":"","ocean_post_title_bg_image_attachment":"","ocean_post_title_bg_image_repeat":"","ocean_post_title_bg_image_size":"","ocean_post_title_height":0,"ocean_post_title_bg_overlay":0.5,"ocean_post_title_bg_overlay_color":"","ocean_disable_breadcrumbs":"default","ocean_breadcrumbs_color":"","ocean_breadcrumbs_separator_color":"","ocean_breadcrumbs_links_color":"","ocean_breadcrumbs_links_hover_color":"","ocean_display_footer_widgets":"default","ocean_display_footer_bottom":"default","ocean_custom_footer_template":"0"},"product_brand":[],"product_cat":[33,18],"product_tag":[],"class_list":{"0":"post-418","1":"product","2":"type-product","3":"status-publish","4":"has-post-thumbnail","6":"product_cat-ancient-oak","7":"product_cat-kabelky","9":"entry","10":"has-media","12":"first","13":"instock","14":"shipping-taxable","15":"purchasable","16":"product-type-simple","17":"col","18":"span_1_of_4","19":"owp-content-center","20":"owp-thumbs-layout-horizontal","21":"owp-btn-very-big","22":"owp-tabs-layout-horizontal"},"yoast_head":"<!-- This site is optimized with the Yoast SEO plugin v27.3 - https:\/\/yoast.com\/product\/yoast-seo-wordpress\/ -->\n<title>Ancient Oak Psan\u00ed\u010dko - mharbu<\/title>\n<meta name=\"description\" content=\"Ko\u017een\u00e1 kabelka (psan\u00ed\u010dko) ve elf\u00edm stylu ve tvaru dubov\u00e9ho listu. Kabelka je vytvo\u0159en\u00e1 z ru\u010dn\u011b barven\u00e9 a zdoben\u00e9 k\u016f\u017ee v neutr\u00e1ln\u00edch t\u00f3nech dubov\u00e9ho list\u00ed s \u010derven\u00fdmi akcenty. Je dopln\u011bn\u00e1 staromosazn\u00fdmi komponentami.\" \/>\n<meta name=\"robots\" content=\"index, follow, max-snippet:-1, max-image-preview:large, max-video-preview:-1\" \/>\n<link rel=\"canonical\" href=\"https:\/\/mharbu.com\/en\/product\/oak-leaf-psanicko\/\" \/>\n<meta property=\"og:locale\" content=\"en_GB\" \/>\n<meta property=\"og:type\" content=\"article\" \/>\n<meta property=\"og:title\" content=\"Ancient Oak Psan\u00ed\u010dko - mharbu\" \/>\n<meta property=\"og:description\" content=\"Ko\u017een\u00e1 kabelka (psan\u00ed\u010dko) ve elf\u00edm stylu ve tvaru dubov\u00e9ho listu. Kabelka je vytvo\u0159en\u00e1 z ru\u010dn\u011b barven\u00e9 a zdoben\u00e9 k\u016f\u017ee v neutr\u00e1ln\u00edch t\u00f3nech dubov\u00e9ho list\u00ed s \u010derven\u00fdmi akcenty. Je dopln\u011bn\u00e1 staromosazn\u00fdmi komponentami.\" \/>\n<meta property=\"og:url\" content=\"https:\/\/mharbu.com\/en\/product\/oak-leaf-psanicko\/\" \/>\n<meta property=\"og:site_name\" content=\"mharbu\" \/>\n<meta property=\"article:modified_time\" content=\"2026-02-07T12:14:48+00:00\" \/>\n<meta property=\"og:image\" content=\"https:\/\/mharbu.com\/wp-content\/uploads\/2024\/08\/oak11-scaled-e1723643744877.jpg\" \/>\n\t<meta property=\"og:image:width\" content=\"1500\" \/>\n\t<meta property=\"og:image:height\" content=\"1500\" \/>\n\t<meta property=\"og:image:type\" content=\"image\/jpeg\" \/>\n<meta name=\"twitter:card\" content=\"summary_large_image\" \/>\n<meta name=\"twitter:label1\" content=\"Estimated reading time\" \/>\n\t<meta name=\"twitter:data1\" content=\"1 minute\" \/>\n<script type=\"application\/ld+json\" class=\"yoast-schema-graph\">{\"@context\":\"https:\\\/\\\/schema.org\",\"@graph\":[{\"@type\":\"WebPage\",\"@id\":\"https:\\\/\\\/mharbu.com\\\/produkt\\\/oak-leaf-psanicko\\\/\",\"url\":\"https:\\\/\\\/mharbu.com\\\/produkt\\\/oak-leaf-psanicko\\\/\",\"name\":\"Ancient Oak Psan\u00ed\u010dko - mharbu\",\"isPartOf\":{\"@id\":\"https:\\\/\\\/mharbu.com\\\/#website\"},\"primaryImageOfPage\":{\"@id\":\"https:\\\/\\\/mharbu.com\\\/produkt\\\/oak-leaf-psanicko\\\/#primaryimage\"},\"image\":{\"@id\":\"https:\\\/\\\/mharbu.com\\\/produkt\\\/oak-leaf-psanicko\\\/#primaryimage\"},\"thumbnailUrl\":\"https:\\\/\\\/mharbu.com\\\/wp-content\\\/uploads\\\/2024\\\/08\\\/oak11-scaled.jpg\",\"datePublished\":\"2024-08-12T12:25:45+00:00\",\"dateModified\":\"2026-02-07T12:14:48+00:00\",\"description\":\"Ko\u017een\u00e1 kabelka (psan\u00ed\u010dko) ve elf\u00edm stylu ve tvaru dubov\u00e9ho listu. Kabelka je vytvo\u0159en\u00e1 z ru\u010dn\u011b barven\u00e9 a zdoben\u00e9 k\u016f\u017ee v neutr\u00e1ln\u00edch t\u00f3nech dubov\u00e9ho list\u00ed s \u010derven\u00fdmi akcenty. Je dopln\u011bn\u00e1 staromosazn\u00fdmi komponentami.\",\"breadcrumb\":{\"@id\":\"https:\\\/\\\/mharbu.com\\\/produkt\\\/oak-leaf-psanicko\\\/#breadcrumb\"},\"inLanguage\":\"en-GB\",\"potentialAction\":[{\"@type\":\"ReadAction\",\"target\":[\"https:\\\/\\\/mharbu.com\\\/produkt\\\/oak-leaf-psanicko\\\/\"]}]},{\"@type\":\"ImageObject\",\"inLanguage\":\"en-GB\",\"@id\":\"https:\\\/\\\/mharbu.com\\\/produkt\\\/oak-leaf-psanicko\\\/#primaryimage\",\"url\":\"https:\\\/\\\/mharbu.com\\\/wp-content\\\/uploads\\\/2024\\\/08\\\/oak11-scaled.jpg\",\"contentUrl\":\"https:\\\/\\\/mharbu.com\\\/wp-content\\\/uploads\\\/2024\\\/08\\\/oak11-scaled.jpg\",\"width\":2560,\"height\":2560},{\"@type\":\"BreadcrumbList\",\"@id\":\"https:\\\/\\\/mharbu.com\\\/produkt\\\/oak-leaf-psanicko\\\/#breadcrumb\",\"itemListElement\":[{\"@type\":\"ListItem\",\"position\":1,\"name\":\"Dom\u016f\",\"item\":\"https:\\\/\\\/mharbu.com\\\/\"},{\"@type\":\"ListItem\",\"position\":2,\"name\":\"Obchod\",\"item\":\"https:\\\/\\\/mharbu.com\\\/obchod\\\/\"},{\"@type\":\"ListItem\",\"position\":3,\"name\":\"Ancient Oak Psan\u00ed\u010dko\"}]},{\"@type\":\"WebSite\",\"@id\":\"https:\\\/\\\/mharbu.com\\\/#website\",\"url\":\"https:\\\/\\\/mharbu.com\\\/\",\"name\":\"mharbu\",\"description\":\"Zavazadla pro cestovatele sv\u011bty a \u010dasem\",\"publisher\":{\"@id\":\"https:\\\/\\\/mharbu.com\\\/#organization\"},\"potentialAction\":[{\"@type\":\"SearchAction\",\"target\":{\"@type\":\"EntryPoint\",\"urlTemplate\":\"https:\\\/\\\/mharbu.com\\\/?s={search_term_string}\"},\"query-input\":{\"@type\":\"PropertyValueSpecification\",\"valueRequired\":true,\"valueName\":\"search_term_string\"}}],\"inLanguage\":\"en-GB\"},{\"@type\":\"Organization\",\"@id\":\"https:\\\/\\\/mharbu.com\\\/#organization\",\"name\":\"mharbu\",\"url\":\"https:\\\/\\\/mharbu.com\\\/\",\"logo\":{\"@type\":\"ImageObject\",\"inLanguage\":\"en-GB\",\"@id\":\"https:\\\/\\\/mharbu.com\\\/#\\\/schema\\\/logo\\\/image\\\/\",\"url\":\"https:\\\/\\\/mharbu.com\\\/wp-content\\\/uploads\\\/2024\\\/07\\\/cropped-logodlouhe-2.png\",\"contentUrl\":\"https:\\\/\\\/mharbu.com\\\/wp-content\\\/uploads\\\/2024\\\/07\\\/cropped-logodlouhe-2.png\",\"width\":183,\"height\":50,\"caption\":\"mharbu\"},\"image\":{\"@id\":\"https:\\\/\\\/mharbu.com\\\/#\\\/schema\\\/logo\\\/image\\\/\"}}]}<\/script>\n<!-- \/ Yoast SEO plugin. -->","yoast_head_json":{"title":"Ancient Oak Clutch - mharbu","description":"Leather clutch in elven style in the shape of an oak leaf. The bag is made from hand-dyed and decorated leather in neutral tones of oak foliage with red accents. It is complemented with antique brass components.","robots":{"index":"index","follow":"follow","max-snippet":"max-snippet:-1","max-image-preview":"max-image-preview:large","max-video-preview":"max-video-preview:-1"},"canonical":"https:\/\/mharbu.com\/en\/product\/oak-leaf-psanicko\/","og_locale":"en_GB","og_type":"article","og_title":"Ancient Oak Psan\u00ed\u010dko - mharbu","og_description":"Ko\u017een\u00e1 kabelka (psan\u00ed\u010dko) ve elf\u00edm stylu ve tvaru dubov\u00e9ho listu. Kabelka je vytvo\u0159en\u00e1 z ru\u010dn\u011b barven\u00e9 a zdoben\u00e9 k\u016f\u017ee v neutr\u00e1ln\u00edch t\u00f3nech dubov\u00e9ho list\u00ed s \u010derven\u00fdmi akcenty. Je dopln\u011bn\u00e1 staromosazn\u00fdmi komponentami.","og_url":"https:\/\/mharbu.com\/en\/product\/oak-leaf-psanicko\/","og_site_name":"mharbu","article_modified_time":"2026-02-07T12:14:48+00:00","og_image":[{"width":1500,"height":1500,"url":"https:\/\/mharbu.com\/wp-content\/uploads\/2024\/08\/oak11-scaled-e1723643744877.jpg","type":"image\/jpeg"}],"twitter_card":"summary_large_image","twitter_misc":{"Estimated reading time":"1 minute"},"schema":{"@context":"https:\/\/schema.org","@graph":[{"@type":"WebPage","@id":"https:\/\/mharbu.com\/produkt\/oak-leaf-psanicko\/","url":"https:\/\/mharbu.com\/produkt\/oak-leaf-psanicko\/","name":"Ancient Oak Clutch - mharbu","isPartOf":{"@id":"https:\/\/mharbu.com\/#website"},"primaryImageOfPage":{"@id":"https:\/\/mharbu.com\/produkt\/oak-leaf-psanicko\/#primaryimage"},"image":{"@id":"https:\/\/mharbu.com\/produkt\/oak-leaf-psanicko\/#primaryimage"},"thumbnailUrl":"https:\/\/mharbu.com\/wp-content\/uploads\/2024\/08\/oak11-scaled.jpg","datePublished":"2024-08-12T12:25:45+00:00","dateModified":"2026-02-07T12:14:48+00:00","description":"Leather clutch in elven style in the shape of an oak leaf. The bag is made from hand-dyed and decorated leather in neutral tones of oak foliage with red accents. It is complemented with antique brass components.","breadcrumb":{"@id":"https:\/\/mharbu.com\/produkt\/oak-leaf-psanicko\/#breadcrumb"},"inLanguage":"en-GB","potentialAction":[{"@type":"ReadAction","target":["https:\/\/mharbu.com\/produkt\/oak-leaf-psanicko\/"]}]},{"@type":"ImageObject","inLanguage":"en-GB","@id":"https:\/\/mharbu.com\/produkt\/oak-leaf-psanicko\/#primaryimage","url":"https:\/\/mharbu.com\/wp-content\/uploads\/2024\/08\/oak11-scaled.jpg","contentUrl":"https:\/\/mharbu.com\/wp-content\/uploads\/2024\/08\/oak11-scaled.jpg","width":2560,"height":2560},{"@type":"BreadcrumbList","@id":"https:\/\/mharbu.com\/produkt\/oak-leaf-psanicko\/#breadcrumb","itemListElement":[{"@type":"ListItem","position":1,"name":"Dom\u016f","item":"https:\/\/mharbu.com\/"},{"@type":"ListItem","position":2,"name":"Obchod","item":"https:\/\/mharbu.com\/obchod\/"},{"@type":"ListItem","position":3,"name":"Ancient Oak Psan\u00ed\u010dko"}]},{"@type":"WebSite","@id":"https:\/\/mharbu.com\/#website","url":"https:\/\/mharbu.com\/","name":"mharbu","description":"Luggage for travelers through worlds and time","publisher":{"@id":"https:\/\/mharbu.com\/#organization"},"potentialAction":[{"@type":"SearchAction","target":{"@type":"EntryPoint","urlTemplate":"https:\/\/mharbu.com\/?s={search_term_string}"},"query-input":{"@type":"PropertyValueSpecification","valueRequired":true,"valueName":"search_term_string"}}],"inLanguage":"en-GB"},{"@type":"Organization","@id":"https:\/\/mharbu.com\/#organization","name":"mharbu","url":"https:\/\/mharbu.com\/","logo":{"@type":"ImageObject","inLanguage":"en-GB","@id":"https:\/\/mharbu.com\/#\/schema\/logo\/image\/","url":"https:\/\/mharbu.com\/wp-content\/uploads\/2024\/07\/cropped-logodlouhe-2.png","contentUrl":"https:\/\/mharbu.com\/wp-content\/uploads\/2024\/07\/cropped-logodlouhe-2.png","width":183,"height":50,"caption":"mharbu"},"image":{"@id":"https:\/\/mharbu.com\/#\/schema\/logo\/image\/"}}]}},"_links":{"self":[{"href":"https:\/\/mharbu.com\/en\/wp-json\/wp\/v2\/product\/418","targetHints":{"allow":["GET"]}}],"collection":[{"href":"https:\/\/mharbu.com\/en\/wp-json\/wp\/v2\/product"}],"about":[{"href":"https:\/\/mharbu.com\/en\/wp-json\/wp\/v2\/types\/product"}],"wp:featuredmedia":[{"embeddable":true,"href":"https:\/\/mharbu.com\/en\/wp-json\/wp\/v2\/media\/419"}],"wp:attachment":[{"href":"https:\/\/mharbu.com\/en\/wp-json\/wp\/v2\/media?parent=418"}],"wp:term":[{"taxonomy":"product_brand","embeddable":true,"href":"https:\/\/mharbu.com\/en\/wp-json\/wp\/v2\/product_brand?post=418"},{"taxonomy":"product_cat","embeddable":true,"href":"https:\/\/mharbu.com\/en\/wp-json\/wp\/v2\/product_cat?post=418"},{"taxonomy":"product_tag","embeddable":true,"href":"https:\/\/mharbu.com\/en\/wp-json\/wp\/v2\/product_tag?post=418"}],"curies":[{"name":"wp","href":"https:\/\/api.w.org\/{rel}","templated":true}]}}