{"id":457,"date":"2024-09-01T22:27:00","date_gmt":"2024-09-01T20:27:00","guid":{"rendered":"https:\/\/mharbu.com\/?post_type=product&#038;p=457"},"modified":"2026-02-07T13:14:48","modified_gmt":"2026-02-07T12:14:48","slug":"mincovka-ancient-oak","status":"publish","type":"product","link":"https:\/\/mharbu.com\/en\/product\/mincovka-ancient-oak\/","title":{"rendered":"Ancient Oak Coin purse"},"content":{"rendered":"","protected":false},"excerpt":{"rendered":"<p>Coin purse for a few gems, gold coins and payment cards. Made from cowhide in folded oak leaf shape, hand-dyed and decorated. Simple snap closure.<\/p>\n<p><strong>Size:<\/strong> Approximately 11\u00d76.5 cm. Comfortably fits a bank card, or other very neccessary cards, and banknotes.<\/p>\n<p>Despite the precision of the craftsmanship in the sketches of ancient masters, your coin purse may vary slightly from the one in the picture. No two leaves are exactly alike, after all.<\/p>","protected":false},"featured_media":460,"template":"","meta":{"ocean_post_layout":"","ocean_both_sidebars_style":"","ocean_both_sidebars_content_width":0,"ocean_both_sidebars_sidebars_width":0,"ocean_sidebar":"","ocean_second_sidebar":"","ocean_disable_margins":"enable","ocean_add_body_class":"","ocean_shortcode_before_top_bar":"","ocean_shortcode_after_top_bar":"","ocean_shortcode_before_header":"","ocean_shortcode_after_header":"","ocean_has_shortcode":"","ocean_shortcode_after_title":"","ocean_shortcode_before_footer_widgets":"","ocean_shortcode_after_footer_widgets":"","ocean_shortcode_before_footer_bottom":"","ocean_shortcode_after_footer_bottom":"","ocean_display_top_bar":"default","ocean_display_header":"default","ocean_header_style":"","ocean_center_header_left_menu":"","ocean_custom_header_template":"","ocean_custom_logo":0,"ocean_custom_retina_logo":0,"ocean_custom_logo_max_width":0,"ocean_custom_logo_tablet_max_width":0,"ocean_custom_logo_mobile_max_width":0,"ocean_custom_logo_max_height":0,"ocean_custom_logo_tablet_max_height":0,"ocean_custom_logo_mobile_max_height":0,"ocean_header_custom_menu":"","ocean_menu_typo_font_family":"","ocean_menu_typo_font_subset":"","ocean_menu_typo_font_size":0,"ocean_menu_typo_font_size_tablet":0,"ocean_menu_typo_font_size_mobile":0,"ocean_menu_typo_font_size_unit":"px","ocean_menu_typo_font_weight":"","ocean_menu_typo_font_weight_tablet":"","ocean_menu_typo_font_weight_mobile":"","ocean_menu_typo_transform":"","ocean_menu_typo_transform_tablet":"","ocean_menu_typo_transform_mobile":"","ocean_menu_typo_line_height":0,"ocean_menu_typo_line_height_tablet":0,"ocean_menu_typo_line_height_mobile":0,"ocean_menu_typo_line_height_unit":"","ocean_menu_typo_spacing":0,"ocean_menu_typo_spacing_tablet":0,"ocean_menu_typo_spacing_mobile":0,"ocean_menu_typo_spacing_unit":"","ocean_menu_link_color":"","ocean_menu_link_color_hover":"","ocean_menu_link_color_active":"","ocean_menu_link_background":"","ocean_menu_link_hover_background":"","ocean_menu_link_active_background":"","ocean_menu_social_links_bg":"","ocean_menu_social_hover_links_bg":"","ocean_menu_social_links_color":"","ocean_menu_social_hover_links_color":"","ocean_disable_title":"default","ocean_disable_heading":"default","ocean_post_title":"","ocean_post_subheading":"","ocean_post_title_style":"","ocean_post_title_background_color":"","ocean_post_title_background":0,"ocean_post_title_bg_image_position":"","ocean_post_title_bg_image_attachment":"","ocean_post_title_bg_image_repeat":"","ocean_post_title_bg_image_size":"","ocean_post_title_height":0,"ocean_post_title_bg_overlay":0.5,"ocean_post_title_bg_overlay_color":"","ocean_disable_breadcrumbs":"default","ocean_breadcrumbs_color":"","ocean_breadcrumbs_separator_color":"","ocean_breadcrumbs_links_color":"","ocean_breadcrumbs_links_hover_color":"","ocean_display_footer_widgets":"default","ocean_display_footer_bottom":"default","ocean_custom_footer_template":""},"product_brand":[],"product_cat":[33,20],"product_tag":[],"class_list":{"0":"post-457","1":"product","2":"type-product","3":"status-publish","4":"has-post-thumbnail","6":"product_cat-ancient-oak","7":"product_cat-doplnky","9":"entry","10":"has-media","12":"first","13":"instock","14":"shipping-taxable","15":"purchasable","16":"product-type-simple","17":"col","18":"span_1_of_4","19":"owp-content-center","20":"owp-thumbs-layout-horizontal","21":"owp-btn-very-big","22":"owp-tabs-layout-horizontal"},"yoast_head":"<!-- This site is optimized with the Yoast SEO plugin v27.3 - https:\/\/yoast.com\/product\/yoast-seo-wordpress\/ -->\n<title>Mincovka Ancient Oak - mharbu<\/title>\n<meta name=\"description\" content=\"Pen\u011b\u017eenka mincovka na p\u00e1r drahokam\u016f, zlat\u00fdch minc\u00ed a platebn\u00edch karet. Mincovka je vyroben\u00e1 z hov\u011bz\u00ed k\u016f\u017ee tvaru slo\u017een\u00e9ho dubov\u00e9ho listu, je ru\u010dn\u011b barven\u00e1 a zdoben\u00e1. Zap\u00edn\u00e1 se jednodu\u0161e na druk.\" \/>\n<meta name=\"robots\" content=\"index, follow, max-snippet:-1, max-image-preview:large, max-video-preview:-1\" \/>\n<link rel=\"canonical\" href=\"https:\/\/mharbu.com\/en\/product\/mincovka-ancient-oak\/\" \/>\n<meta property=\"og:locale\" content=\"en_GB\" \/>\n<meta property=\"og:type\" content=\"article\" \/>\n<meta property=\"og:title\" content=\"Mincovka Ancient Oak - mharbu\" \/>\n<meta property=\"og:description\" content=\"Pen\u011b\u017eenka mincovka na p\u00e1r drahokam\u016f, zlat\u00fdch minc\u00ed a platebn\u00edch karet. Mincovka je vyroben\u00e1 z hov\u011bz\u00ed k\u016f\u017ee tvaru slo\u017een\u00e9ho dubov\u00e9ho listu, je ru\u010dn\u011b barven\u00e1 a zdoben\u00e1. Zap\u00edn\u00e1 se jednodu\u0161e na druk.\" \/>\n<meta property=\"og:url\" content=\"https:\/\/mharbu.com\/en\/product\/mincovka-ancient-oak\/\" \/>\n<meta property=\"og:site_name\" content=\"mharbu\" \/>\n<meta property=\"article:modified_time\" content=\"2026-02-07T12:14:48+00:00\" \/>\n<meta property=\"og:image\" content=\"https:\/\/mharbu.com\/wp-content\/uploads\/2024\/09\/oak_mincovka-1-scaled-e1725222923145.jpg\" \/>\n\t<meta property=\"og:image:width\" content=\"1700\" \/>\n\t<meta property=\"og:image:height\" content=\"1700\" \/>\n\t<meta property=\"og:image:type\" content=\"image\/jpeg\" \/>\n<meta name=\"twitter:card\" content=\"summary_large_image\" \/>\n<meta name=\"twitter:label1\" content=\"Estimated reading time\" \/>\n\t<meta name=\"twitter:data1\" content=\"1 minute\" \/>\n<script type=\"application\/ld+json\" class=\"yoast-schema-graph\">{\"@context\":\"https:\\\/\\\/schema.org\",\"@graph\":[{\"@type\":\"WebPage\",\"@id\":\"https:\\\/\\\/mharbu.com\\\/produkt\\\/mincovka-ancient-oak\\\/\",\"url\":\"https:\\\/\\\/mharbu.com\\\/produkt\\\/mincovka-ancient-oak\\\/\",\"name\":\"Mincovka Ancient Oak - mharbu\",\"isPartOf\":{\"@id\":\"https:\\\/\\\/mharbu.com\\\/#website\"},\"primaryImageOfPage\":{\"@id\":\"https:\\\/\\\/mharbu.com\\\/produkt\\\/mincovka-ancient-oak\\\/#primaryimage\"},\"image\":{\"@id\":\"https:\\\/\\\/mharbu.com\\\/produkt\\\/mincovka-ancient-oak\\\/#primaryimage\"},\"thumbnailUrl\":\"https:\\\/\\\/mharbu.com\\\/wp-content\\\/uploads\\\/2024\\\/09\\\/oak_mincovka-1-scaled.jpg\",\"datePublished\":\"2024-09-01T20:27:00+00:00\",\"dateModified\":\"2026-02-07T12:14:48+00:00\",\"description\":\"Pen\u011b\u017eenka mincovka na p\u00e1r drahokam\u016f, zlat\u00fdch minc\u00ed a platebn\u00edch karet. Mincovka je vyroben\u00e1 z hov\u011bz\u00ed k\u016f\u017ee tvaru slo\u017een\u00e9ho dubov\u00e9ho listu, je ru\u010dn\u011b barven\u00e1 a zdoben\u00e1. Zap\u00edn\u00e1 se jednodu\u0161e na druk.\",\"breadcrumb\":{\"@id\":\"https:\\\/\\\/mharbu.com\\\/produkt\\\/mincovka-ancient-oak\\\/#breadcrumb\"},\"inLanguage\":\"en-GB\",\"potentialAction\":[{\"@type\":\"ReadAction\",\"target\":[\"https:\\\/\\\/mharbu.com\\\/produkt\\\/mincovka-ancient-oak\\\/\"]}]},{\"@type\":\"ImageObject\",\"inLanguage\":\"en-GB\",\"@id\":\"https:\\\/\\\/mharbu.com\\\/produkt\\\/mincovka-ancient-oak\\\/#primaryimage\",\"url\":\"https:\\\/\\\/mharbu.com\\\/wp-content\\\/uploads\\\/2024\\\/09\\\/oak_mincovka-1-scaled.jpg\",\"contentUrl\":\"https:\\\/\\\/mharbu.com\\\/wp-content\\\/uploads\\\/2024\\\/09\\\/oak_mincovka-1-scaled.jpg\",\"width\":2560,\"height\":2560,\"caption\":\"Mincovka Ancient Oak\"},{\"@type\":\"BreadcrumbList\",\"@id\":\"https:\\\/\\\/mharbu.com\\\/produkt\\\/mincovka-ancient-oak\\\/#breadcrumb\",\"itemListElement\":[{\"@type\":\"ListItem\",\"position\":1,\"name\":\"Dom\u016f\",\"item\":\"https:\\\/\\\/mharbu.com\\\/\"},{\"@type\":\"ListItem\",\"position\":2,\"name\":\"Obchod\",\"item\":\"https:\\\/\\\/mharbu.com\\\/obchod\\\/\"},{\"@type\":\"ListItem\",\"position\":3,\"name\":\"Mincovka Ancient Oak\"}]},{\"@type\":\"WebSite\",\"@id\":\"https:\\\/\\\/mharbu.com\\\/#website\",\"url\":\"https:\\\/\\\/mharbu.com\\\/\",\"name\":\"mharbu\",\"description\":\"Zavazadla pro cestovatele sv\u011bty a \u010dasem\",\"publisher\":{\"@id\":\"https:\\\/\\\/mharbu.com\\\/#organization\"},\"potentialAction\":[{\"@type\":\"SearchAction\",\"target\":{\"@type\":\"EntryPoint\",\"urlTemplate\":\"https:\\\/\\\/mharbu.com\\\/?s={search_term_string}\"},\"query-input\":{\"@type\":\"PropertyValueSpecification\",\"valueRequired\":true,\"valueName\":\"search_term_string\"}}],\"inLanguage\":\"en-GB\"},{\"@type\":\"Organization\",\"@id\":\"https:\\\/\\\/mharbu.com\\\/#organization\",\"name\":\"mharbu\",\"url\":\"https:\\\/\\\/mharbu.com\\\/\",\"logo\":{\"@type\":\"ImageObject\",\"inLanguage\":\"en-GB\",\"@id\":\"https:\\\/\\\/mharbu.com\\\/#\\\/schema\\\/logo\\\/image\\\/\",\"url\":\"https:\\\/\\\/mharbu.com\\\/wp-content\\\/uploads\\\/2024\\\/07\\\/cropped-logodlouhe-2.png\",\"contentUrl\":\"https:\\\/\\\/mharbu.com\\\/wp-content\\\/uploads\\\/2024\\\/07\\\/cropped-logodlouhe-2.png\",\"width\":183,\"height\":50,\"caption\":\"mharbu\"},\"image\":{\"@id\":\"https:\\\/\\\/mharbu.com\\\/#\\\/schema\\\/logo\\\/image\\\/\"}}]}<\/script>\n<!-- \/ Yoast SEO plugin. -->","yoast_head_json":{"title":"Ancient Oak Coin Purse - mharbu","description":"A coin purse for a few gemstones, gold coins, and credit cards. The purse is made from cowhide leather, shaped like a folded oak leaf, and is hand-dyed and decorated. It closes easily with a snap fastener.","robots":{"index":"index","follow":"follow","max-snippet":"max-snippet:-1","max-image-preview":"max-image-preview:large","max-video-preview":"max-video-preview:-1"},"canonical":"https:\/\/mharbu.com\/en\/product\/mincovka-ancient-oak\/","og_locale":"en_GB","og_type":"article","og_title":"Mincovka Ancient Oak - mharbu","og_description":"Pen\u011b\u017eenka mincovka na p\u00e1r drahokam\u016f, zlat\u00fdch minc\u00ed a platebn\u00edch karet. Mincovka je vyroben\u00e1 z hov\u011bz\u00ed k\u016f\u017ee tvaru slo\u017een\u00e9ho dubov\u00e9ho listu, je ru\u010dn\u011b barven\u00e1 a zdoben\u00e1. Zap\u00edn\u00e1 se jednodu\u0161e na druk.","og_url":"https:\/\/mharbu.com\/en\/product\/mincovka-ancient-oak\/","og_site_name":"mharbu","article_modified_time":"2026-02-07T12:14:48+00:00","og_image":[{"width":1700,"height":1700,"url":"https:\/\/mharbu.com\/wp-content\/uploads\/2024\/09\/oak_mincovka-1-scaled-e1725222923145.jpg","type":"image\/jpeg"}],"twitter_card":"summary_large_image","twitter_misc":{"Estimated reading time":"1 minute"},"schema":{"@context":"https:\/\/schema.org","@graph":[{"@type":"WebPage","@id":"https:\/\/mharbu.com\/produkt\/mincovka-ancient-oak\/","url":"https:\/\/mharbu.com\/produkt\/mincovka-ancient-oak\/","name":"Ancient Oak Coin Purse - mharbu","isPartOf":{"@id":"https:\/\/mharbu.com\/#website"},"primaryImageOfPage":{"@id":"https:\/\/mharbu.com\/produkt\/mincovka-ancient-oak\/#primaryimage"},"image":{"@id":"https:\/\/mharbu.com\/produkt\/mincovka-ancient-oak\/#primaryimage"},"thumbnailUrl":"https:\/\/mharbu.com\/wp-content\/uploads\/2024\/09\/oak_mincovka-1-scaled.jpg","datePublished":"2024-09-01T20:27:00+00:00","dateModified":"2026-02-07T12:14:48+00:00","description":"A coin purse for a few gemstones, gold coins, and credit cards. The purse is made from cowhide leather, shaped like a folded oak leaf, and is hand-dyed and decorated. It closes easily with a snap fastener.","breadcrumb":{"@id":"https:\/\/mharbu.com\/produkt\/mincovka-ancient-oak\/#breadcrumb"},"inLanguage":"en-GB","potentialAction":[{"@type":"ReadAction","target":["https:\/\/mharbu.com\/produkt\/mincovka-ancient-oak\/"]}]},{"@type":"ImageObject","inLanguage":"en-GB","@id":"https:\/\/mharbu.com\/produkt\/mincovka-ancient-oak\/#primaryimage","url":"https:\/\/mharbu.com\/wp-content\/uploads\/2024\/09\/oak_mincovka-1-scaled.jpg","contentUrl":"https:\/\/mharbu.com\/wp-content\/uploads\/2024\/09\/oak_mincovka-1-scaled.jpg","width":2560,"height":2560,"caption":"Mincovka Ancient Oak"},{"@type":"BreadcrumbList","@id":"https:\/\/mharbu.com\/produkt\/mincovka-ancient-oak\/#breadcrumb","itemListElement":[{"@type":"ListItem","position":1,"name":"Dom\u016f","item":"https:\/\/mharbu.com\/"},{"@type":"ListItem","position":2,"name":"Obchod","item":"https:\/\/mharbu.com\/obchod\/"},{"@type":"ListItem","position":3,"name":"Mincovka Ancient Oak"}]},{"@type":"WebSite","@id":"https:\/\/mharbu.com\/#website","url":"https:\/\/mharbu.com\/","name":"mharbu","description":"Luggage for travelers through worlds and time","publisher":{"@id":"https:\/\/mharbu.com\/#organization"},"potentialAction":[{"@type":"SearchAction","target":{"@type":"EntryPoint","urlTemplate":"https:\/\/mharbu.com\/?s={search_term_string}"},"query-input":{"@type":"PropertyValueSpecification","valueRequired":true,"valueName":"search_term_string"}}],"inLanguage":"en-GB"},{"@type":"Organization","@id":"https:\/\/mharbu.com\/#organization","name":"mharbu","url":"https:\/\/mharbu.com\/","logo":{"@type":"ImageObject","inLanguage":"en-GB","@id":"https:\/\/mharbu.com\/#\/schema\/logo\/image\/","url":"https:\/\/mharbu.com\/wp-content\/uploads\/2024\/07\/cropped-logodlouhe-2.png","contentUrl":"https:\/\/mharbu.com\/wp-content\/uploads\/2024\/07\/cropped-logodlouhe-2.png","width":183,"height":50,"caption":"mharbu"},"image":{"@id":"https:\/\/mharbu.com\/#\/schema\/logo\/image\/"}}]}},"_links":{"self":[{"href":"https:\/\/mharbu.com\/en\/wp-json\/wp\/v2\/product\/457","targetHints":{"allow":["GET"]}}],"collection":[{"href":"https:\/\/mharbu.com\/en\/wp-json\/wp\/v2\/product"}],"about":[{"href":"https:\/\/mharbu.com\/en\/wp-json\/wp\/v2\/types\/product"}],"wp:featuredmedia":[{"embeddable":true,"href":"https:\/\/mharbu.com\/en\/wp-json\/wp\/v2\/media\/460"}],"wp:attachment":[{"href":"https:\/\/mharbu.com\/en\/wp-json\/wp\/v2\/media?parent=457"}],"wp:term":[{"taxonomy":"product_brand","embeddable":true,"href":"https:\/\/mharbu.com\/en\/wp-json\/wp\/v2\/product_brand?post=457"},{"taxonomy":"product_cat","embeddable":true,"href":"https:\/\/mharbu.com\/en\/wp-json\/wp\/v2\/product_cat?post=457"},{"taxonomy":"product_tag","embeddable":true,"href":"https:\/\/mharbu.com\/en\/wp-json\/wp\/v2\/product_tag?post=457"}],"curies":[{"name":"wp","href":"https:\/\/api.w.org\/{rel}","templated":true}]}}