{"id":518,"date":"2024-09-17T14:01:33","date_gmt":"2024-09-17T12:01:33","guid":{"rendered":"https:\/\/mharbu.com\/?post_type=product&#038;p=518"},"modified":"2026-04-10T17:41:57","modified_gmt":"2026-04-10T15:41:57","slug":"opaskova-taska-ancient-oak","status":"publish","type":"product","link":"https:\/\/mharbu.com\/en\/product\/opaskova-taska-ancient-oak\/","title":{"rendered":"Belt Forager bag Ancient Oak"},"content":{"rendered":"","protected":false},"excerpt":{"rendered":"<p>Leather roll-up foraging belt bag made from hand-dyed leather and cotton canvas, waxed with natural waxes. Suitable for regular belts, matching one available <a href=\"https:\/\/mharbu.com\/en\/product\/opasek-ancient-oak\/\">here<\/a>.<\/p>\n<p>This practical and durable bag combines the strength of leather with the practicality of waxed cotton canvas. Natural waxes provide protection against dirt and moisture, and unlike polyester fibers or paraffin-waxed canvas, they are ecological and environmentally friendly.<\/p>\n<p>The bag is large enough (38\u00d730 cm) for collecting treasures from nature or for everyday \"hunting\" at the city supermarket. The long handles can be tied if needed.<\/p>\n<p>Due to the natural nature of the leather and the hand-dyeing process, each pouch is unique and may vary slightly from the one in the picture.<\/p>","protected":false},"featured_media":530,"template":"","meta":{"ocean_post_layout":"","ocean_both_sidebars_style":"","ocean_both_sidebars_content_width":0,"ocean_both_sidebars_sidebars_width":0,"ocean_sidebar":"0","ocean_second_sidebar":"0","ocean_disable_margins":"enable","ocean_add_body_class":"","ocean_shortcode_before_top_bar":"","ocean_shortcode_after_top_bar":"","ocean_shortcode_before_header":"","ocean_shortcode_after_header":"","ocean_has_shortcode":"","ocean_shortcode_after_title":"","ocean_shortcode_before_footer_widgets":"","ocean_shortcode_after_footer_widgets":"","ocean_shortcode_before_footer_bottom":"","ocean_shortcode_after_footer_bottom":"","ocean_display_top_bar":"default","ocean_display_header":"default","ocean_header_style":"","ocean_center_header_left_menu":"0","ocean_custom_header_template":"0","ocean_custom_logo":0,"ocean_custom_retina_logo":0,"ocean_custom_logo_max_width":0,"ocean_custom_logo_tablet_max_width":0,"ocean_custom_logo_mobile_max_width":0,"ocean_custom_logo_max_height":0,"ocean_custom_logo_tablet_max_height":0,"ocean_custom_logo_mobile_max_height":0,"ocean_header_custom_menu":"0","ocean_menu_typo_font_family":"0","ocean_menu_typo_font_subset":"","ocean_menu_typo_font_size":0,"ocean_menu_typo_font_size_tablet":0,"ocean_menu_typo_font_size_mobile":0,"ocean_menu_typo_font_size_unit":"px","ocean_menu_typo_font_weight":"","ocean_menu_typo_font_weight_tablet":"","ocean_menu_typo_font_weight_mobile":"","ocean_menu_typo_transform":"","ocean_menu_typo_transform_tablet":"","ocean_menu_typo_transform_mobile":"","ocean_menu_typo_line_height":0,"ocean_menu_typo_line_height_tablet":0,"ocean_menu_typo_line_height_mobile":0,"ocean_menu_typo_line_height_unit":"","ocean_menu_typo_spacing":0,"ocean_menu_typo_spacing_tablet":0,"ocean_menu_typo_spacing_mobile":0,"ocean_menu_typo_spacing_unit":"","ocean_menu_link_color":"","ocean_menu_link_color_hover":"","ocean_menu_link_color_active":"","ocean_menu_link_background":"","ocean_menu_link_hover_background":"","ocean_menu_link_active_background":"","ocean_menu_social_links_bg":"","ocean_menu_social_hover_links_bg":"","ocean_menu_social_links_color":"","ocean_menu_social_hover_links_color":"","ocean_disable_title":"default","ocean_disable_heading":"default","ocean_post_title":"","ocean_post_subheading":"","ocean_post_title_style":"","ocean_post_title_background_color":"","ocean_post_title_background":0,"ocean_post_title_bg_image_position":"","ocean_post_title_bg_image_attachment":"","ocean_post_title_bg_image_repeat":"","ocean_post_title_bg_image_size":"","ocean_post_title_height":0,"ocean_post_title_bg_overlay":0.5,"ocean_post_title_bg_overlay_color":"","ocean_disable_breadcrumbs":"default","ocean_breadcrumbs_color":"","ocean_breadcrumbs_separator_color":"","ocean_breadcrumbs_links_color":"","ocean_breadcrumbs_links_hover_color":"","ocean_display_footer_widgets":"default","ocean_display_footer_bottom":"default","ocean_custom_footer_template":"0"},"product_brand":[],"product_cat":[33,18],"product_tag":[],"class_list":{"0":"post-518","1":"product","2":"type-product","3":"status-publish","4":"has-post-thumbnail","6":"product_cat-ancient-oak","7":"product_cat-kabelky","9":"entry","10":"has-media","12":"first","13":"instock","14":"shipping-taxable","15":"purchasable","16":"product-type-simple","17":"col","18":"span_1_of_4","19":"owp-content-center","20":"owp-thumbs-layout-horizontal","21":"owp-btn-very-big","22":"owp-tabs-layout-horizontal"},"yoast_head":"<!-- This site is optimized with the Yoast SEO plugin v27.3 - https:\/\/yoast.com\/product\/yoast-seo-wordpress\/ -->\n<title>Rolovac\u00ed ta\u0161ka na opasek Ancient Oak - mharbu<\/title>\n<meta name=\"description\" content=\"Ko\u017een\u00e1 rolovac\u00ed sb\u011bra\u010dsk\u00e1 ta\u0161ka na opasek z ru\u010dn\u011b barven\u00e9 k\u016f\u017ee a voskovan\u00e9ho bavln\u011bn\u00e9ho kanvasu. Rozm\u011bry 38x30 cm. Kolekce Ancient Oak.\" \/>\n<meta name=\"robots\" content=\"index, follow, max-snippet:-1, max-image-preview:large, max-video-preview:-1\" \/>\n<link rel=\"canonical\" href=\"https:\/\/mharbu.com\/en\/product\/opaskova-taska-ancient-oak\/\" \/>\n<meta property=\"og:locale\" content=\"en_GB\" \/>\n<meta property=\"og:type\" content=\"article\" \/>\n<meta property=\"og:title\" content=\"Rolovac\u00ed ta\u0161ka na opasek Ancient Oak - mharbu\" \/>\n<meta property=\"og:description\" content=\"Ko\u017een\u00e1 rolovac\u00ed sb\u011bra\u010dsk\u00e1 ta\u0161ka na opasek z ru\u010dn\u011b barven\u00e9 k\u016f\u017ee a voskovan\u00e9ho bavln\u011bn\u00e9ho kanvasu. Rozm\u011bry 38x30 cm. Kolekce Ancient Oak.\" \/>\n<meta property=\"og:url\" content=\"https:\/\/mharbu.com\/en\/product\/opaskova-taska-ancient-oak\/\" \/>\n<meta property=\"og:site_name\" content=\"mharbu\" \/>\n<meta property=\"article:modified_time\" content=\"2026-04-10T15:41:57+00:00\" \/>\n<meta property=\"og:image\" content=\"https:\/\/mharbu.com\/wp-content\/uploads\/2024\/09\/IMG_5463_portrait9-70-e1769788267469.webp\" \/>\n\t<meta property=\"og:image:width\" content=\"800\" \/>\n\t<meta property=\"og:image:height\" content=\"1000\" \/>\n\t<meta property=\"og:image:type\" content=\"image\/webp\" \/>\n<meta name=\"twitter:card\" content=\"summary_large_image\" \/>\n<meta name=\"twitter:label1\" content=\"Estimated reading time\" \/>\n\t<meta name=\"twitter:data1\" content=\"1 minute\" \/>\n<script type=\"application\/ld+json\" class=\"yoast-schema-graph\">{\"@context\":\"https:\\\/\\\/schema.org\",\"@graph\":[{\"@type\":\"WebPage\",\"@id\":\"https:\\\/\\\/mharbu.com\\\/produkt\\\/opaskova-taska-ancient-oak\\\/\",\"url\":\"https:\\\/\\\/mharbu.com\\\/produkt\\\/opaskova-taska-ancient-oak\\\/\",\"name\":\"Rolovac\u00ed ta\u0161ka na opasek Ancient Oak - mharbu\",\"isPartOf\":{\"@id\":\"https:\\\/\\\/mharbu.com\\\/#website\"},\"primaryImageOfPage\":{\"@id\":\"https:\\\/\\\/mharbu.com\\\/produkt\\\/opaskova-taska-ancient-oak\\\/#primaryimage\"},\"image\":{\"@id\":\"https:\\\/\\\/mharbu.com\\\/produkt\\\/opaskova-taska-ancient-oak\\\/#primaryimage\"},\"thumbnailUrl\":\"https:\\\/\\\/mharbu.com\\\/wp-content\\\/uploads\\\/2024\\\/09\\\/IMG_5463_portrait9-70-e1769788267469.webp\",\"datePublished\":\"2024-09-17T12:01:33+00:00\",\"dateModified\":\"2026-04-10T15:41:57+00:00\",\"description\":\"Ko\u017een\u00e1 rolovac\u00ed sb\u011bra\u010dsk\u00e1 ta\u0161ka na opasek z ru\u010dn\u011b barven\u00e9 k\u016f\u017ee a voskovan\u00e9ho bavln\u011bn\u00e9ho kanvasu. Rozm\u011bry 38x30 cm. Kolekce Ancient Oak.\",\"breadcrumb\":{\"@id\":\"https:\\\/\\\/mharbu.com\\\/produkt\\\/opaskova-taska-ancient-oak\\\/#breadcrumb\"},\"inLanguage\":\"en-GB\",\"potentialAction\":[{\"@type\":\"ReadAction\",\"target\":[\"https:\\\/\\\/mharbu.com\\\/produkt\\\/opaskova-taska-ancient-oak\\\/\"]}]},{\"@type\":\"ImageObject\",\"inLanguage\":\"en-GB\",\"@id\":\"https:\\\/\\\/mharbu.com\\\/produkt\\\/opaskova-taska-ancient-oak\\\/#primaryimage\",\"url\":\"https:\\\/\\\/mharbu.com\\\/wp-content\\\/uploads\\\/2024\\\/09\\\/IMG_5463_portrait9-70-e1769788267469.webp\",\"contentUrl\":\"https:\\\/\\\/mharbu.com\\\/wp-content\\\/uploads\\\/2024\\\/09\\\/IMG_5463_portrait9-70-e1769788267469.webp\",\"width\":800,\"height\":1000,\"caption\":\"Rolovac\u00ed ta\u0161ka z k\u016f\u017ee a voskovan\u00e9ho pl\u00e1tna\"},{\"@type\":\"BreadcrumbList\",\"@id\":\"https:\\\/\\\/mharbu.com\\\/produkt\\\/opaskova-taska-ancient-oak\\\/#breadcrumb\",\"itemListElement\":[{\"@type\":\"ListItem\",\"position\":1,\"name\":\"Dom\u016f\",\"item\":\"https:\\\/\\\/mharbu.com\\\/\"},{\"@type\":\"ListItem\",\"position\":2,\"name\":\"Obchod\",\"item\":\"https:\\\/\\\/mharbu.com\\\/obchod\\\/\"},{\"@type\":\"ListItem\",\"position\":3,\"name\":\"Rolovac\u00ed ta\u0161ka na opasek Ancient Oak\"}]},{\"@type\":\"WebSite\",\"@id\":\"https:\\\/\\\/mharbu.com\\\/#website\",\"url\":\"https:\\\/\\\/mharbu.com\\\/\",\"name\":\"mharbu\",\"description\":\"Zavazadla pro cestovatele sv\u011bty a \u010dasem\",\"publisher\":{\"@id\":\"https:\\\/\\\/mharbu.com\\\/#organization\"},\"potentialAction\":[{\"@type\":\"SearchAction\",\"target\":{\"@type\":\"EntryPoint\",\"urlTemplate\":\"https:\\\/\\\/mharbu.com\\\/?s={search_term_string}\"},\"query-input\":{\"@type\":\"PropertyValueSpecification\",\"valueRequired\":true,\"valueName\":\"search_term_string\"}}],\"inLanguage\":\"en-GB\"},{\"@type\":\"Organization\",\"@id\":\"https:\\\/\\\/mharbu.com\\\/#organization\",\"name\":\"mharbu\",\"url\":\"https:\\\/\\\/mharbu.com\\\/\",\"logo\":{\"@type\":\"ImageObject\",\"inLanguage\":\"en-GB\",\"@id\":\"https:\\\/\\\/mharbu.com\\\/#\\\/schema\\\/logo\\\/image\\\/\",\"url\":\"https:\\\/\\\/mharbu.com\\\/wp-content\\\/uploads\\\/2024\\\/07\\\/cropped-logodlouhe-2.png\",\"contentUrl\":\"https:\\\/\\\/mharbu.com\\\/wp-content\\\/uploads\\\/2024\\\/07\\\/cropped-logodlouhe-2.png\",\"width\":183,\"height\":50,\"caption\":\"mharbu\"},\"image\":{\"@id\":\"https:\\\/\\\/mharbu.com\\\/#\\\/schema\\\/logo\\\/image\\\/\"}}]}<\/script>\n<!-- \/ Yoast SEO plugin. -->","yoast_head_json":{"title":"Rolovac\u00ed ta\u0161ka na opasek Ancient Oak - mharbu","description":"Leather roll-up foraging belt bag made from hand-dyed leather and waxed cotton canvas. Size 38x30 cm. Ancient Oak collection.","robots":{"index":"index","follow":"follow","max-snippet":"max-snippet:-1","max-image-preview":"max-image-preview:large","max-video-preview":"max-video-preview:-1"},"canonical":"https:\/\/mharbu.com\/en\/product\/opaskova-taska-ancient-oak\/","og_locale":"en_GB","og_type":"article","og_title":"Rolovac\u00ed ta\u0161ka na opasek Ancient Oak - mharbu","og_description":"Ko\u017een\u00e1 rolovac\u00ed sb\u011bra\u010dsk\u00e1 ta\u0161ka na opasek z ru\u010dn\u011b barven\u00e9 k\u016f\u017ee a voskovan\u00e9ho bavln\u011bn\u00e9ho kanvasu. Rozm\u011bry 38x30 cm. Kolekce Ancient Oak.","og_url":"https:\/\/mharbu.com\/en\/product\/opaskova-taska-ancient-oak\/","og_site_name":"mharbu","article_modified_time":"2026-04-10T15:41:57+00:00","og_image":[{"width":800,"height":1000,"url":"https:\/\/mharbu.com\/wp-content\/uploads\/2024\/09\/IMG_5463_portrait9-70-e1769788267469.webp","type":"image\/webp"}],"twitter_card":"summary_large_image","twitter_misc":{"Estimated reading time":"1 minute"},"schema":{"@context":"https:\/\/schema.org","@graph":[{"@type":"WebPage","@id":"https:\/\/mharbu.com\/produkt\/opaskova-taska-ancient-oak\/","url":"https:\/\/mharbu.com\/produkt\/opaskova-taska-ancient-oak\/","name":"Rolovac\u00ed ta\u0161ka na opasek Ancient Oak - mharbu","isPartOf":{"@id":"https:\/\/mharbu.com\/#website"},"primaryImageOfPage":{"@id":"https:\/\/mharbu.com\/produkt\/opaskova-taska-ancient-oak\/#primaryimage"},"image":{"@id":"https:\/\/mharbu.com\/produkt\/opaskova-taska-ancient-oak\/#primaryimage"},"thumbnailUrl":"https:\/\/mharbu.com\/wp-content\/uploads\/2024\/09\/IMG_5463_portrait9-70-e1769788267469.webp","datePublished":"2024-09-17T12:01:33+00:00","dateModified":"2026-04-10T15:41:57+00:00","description":"Leather roll-up foraging belt bag made from hand-dyed leather and waxed cotton canvas. Size 38x30 cm. Ancient Oak collection.","breadcrumb":{"@id":"https:\/\/mharbu.com\/produkt\/opaskova-taska-ancient-oak\/#breadcrumb"},"inLanguage":"en-GB","potentialAction":[{"@type":"ReadAction","target":["https:\/\/mharbu.com\/produkt\/opaskova-taska-ancient-oak\/"]}]},{"@type":"ImageObject","inLanguage":"en-GB","@id":"https:\/\/mharbu.com\/produkt\/opaskova-taska-ancient-oak\/#primaryimage","url":"https:\/\/mharbu.com\/wp-content\/uploads\/2024\/09\/IMG_5463_portrait9-70-e1769788267469.webp","contentUrl":"https:\/\/mharbu.com\/wp-content\/uploads\/2024\/09\/IMG_5463_portrait9-70-e1769788267469.webp","width":800,"height":1000,"caption":"Rolovac\u00ed ta\u0161ka z k\u016f\u017ee a voskovan\u00e9ho pl\u00e1tna"},{"@type":"BreadcrumbList","@id":"https:\/\/mharbu.com\/produkt\/opaskova-taska-ancient-oak\/#breadcrumb","itemListElement":[{"@type":"ListItem","position":1,"name":"Dom\u016f","item":"https:\/\/mharbu.com\/"},{"@type":"ListItem","position":2,"name":"Obchod","item":"https:\/\/mharbu.com\/obchod\/"},{"@type":"ListItem","position":3,"name":"Rolovac\u00ed ta\u0161ka na opasek Ancient Oak"}]},{"@type":"WebSite","@id":"https:\/\/mharbu.com\/#website","url":"https:\/\/mharbu.com\/","name":"mharbu","description":"Luggage for travelers through worlds and time","publisher":{"@id":"https:\/\/mharbu.com\/#organization"},"potentialAction":[{"@type":"SearchAction","target":{"@type":"EntryPoint","urlTemplate":"https:\/\/mharbu.com\/?s={search_term_string}"},"query-input":{"@type":"PropertyValueSpecification","valueRequired":true,"valueName":"search_term_string"}}],"inLanguage":"en-GB"},{"@type":"Organization","@id":"https:\/\/mharbu.com\/#organization","name":"mharbu","url":"https:\/\/mharbu.com\/","logo":{"@type":"ImageObject","inLanguage":"en-GB","@id":"https:\/\/mharbu.com\/#\/schema\/logo\/image\/","url":"https:\/\/mharbu.com\/wp-content\/uploads\/2024\/07\/cropped-logodlouhe-2.png","contentUrl":"https:\/\/mharbu.com\/wp-content\/uploads\/2024\/07\/cropped-logodlouhe-2.png","width":183,"height":50,"caption":"mharbu"},"image":{"@id":"https:\/\/mharbu.com\/#\/schema\/logo\/image\/"}}]}},"_links":{"self":[{"href":"https:\/\/mharbu.com\/en\/wp-json\/wp\/v2\/product\/518","targetHints":{"allow":["GET"]}}],"collection":[{"href":"https:\/\/mharbu.com\/en\/wp-json\/wp\/v2\/product"}],"about":[{"href":"https:\/\/mharbu.com\/en\/wp-json\/wp\/v2\/types\/product"}],"wp:featuredmedia":[{"embeddable":true,"href":"https:\/\/mharbu.com\/en\/wp-json\/wp\/v2\/media\/530"}],"wp:attachment":[{"href":"https:\/\/mharbu.com\/en\/wp-json\/wp\/v2\/media?parent=518"}],"wp:term":[{"taxonomy":"product_brand","embeddable":true,"href":"https:\/\/mharbu.com\/en\/wp-json\/wp\/v2\/product_brand?post=518"},{"taxonomy":"product_cat","embeddable":true,"href":"https:\/\/mharbu.com\/en\/wp-json\/wp\/v2\/product_cat?post=518"},{"taxonomy":"product_tag","embeddable":true,"href":"https:\/\/mharbu.com\/en\/wp-json\/wp\/v2\/product_tag?post=518"}],"curies":[{"name":"wp","href":"https:\/\/api.w.org\/{rel}","templated":true}]}}