{"id":519,"date":"2024-09-13T09:55:40","date_gmt":"2024-09-13T07:55:40","guid":{"rendered":"https:\/\/mharbu.com\/?post_type=product&#038;p=519"},"modified":"2026-02-07T13:15:18","modified_gmt":"2026-02-07T12:15:18","slug":"spona-do-vlasu-elven-leaf","status":"publish","type":"product","link":"https:\/\/mharbu.com\/en\/product\/spona-do-vlasu-elven-leaf\/","title":{"rendered":"Elven Leaf Hair Clip"},"content":{"rendered":"","protected":false},"excerpt":{"rendered":"<p>Large leather leaf hair clip from the Elven Leaf collection in single leaf shape in green with red accents. French mechanism is 10 cm wide. It will be enough to hold all the hair of most elven and many hobbit women. And when you're having a \"bad hair day\", you can claim that your intention was always to look like a dryad.<\/p>\n<p>Due to the natural character of leather and hand dyeing, each piece differs slightly from what you see in the photographs. Leather naturally may have minor irregularities. These variations are not defects but add uniqueness to each piece. (And of course, don't forget about different monitor settings that can affect color display.)<\/p>","protected":false},"featured_media":520,"template":"","meta":{"ocean_post_layout":"","ocean_both_sidebars_style":"","ocean_both_sidebars_content_width":0,"ocean_both_sidebars_sidebars_width":0,"ocean_sidebar":"0","ocean_second_sidebar":"0","ocean_disable_margins":"enable","ocean_add_body_class":"","ocean_shortcode_before_top_bar":"","ocean_shortcode_after_top_bar":"","ocean_shortcode_before_header":"","ocean_shortcode_after_header":"","ocean_has_shortcode":"","ocean_shortcode_after_title":"","ocean_shortcode_before_footer_widgets":"","ocean_shortcode_after_footer_widgets":"","ocean_shortcode_before_footer_bottom":"","ocean_shortcode_after_footer_bottom":"","ocean_display_top_bar":"default","ocean_display_header":"default","ocean_header_style":"","ocean_center_header_left_menu":"0","ocean_custom_header_template":"0","ocean_custom_logo":0,"ocean_custom_retina_logo":0,"ocean_custom_logo_max_width":0,"ocean_custom_logo_tablet_max_width":0,"ocean_custom_logo_mobile_max_width":0,"ocean_custom_logo_max_height":0,"ocean_custom_logo_tablet_max_height":0,"ocean_custom_logo_mobile_max_height":0,"ocean_header_custom_menu":"0","ocean_menu_typo_font_family":"0","ocean_menu_typo_font_subset":"","ocean_menu_typo_font_size":0,"ocean_menu_typo_font_size_tablet":0,"ocean_menu_typo_font_size_mobile":0,"ocean_menu_typo_font_size_unit":"px","ocean_menu_typo_font_weight":"","ocean_menu_typo_font_weight_tablet":"","ocean_menu_typo_font_weight_mobile":"","ocean_menu_typo_transform":"","ocean_menu_typo_transform_tablet":"","ocean_menu_typo_transform_mobile":"","ocean_menu_typo_line_height":0,"ocean_menu_typo_line_height_tablet":0,"ocean_menu_typo_line_height_mobile":0,"ocean_menu_typo_line_height_unit":"","ocean_menu_typo_spacing":0,"ocean_menu_typo_spacing_tablet":0,"ocean_menu_typo_spacing_mobile":0,"ocean_menu_typo_spacing_unit":"","ocean_menu_link_color":"","ocean_menu_link_color_hover":"","ocean_menu_link_color_active":"","ocean_menu_link_background":"","ocean_menu_link_hover_background":"","ocean_menu_link_active_background":"","ocean_menu_social_links_bg":"","ocean_menu_social_hover_links_bg":"","ocean_menu_social_links_color":"","ocean_menu_social_hover_links_color":"","ocean_disable_title":"default","ocean_disable_heading":"default","ocean_post_title":"","ocean_post_subheading":"","ocean_post_title_style":"","ocean_post_title_background_color":"","ocean_post_title_background":0,"ocean_post_title_bg_image_position":"","ocean_post_title_bg_image_attachment":"","ocean_post_title_bg_image_repeat":"","ocean_post_title_bg_image_size":"","ocean_post_title_height":0,"ocean_post_title_bg_overlay":0.5,"ocean_post_title_bg_overlay_color":"","ocean_disable_breadcrumbs":"default","ocean_breadcrumbs_color":"","ocean_breadcrumbs_separator_color":"","ocean_breadcrumbs_links_color":"","ocean_breadcrumbs_links_hover_color":"","ocean_display_footer_widgets":"default","ocean_display_footer_bottom":"default","ocean_custom_footer_template":"0"},"product_brand":[],"product_cat":[20,36],"product_tag":[],"class_list":{"0":"post-519","1":"product","2":"type-product","3":"status-publish","4":"has-post-thumbnail","6":"product_cat-doplnky","7":"product_cat-elven-leaf","9":"entry","10":"has-media","12":"first","13":"instock","14":"shipping-taxable","15":"purchasable","16":"product-type-simple","17":"col","18":"span_1_of_4","19":"owp-content-center","20":"owp-thumbs-layout-horizontal","21":"owp-btn-very-big","22":"owp-tabs-layout-horizontal","23":"has-no-thumbnails"},"yoast_head":"<!-- This site is optimized with the Yoast SEO plugin v27.3 - https:\/\/yoast.com\/product\/yoast-seo-wordpress\/ -->\n<title>Spona do vlas\u016f Elven Leaf - mharbu<\/title>\n<meta name=\"description\" content=\"Hled\u00e1te dopln\u011bk, kter\u00fd zkrot\u00ed va\u0161e vlasy? Men\u0161\u00ed spona do vlas\u016f ve tvaru list\u016f se na ka\u017edodenn\u00ed no\u0161en\u00ed i ke kost\u00fdmu elfky nebo dry\u00e1dy.\" \/>\n<meta name=\"robots\" content=\"index, follow, max-snippet:-1, max-image-preview:large, max-video-preview:-1\" \/>\n<link rel=\"canonical\" href=\"https:\/\/mharbu.com\/en\/product\/spona-do-vlasu-elven-leaf\/\" \/>\n<meta property=\"og:locale\" content=\"en_GB\" \/>\n<meta property=\"og:type\" content=\"article\" \/>\n<meta property=\"og:title\" content=\"Spona do vlas\u016f Elven Leaf - mharbu\" \/>\n<meta property=\"og:description\" content=\"Hled\u00e1te dopln\u011bk, kter\u00fd zkrot\u00ed va\u0161e vlasy? Men\u0161\u00ed spona do vlas\u016f ve tvaru list\u016f se na ka\u017edodenn\u00ed no\u0161en\u00ed i ke kost\u00fdmu elfky nebo dry\u00e1dy.\" \/>\n<meta property=\"og:url\" content=\"https:\/\/mharbu.com\/en\/product\/spona-do-vlasu-elven-leaf\/\" \/>\n<meta property=\"og:site_name\" content=\"mharbu\" \/>\n<meta property=\"article:modified_time\" content=\"2026-02-07T12:15:18+00:00\" \/>\n<meta property=\"og:image\" content=\"https:\/\/mharbu.com\/wp-content\/uploads\/2024\/09\/spona_elven.webp\" \/>\n\t<meta property=\"og:image:width\" content=\"1100\" \/>\n\t<meta property=\"og:image:height\" content=\"1100\" \/>\n\t<meta property=\"og:image:type\" content=\"image\/webp\" \/>\n<meta name=\"twitter:card\" content=\"summary_large_image\" \/>\n<meta name=\"twitter:label1\" content=\"Estimated reading time\" \/>\n\t<meta name=\"twitter:data1\" content=\"1 minute\" \/>\n<script type=\"application\/ld+json\" class=\"yoast-schema-graph\">{\"@context\":\"https:\\\/\\\/schema.org\",\"@graph\":[{\"@type\":\"WebPage\",\"@id\":\"https:\\\/\\\/mharbu.com\\\/produkt\\\/spona-do-vlasu-elven-leaf\\\/\",\"url\":\"https:\\\/\\\/mharbu.com\\\/produkt\\\/spona-do-vlasu-elven-leaf\\\/\",\"name\":\"Spona do vlas\u016f Elven Leaf - mharbu\",\"isPartOf\":{\"@id\":\"https:\\\/\\\/mharbu.com\\\/#website\"},\"primaryImageOfPage\":{\"@id\":\"https:\\\/\\\/mharbu.com\\\/produkt\\\/spona-do-vlasu-elven-leaf\\\/#primaryimage\"},\"image\":{\"@id\":\"https:\\\/\\\/mharbu.com\\\/produkt\\\/spona-do-vlasu-elven-leaf\\\/#primaryimage\"},\"thumbnailUrl\":\"https:\\\/\\\/mharbu.com\\\/wp-content\\\/uploads\\\/2024\\\/09\\\/spona_elven.webp\",\"datePublished\":\"2024-09-13T07:55:40+00:00\",\"dateModified\":\"2026-02-07T12:15:18+00:00\",\"description\":\"Hled\u00e1te dopln\u011bk, kter\u00fd zkrot\u00ed va\u0161e vlasy? Men\u0161\u00ed spona do vlas\u016f ve tvaru list\u016f se na ka\u017edodenn\u00ed no\u0161en\u00ed i ke kost\u00fdmu elfky nebo dry\u00e1dy.\",\"breadcrumb\":{\"@id\":\"https:\\\/\\\/mharbu.com\\\/produkt\\\/spona-do-vlasu-elven-leaf\\\/#breadcrumb\"},\"inLanguage\":\"en-GB\",\"potentialAction\":[{\"@type\":\"ReadAction\",\"target\":[\"https:\\\/\\\/mharbu.com\\\/produkt\\\/spona-do-vlasu-elven-leaf\\\/\"]}]},{\"@type\":\"ImageObject\",\"inLanguage\":\"en-GB\",\"@id\":\"https:\\\/\\\/mharbu.com\\\/produkt\\\/spona-do-vlasu-elven-leaf\\\/#primaryimage\",\"url\":\"https:\\\/\\\/mharbu.com\\\/wp-content\\\/uploads\\\/2024\\\/09\\\/spona_elven.webp\",\"contentUrl\":\"https:\\\/\\\/mharbu.com\\\/wp-content\\\/uploads\\\/2024\\\/09\\\/spona_elven.webp\",\"width\":1100,\"height\":1100,\"caption\":\"Francouzsk\u00e1 spona do vlas\u016f z kolekce Elven Leaf\"},{\"@type\":\"BreadcrumbList\",\"@id\":\"https:\\\/\\\/mharbu.com\\\/produkt\\\/spona-do-vlasu-elven-leaf\\\/#breadcrumb\",\"itemListElement\":[{\"@type\":\"ListItem\",\"position\":1,\"name\":\"Dom\u016f\",\"item\":\"https:\\\/\\\/mharbu.com\\\/\"},{\"@type\":\"ListItem\",\"position\":2,\"name\":\"Obchod\",\"item\":\"https:\\\/\\\/mharbu.com\\\/obchod\\\/\"},{\"@type\":\"ListItem\",\"position\":3,\"name\":\"Spona do vlas\u016f Elven Leaf\"}]},{\"@type\":\"WebSite\",\"@id\":\"https:\\\/\\\/mharbu.com\\\/#website\",\"url\":\"https:\\\/\\\/mharbu.com\\\/\",\"name\":\"mharbu\",\"description\":\"Zavazadla pro cestovatele sv\u011bty a \u010dasem\",\"publisher\":{\"@id\":\"https:\\\/\\\/mharbu.com\\\/#organization\"},\"potentialAction\":[{\"@type\":\"SearchAction\",\"target\":{\"@type\":\"EntryPoint\",\"urlTemplate\":\"https:\\\/\\\/mharbu.com\\\/?s={search_term_string}\"},\"query-input\":{\"@type\":\"PropertyValueSpecification\",\"valueRequired\":true,\"valueName\":\"search_term_string\"}}],\"inLanguage\":\"en-GB\"},{\"@type\":\"Organization\",\"@id\":\"https:\\\/\\\/mharbu.com\\\/#organization\",\"name\":\"mharbu\",\"url\":\"https:\\\/\\\/mharbu.com\\\/\",\"logo\":{\"@type\":\"ImageObject\",\"inLanguage\":\"en-GB\",\"@id\":\"https:\\\/\\\/mharbu.com\\\/#\\\/schema\\\/logo\\\/image\\\/\",\"url\":\"https:\\\/\\\/mharbu.com\\\/wp-content\\\/uploads\\\/2024\\\/07\\\/cropped-logodlouhe-2.png\",\"contentUrl\":\"https:\\\/\\\/mharbu.com\\\/wp-content\\\/uploads\\\/2024\\\/07\\\/cropped-logodlouhe-2.png\",\"width\":183,\"height\":50,\"caption\":\"mharbu\"},\"image\":{\"@id\":\"https:\\\/\\\/mharbu.com\\\/#\\\/schema\\\/logo\\\/image\\\/\"}}]}<\/script>\n<!-- \/ Yoast SEO plugin. -->","yoast_head_json":{"title":"Spona do vlas\u016f Elven Leaf - mharbu","description":"Looking for an accessory to tame your hair? Small leaf-shaped hair clip suitable for everyday wear as well as for elven or dryad costumes.","robots":{"index":"index","follow":"follow","max-snippet":"max-snippet:-1","max-image-preview":"max-image-preview:large","max-video-preview":"max-video-preview:-1"},"canonical":"https:\/\/mharbu.com\/en\/product\/spona-do-vlasu-elven-leaf\/","og_locale":"en_GB","og_type":"article","og_title":"Spona do vlas\u016f Elven Leaf - mharbu","og_description":"Hled\u00e1te dopln\u011bk, kter\u00fd zkrot\u00ed va\u0161e vlasy? Men\u0161\u00ed spona do vlas\u016f ve tvaru list\u016f se na ka\u017edodenn\u00ed no\u0161en\u00ed i ke kost\u00fdmu elfky nebo dry\u00e1dy.","og_url":"https:\/\/mharbu.com\/en\/product\/spona-do-vlasu-elven-leaf\/","og_site_name":"mharbu","article_modified_time":"2026-02-07T12:15:18+00:00","og_image":[{"width":1100,"height":1100,"url":"https:\/\/mharbu.com\/wp-content\/uploads\/2024\/09\/spona_elven.webp","type":"image\/webp"}],"twitter_card":"summary_large_image","twitter_misc":{"Estimated reading time":"1 minute"},"schema":{"@context":"https:\/\/schema.org","@graph":[{"@type":"WebPage","@id":"https:\/\/mharbu.com\/produkt\/spona-do-vlasu-elven-leaf\/","url":"https:\/\/mharbu.com\/produkt\/spona-do-vlasu-elven-leaf\/","name":"Spona do vlas\u016f Elven Leaf - mharbu","isPartOf":{"@id":"https:\/\/mharbu.com\/#website"},"primaryImageOfPage":{"@id":"https:\/\/mharbu.com\/produkt\/spona-do-vlasu-elven-leaf\/#primaryimage"},"image":{"@id":"https:\/\/mharbu.com\/produkt\/spona-do-vlasu-elven-leaf\/#primaryimage"},"thumbnailUrl":"https:\/\/mharbu.com\/wp-content\/uploads\/2024\/09\/spona_elven.webp","datePublished":"2024-09-13T07:55:40+00:00","dateModified":"2026-02-07T12:15:18+00:00","description":"Looking for an accessory to tame your hair? Small leaf-shaped hair clip suitable for everyday wear as well as for elven or dryad costumes.","breadcrumb":{"@id":"https:\/\/mharbu.com\/produkt\/spona-do-vlasu-elven-leaf\/#breadcrumb"},"inLanguage":"en-GB","potentialAction":[{"@type":"ReadAction","target":["https:\/\/mharbu.com\/produkt\/spona-do-vlasu-elven-leaf\/"]}]},{"@type":"ImageObject","inLanguage":"en-GB","@id":"https:\/\/mharbu.com\/produkt\/spona-do-vlasu-elven-leaf\/#primaryimage","url":"https:\/\/mharbu.com\/wp-content\/uploads\/2024\/09\/spona_elven.webp","contentUrl":"https:\/\/mharbu.com\/wp-content\/uploads\/2024\/09\/spona_elven.webp","width":1100,"height":1100,"caption":"Francouzsk\u00e1 spona do vlas\u016f z kolekce Elven Leaf"},{"@type":"BreadcrumbList","@id":"https:\/\/mharbu.com\/produkt\/spona-do-vlasu-elven-leaf\/#breadcrumb","itemListElement":[{"@type":"ListItem","position":1,"name":"Dom\u016f","item":"https:\/\/mharbu.com\/"},{"@type":"ListItem","position":2,"name":"Obchod","item":"https:\/\/mharbu.com\/obchod\/"},{"@type":"ListItem","position":3,"name":"Spona do vlas\u016f Elven Leaf"}]},{"@type":"WebSite","@id":"https:\/\/mharbu.com\/#website","url":"https:\/\/mharbu.com\/","name":"mharbu","description":"Luggage for travelers through worlds and time","publisher":{"@id":"https:\/\/mharbu.com\/#organization"},"potentialAction":[{"@type":"SearchAction","target":{"@type":"EntryPoint","urlTemplate":"https:\/\/mharbu.com\/?s={search_term_string}"},"query-input":{"@type":"PropertyValueSpecification","valueRequired":true,"valueName":"search_term_string"}}],"inLanguage":"en-GB"},{"@type":"Organization","@id":"https:\/\/mharbu.com\/#organization","name":"mharbu","url":"https:\/\/mharbu.com\/","logo":{"@type":"ImageObject","inLanguage":"en-GB","@id":"https:\/\/mharbu.com\/#\/schema\/logo\/image\/","url":"https:\/\/mharbu.com\/wp-content\/uploads\/2024\/07\/cropped-logodlouhe-2.png","contentUrl":"https:\/\/mharbu.com\/wp-content\/uploads\/2024\/07\/cropped-logodlouhe-2.png","width":183,"height":50,"caption":"mharbu"},"image":{"@id":"https:\/\/mharbu.com\/#\/schema\/logo\/image\/"}}]}},"_links":{"self":[{"href":"https:\/\/mharbu.com\/en\/wp-json\/wp\/v2\/product\/519","targetHints":{"allow":["GET"]}}],"collection":[{"href":"https:\/\/mharbu.com\/en\/wp-json\/wp\/v2\/product"}],"about":[{"href":"https:\/\/mharbu.com\/en\/wp-json\/wp\/v2\/types\/product"}],"wp:featuredmedia":[{"embeddable":true,"href":"https:\/\/mharbu.com\/en\/wp-json\/wp\/v2\/media\/520"}],"wp:attachment":[{"href":"https:\/\/mharbu.com\/en\/wp-json\/wp\/v2\/media?parent=519"}],"wp:term":[{"taxonomy":"product_brand","embeddable":true,"href":"https:\/\/mharbu.com\/en\/wp-json\/wp\/v2\/product_brand?post=519"},{"taxonomy":"product_cat","embeddable":true,"href":"https:\/\/mharbu.com\/en\/wp-json\/wp\/v2\/product_cat?post=519"},{"taxonomy":"product_tag","embeddable":true,"href":"https:\/\/mharbu.com\/en\/wp-json\/wp\/v2\/product_tag?post=519"}],"curies":[{"name":"wp","href":"https:\/\/api.w.org\/{rel}","templated":true}]}}