{"id":770,"date":"2025-02-16T18:52:55","date_gmt":"2025-02-16T17:52:55","guid":{"rendered":"https:\/\/mharbu.com\/?post_type=product&#038;p=770"},"modified":"2026-02-07T13:14:47","modified_gmt":"2026-02-07T12:14:47","slug":"mincovka-mirkwood","status":"publish","type":"product","link":"https:\/\/mharbu.com\/en\/product\/mincovka-mirkwood\/","title":{"rendered":"Mirkwood Coin Purse"},"content":{"rendered":"","protected":false},"excerpt":{"rendered":"<p>Pen\u011b\u017eenka mincovka na p\u00e1r drahokam\u016f, zlat\u00fdch minc\u00ed a platebn\u00edch karet. Mincovka je vyroben\u00e1 z&nbsp;hov\u011bz\u00ed k\u016f\u017ee tvaru slo\u017een\u00e9ho l\u00edstku z&nbsp;elf\u00edch les\u016f, je ru\u010dn\u011b barven\u00e1 a zdoben\u00e1. Zap\u00edn\u00e1 se jednodu\u0161e na druk.<\/p>\n<p><strong>Size:<\/strong> cca 10,5\u00d77cm. Pohodln\u011b se vejde platebn\u00ed karta, nebo dal\u0161\u00ed nezbytn\u00e9 karti\u010dky i slo\u017een\u00e9 bankovky.<\/p>\n<p>Despite the precision of the craftsmanship in the sketches of ancient masters, your coin purse may vary slightly from the one in the picture. No two leaves are exactly alike, after all.<\/p>","protected":false},"featured_media":772,"template":"","meta":{"ocean_post_layout":"","ocean_both_sidebars_style":"","ocean_both_sidebars_content_width":0,"ocean_both_sidebars_sidebars_width":0,"ocean_sidebar":"","ocean_second_sidebar":"","ocean_disable_margins":"enable","ocean_add_body_class":"","ocean_shortcode_before_top_bar":"","ocean_shortcode_after_top_bar":"","ocean_shortcode_before_header":"","ocean_shortcode_after_header":"","ocean_has_shortcode":"","ocean_shortcode_after_title":"","ocean_shortcode_before_footer_widgets":"","ocean_shortcode_after_footer_widgets":"","ocean_shortcode_before_footer_bottom":"","ocean_shortcode_after_footer_bottom":"","ocean_display_top_bar":"default","ocean_display_header":"default","ocean_header_style":"","ocean_center_header_left_menu":"","ocean_custom_header_template":"","ocean_custom_logo":0,"ocean_custom_retina_logo":0,"ocean_custom_logo_max_width":0,"ocean_custom_logo_tablet_max_width":0,"ocean_custom_logo_mobile_max_width":0,"ocean_custom_logo_max_height":0,"ocean_custom_logo_tablet_max_height":0,"ocean_custom_logo_mobile_max_height":0,"ocean_header_custom_menu":"","ocean_menu_typo_font_family":"","ocean_menu_typo_font_subset":"","ocean_menu_typo_font_size":0,"ocean_menu_typo_font_size_tablet":0,"ocean_menu_typo_font_size_mobile":0,"ocean_menu_typo_font_size_unit":"px","ocean_menu_typo_font_weight":"","ocean_menu_typo_font_weight_tablet":"","ocean_menu_typo_font_weight_mobile":"","ocean_menu_typo_transform":"","ocean_menu_typo_transform_tablet":"","ocean_menu_typo_transform_mobile":"","ocean_menu_typo_line_height":0,"ocean_menu_typo_line_height_tablet":0,"ocean_menu_typo_line_height_mobile":0,"ocean_menu_typo_line_height_unit":"","ocean_menu_typo_spacing":0,"ocean_menu_typo_spacing_tablet":0,"ocean_menu_typo_spacing_mobile":0,"ocean_menu_typo_spacing_unit":"","ocean_menu_link_color":"","ocean_menu_link_color_hover":"","ocean_menu_link_color_active":"","ocean_menu_link_background":"","ocean_menu_link_hover_background":"","ocean_menu_link_active_background":"","ocean_menu_social_links_bg":"","ocean_menu_social_hover_links_bg":"","ocean_menu_social_links_color":"","ocean_menu_social_hover_links_color":"","ocean_disable_title":"default","ocean_disable_heading":"default","ocean_post_title":"","ocean_post_subheading":"","ocean_post_title_style":"","ocean_post_title_background_color":"","ocean_post_title_background":0,"ocean_post_title_bg_image_position":"","ocean_post_title_bg_image_attachment":"","ocean_post_title_bg_image_repeat":"","ocean_post_title_bg_image_size":"","ocean_post_title_height":0,"ocean_post_title_bg_overlay":0.5,"ocean_post_title_bg_overlay_color":"","ocean_disable_breadcrumbs":"default","ocean_breadcrumbs_color":"","ocean_breadcrumbs_separator_color":"","ocean_breadcrumbs_links_color":"","ocean_breadcrumbs_links_hover_color":"","ocean_display_footer_widgets":"default","ocean_display_footer_bottom":"default","ocean_custom_footer_template":""},"product_brand":[],"product_cat":[20,34],"product_tag":[],"class_list":{"0":"post-770","1":"product","2":"type-product","3":"status-publish","4":"has-post-thumbnail","6":"product_cat-doplnky","7":"product_cat-mirkwood","9":"entry","10":"has-media","12":"first","13":"instock","14":"shipping-taxable","15":"purchasable","16":"product-type-simple","17":"col","18":"span_1_of_4","19":"owp-content-center","20":"owp-thumbs-layout-horizontal","21":"owp-btn-very-big","22":"owp-tabs-layout-horizontal"},"yoast_head":"<!-- This site is optimized with the Yoast SEO plugin v27.3 - https:\/\/yoast.com\/product\/yoast-seo-wordpress\/ -->\n<title>Mincovka Mirkwood - mharbu<\/title>\n<meta name=\"robots\" content=\"index, follow, max-snippet:-1, max-image-preview:large, max-video-preview:-1\" \/>\n<link rel=\"canonical\" href=\"https:\/\/mharbu.com\/en\/product\/mincovka-mirkwood\/\" \/>\n<meta property=\"og:locale\" content=\"en_GB\" \/>\n<meta property=\"og:type\" content=\"article\" \/>\n<meta property=\"og:title\" content=\"Mincovka Mirkwood - mharbu\" \/>\n<meta property=\"og:description\" content=\"Pen\u011b\u017eenka mincovka na p\u00e1r drahokam\u016f, zlat\u00fdch minc\u00ed a platebn\u00edch karet. Mincovka je vyroben\u00e1 z hov\u011bz\u00ed k\u016f\u017ee tvaru slo\u017een\u00e9ho l\u00edstku z elf\u00edch les\u016f, je ru\u010dn\u011b barven\u00e1 a zdoben\u00e1. Zap\u00edn\u00e1 se jednodu\u0161e na druk.  Velikost: cca 10,5\u00d77cm. Pohodln\u011b se vejde platebn\u00ed karta, nebo dal\u0161\u00ed nezbytn\u00e9 karti\u010dky i slo\u017een\u00e9 bankovky.  Navzdory p\u0159esnosti \u0159emesln\u00fdch n\u00e1kres\u016f star\u00fdch mistr\u016f se m\u016f\u017ee Tvoje mincovka m\u00edrn\u011b li\u0161it od t\u00e9 na obr\u00e1zku. Ani \u017e\u00e1dn\u00e9 dva listy toti\u017e nejsou stejn\u00e9.\" \/>\n<meta property=\"og:url\" content=\"https:\/\/mharbu.com\/en\/product\/mincovka-mirkwood\/\" \/>\n<meta property=\"og:site_name\" content=\"mharbu\" \/>\n<meta property=\"article:modified_time\" content=\"2026-02-07T12:14:47+00:00\" \/>\n<meta property=\"og:image\" content=\"https:\/\/mharbu.com\/wp-content\/uploads\/2025\/02\/1000014330.jpg\" \/>\n\t<meta property=\"og:image:width\" content=\"1848\" \/>\n\t<meta property=\"og:image:height\" content=\"2246\" \/>\n\t<meta property=\"og:image:type\" content=\"image\/jpeg\" \/>\n<meta name=\"twitter:card\" content=\"summary_large_image\" \/>\n<meta name=\"twitter:label1\" content=\"Estimated reading time\" \/>\n\t<meta name=\"twitter:data1\" content=\"1 minute\" \/>\n<script type=\"application\/ld+json\" class=\"yoast-schema-graph\">{\"@context\":\"https:\\\/\\\/schema.org\",\"@graph\":[{\"@type\":\"WebPage\",\"@id\":\"https:\\\/\\\/mharbu.com\\\/produkt\\\/mincovka-mirkwood\\\/\",\"url\":\"https:\\\/\\\/mharbu.com\\\/produkt\\\/mincovka-mirkwood\\\/\",\"name\":\"Mincovka Mirkwood - mharbu\",\"isPartOf\":{\"@id\":\"https:\\\/\\\/mharbu.com\\\/#website\"},\"primaryImageOfPage\":{\"@id\":\"https:\\\/\\\/mharbu.com\\\/produkt\\\/mincovka-mirkwood\\\/#primaryimage\"},\"image\":{\"@id\":\"https:\\\/\\\/mharbu.com\\\/produkt\\\/mincovka-mirkwood\\\/#primaryimage\"},\"thumbnailUrl\":\"https:\\\/\\\/mharbu.com\\\/wp-content\\\/uploads\\\/2025\\\/02\\\/1000014330.jpg\",\"datePublished\":\"2025-02-16T17:52:55+00:00\",\"dateModified\":\"2026-02-07T12:14:47+00:00\",\"breadcrumb\":{\"@id\":\"https:\\\/\\\/mharbu.com\\\/produkt\\\/mincovka-mirkwood\\\/#breadcrumb\"},\"inLanguage\":\"en-GB\",\"potentialAction\":[{\"@type\":\"ReadAction\",\"target\":[\"https:\\\/\\\/mharbu.com\\\/produkt\\\/mincovka-mirkwood\\\/\"]}]},{\"@type\":\"ImageObject\",\"inLanguage\":\"en-GB\",\"@id\":\"https:\\\/\\\/mharbu.com\\\/produkt\\\/mincovka-mirkwood\\\/#primaryimage\",\"url\":\"https:\\\/\\\/mharbu.com\\\/wp-content\\\/uploads\\\/2025\\\/02\\\/1000014330.jpg\",\"contentUrl\":\"https:\\\/\\\/mharbu.com\\\/wp-content\\\/uploads\\\/2025\\\/02\\\/1000014330.jpg\",\"width\":1848,\"height\":2246},{\"@type\":\"BreadcrumbList\",\"@id\":\"https:\\\/\\\/mharbu.com\\\/produkt\\\/mincovka-mirkwood\\\/#breadcrumb\",\"itemListElement\":[{\"@type\":\"ListItem\",\"position\":1,\"name\":\"Dom\u016f\",\"item\":\"https:\\\/\\\/mharbu.com\\\/\"},{\"@type\":\"ListItem\",\"position\":2,\"name\":\"Obchod\",\"item\":\"https:\\\/\\\/mharbu.com\\\/obchod\\\/\"},{\"@type\":\"ListItem\",\"position\":3,\"name\":\"Mincovka Mirkwood\"}]},{\"@type\":\"WebSite\",\"@id\":\"https:\\\/\\\/mharbu.com\\\/#website\",\"url\":\"https:\\\/\\\/mharbu.com\\\/\",\"name\":\"mharbu\",\"description\":\"Zavazadla pro cestovatele sv\u011bty a \u010dasem\",\"publisher\":{\"@id\":\"https:\\\/\\\/mharbu.com\\\/#organization\"},\"potentialAction\":[{\"@type\":\"SearchAction\",\"target\":{\"@type\":\"EntryPoint\",\"urlTemplate\":\"https:\\\/\\\/mharbu.com\\\/?s={search_term_string}\"},\"query-input\":{\"@type\":\"PropertyValueSpecification\",\"valueRequired\":true,\"valueName\":\"search_term_string\"}}],\"inLanguage\":\"en-GB\"},{\"@type\":\"Organization\",\"@id\":\"https:\\\/\\\/mharbu.com\\\/#organization\",\"name\":\"mharbu\",\"url\":\"https:\\\/\\\/mharbu.com\\\/\",\"logo\":{\"@type\":\"ImageObject\",\"inLanguage\":\"en-GB\",\"@id\":\"https:\\\/\\\/mharbu.com\\\/#\\\/schema\\\/logo\\\/image\\\/\",\"url\":\"https:\\\/\\\/mharbu.com\\\/wp-content\\\/uploads\\\/2024\\\/07\\\/cropped-logodlouhe-2.png\",\"contentUrl\":\"https:\\\/\\\/mharbu.com\\\/wp-content\\\/uploads\\\/2024\\\/07\\\/cropped-logodlouhe-2.png\",\"width\":183,\"height\":50,\"caption\":\"mharbu\"},\"image\":{\"@id\":\"https:\\\/\\\/mharbu.com\\\/#\\\/schema\\\/logo\\\/image\\\/\"}}]}<\/script>\n<!-- \/ Yoast SEO plugin. -->","yoast_head_json":{"title":"Mincovka Mirkwood - mharbu","robots":{"index":"index","follow":"follow","max-snippet":"max-snippet:-1","max-image-preview":"max-image-preview:large","max-video-preview":"max-video-preview:-1"},"canonical":"https:\/\/mharbu.com\/en\/product\/mincovka-mirkwood\/","og_locale":"en_GB","og_type":"article","og_title":"Mincovka Mirkwood - mharbu","og_description":"Pen\u011b\u017eenka mincovka na p\u00e1r drahokam\u016f, zlat\u00fdch minc\u00ed a platebn\u00edch karet. Mincovka je vyroben\u00e1 z hov\u011bz\u00ed k\u016f\u017ee tvaru slo\u017een\u00e9ho l\u00edstku z elf\u00edch les\u016f, je ru\u010dn\u011b barven\u00e1 a zdoben\u00e1. Zap\u00edn\u00e1 se jednodu\u0161e na druk.  Velikost: cca 10,5\u00d77cm. Pohodln\u011b se vejde platebn\u00ed karta, nebo dal\u0161\u00ed nezbytn\u00e9 karti\u010dky i slo\u017een\u00e9 bankovky.  Navzdory p\u0159esnosti \u0159emesln\u00fdch n\u00e1kres\u016f star\u00fdch mistr\u016f se m\u016f\u017ee Tvoje mincovka m\u00edrn\u011b li\u0161it od t\u00e9 na obr\u00e1zku. Ani \u017e\u00e1dn\u00e9 dva listy toti\u017e nejsou stejn\u00e9.","og_url":"https:\/\/mharbu.com\/en\/product\/mincovka-mirkwood\/","og_site_name":"mharbu","article_modified_time":"2026-02-07T12:14:47+00:00","og_image":[{"width":1848,"height":2246,"url":"https:\/\/mharbu.com\/wp-content\/uploads\/2025\/02\/1000014330.jpg","type":"image\/jpeg"}],"twitter_card":"summary_large_image","twitter_misc":{"Estimated reading time":"1 minute"},"schema":{"@context":"https:\/\/schema.org","@graph":[{"@type":"WebPage","@id":"https:\/\/mharbu.com\/produkt\/mincovka-mirkwood\/","url":"https:\/\/mharbu.com\/produkt\/mincovka-mirkwood\/","name":"Mincovka Mirkwood - mharbu","isPartOf":{"@id":"https:\/\/mharbu.com\/#website"},"primaryImageOfPage":{"@id":"https:\/\/mharbu.com\/produkt\/mincovka-mirkwood\/#primaryimage"},"image":{"@id":"https:\/\/mharbu.com\/produkt\/mincovka-mirkwood\/#primaryimage"},"thumbnailUrl":"https:\/\/mharbu.com\/wp-content\/uploads\/2025\/02\/1000014330.jpg","datePublished":"2025-02-16T17:52:55+00:00","dateModified":"2026-02-07T12:14:47+00:00","breadcrumb":{"@id":"https:\/\/mharbu.com\/produkt\/mincovka-mirkwood\/#breadcrumb"},"inLanguage":"en-GB","potentialAction":[{"@type":"ReadAction","target":["https:\/\/mharbu.com\/produkt\/mincovka-mirkwood\/"]}]},{"@type":"ImageObject","inLanguage":"en-GB","@id":"https:\/\/mharbu.com\/produkt\/mincovka-mirkwood\/#primaryimage","url":"https:\/\/mharbu.com\/wp-content\/uploads\/2025\/02\/1000014330.jpg","contentUrl":"https:\/\/mharbu.com\/wp-content\/uploads\/2025\/02\/1000014330.jpg","width":1848,"height":2246},{"@type":"BreadcrumbList","@id":"https:\/\/mharbu.com\/produkt\/mincovka-mirkwood\/#breadcrumb","itemListElement":[{"@type":"ListItem","position":1,"name":"Dom\u016f","item":"https:\/\/mharbu.com\/"},{"@type":"ListItem","position":2,"name":"Obchod","item":"https:\/\/mharbu.com\/obchod\/"},{"@type":"ListItem","position":3,"name":"Mincovka Mirkwood"}]},{"@type":"WebSite","@id":"https:\/\/mharbu.com\/#website","url":"https:\/\/mharbu.com\/","name":"mharbu","description":"Luggage for travelers through worlds and time","publisher":{"@id":"https:\/\/mharbu.com\/#organization"},"potentialAction":[{"@type":"SearchAction","target":{"@type":"EntryPoint","urlTemplate":"https:\/\/mharbu.com\/?s={search_term_string}"},"query-input":{"@type":"PropertyValueSpecification","valueRequired":true,"valueName":"search_term_string"}}],"inLanguage":"en-GB"},{"@type":"Organization","@id":"https:\/\/mharbu.com\/#organization","name":"mharbu","url":"https:\/\/mharbu.com\/","logo":{"@type":"ImageObject","inLanguage":"en-GB","@id":"https:\/\/mharbu.com\/#\/schema\/logo\/image\/","url":"https:\/\/mharbu.com\/wp-content\/uploads\/2024\/07\/cropped-logodlouhe-2.png","contentUrl":"https:\/\/mharbu.com\/wp-content\/uploads\/2024\/07\/cropped-logodlouhe-2.png","width":183,"height":50,"caption":"mharbu"},"image":{"@id":"https:\/\/mharbu.com\/#\/schema\/logo\/image\/"}}]}},"_links":{"self":[{"href":"https:\/\/mharbu.com\/en\/wp-json\/wp\/v2\/product\/770","targetHints":{"allow":["GET"]}}],"collection":[{"href":"https:\/\/mharbu.com\/en\/wp-json\/wp\/v2\/product"}],"about":[{"href":"https:\/\/mharbu.com\/en\/wp-json\/wp\/v2\/types\/product"}],"wp:featuredmedia":[{"embeddable":true,"href":"https:\/\/mharbu.com\/en\/wp-json\/wp\/v2\/media\/772"}],"wp:attachment":[{"href":"https:\/\/mharbu.com\/en\/wp-json\/wp\/v2\/media?parent=770"}],"wp:term":[{"taxonomy":"product_brand","embeddable":true,"href":"https:\/\/mharbu.com\/en\/wp-json\/wp\/v2\/product_brand?post=770"},{"taxonomy":"product_cat","embeddable":true,"href":"https:\/\/mharbu.com\/en\/wp-json\/wp\/v2\/product_cat?post=770"},{"taxonomy":"product_tag","embeddable":true,"href":"https:\/\/mharbu.com\/en\/wp-json\/wp\/v2\/product_tag?post=770"}],"curies":[{"name":"wp","href":"https:\/\/api.w.org\/{rel}","templated":true}]}}