{"id":876,"date":"2025-06-23T11:29:41","date_gmt":"2025-06-23T09:29:41","guid":{"rendered":"https:\/\/mharbu.com\/?post_type=product&#038;p=876"},"modified":"2026-02-07T13:14:47","modified_gmt":"2026-02-07T12:14:47","slug":"kasadlo","status":"publish","type":"product","link":"https:\/\/mharbu.com\/en\/product\/kasadlo\/","title":{"rendered":"Skirt Hike"},"content":{"rendered":"<p data-start=\"125\" data-end=\"438\">With two loops for lifting skirt hems or hanging various small items or magical supplies, ideal for every dryad, hobbit or witch. Length approx. 12 cm.<\/p>\n<p>The skirt hike could also be known as <strong data-start=\"726\" data-end=\"738\">suk\u0148odr\u017e<\/strong> (honorary mention for the name suggestion! \ud83d\ude0a).<\/p>\n<p>Um\u00edstit ho m\u016f\u017ee\u0161 na libovoln\u00fd opasek, pokud ov\u0161em v\u00e1h\u00e1\u0161, doporu\u010duji nap\u0159\u00edklad\u00a0<a href=\"https:\/\/mharbu.com\/en\/product\/opasek-ancient-oak\/\">Ancient Oak Belt<\/a>. Kr\u00e1sn\u011b se potom dopl\u0148uje t\u0159eba s\u00a0<a href=\"https:\/\/mharbu.com\/en\/product\/opaskova-brasna-ancient-oak\/\">opaskovou bra\u0161nou Ancient Oak.<\/a><\/p>","protected":false},"excerpt":{"rendered":"<p data-start=\"33\" data-end=\"123\"><strong data-start=\"33\" data-end=\"123\">Skirt Hike (Skirt Hike) \u2013 For the skirts of dryads, hobbits and their magical arsenal<\/strong><\/p>\n<p data-start=\"125\" data-end=\"438\">The skirt hike is a practical and stylish accessory for summer months when long skirts are beautiful but rarely wearable all day... And as autumn approaches, it will protect your skirt from getting dirty while dancing in the ferns.<\/p>","protected":false},"featured_media":945,"template":"","meta":{"ocean_post_layout":"","ocean_both_sidebars_style":"","ocean_both_sidebars_content_width":0,"ocean_both_sidebars_sidebars_width":0,"ocean_sidebar":"0","ocean_second_sidebar":"0","ocean_disable_margins":"enable","ocean_add_body_class":"","ocean_shortcode_before_top_bar":"","ocean_shortcode_after_top_bar":"","ocean_shortcode_before_header":"","ocean_shortcode_after_header":"","ocean_has_shortcode":"","ocean_shortcode_after_title":"","ocean_shortcode_before_footer_widgets":"","ocean_shortcode_after_footer_widgets":"","ocean_shortcode_before_footer_bottom":"","ocean_shortcode_after_footer_bottom":"","ocean_display_top_bar":"default","ocean_display_header":"default","ocean_header_style":"","ocean_center_header_left_menu":"0","ocean_custom_header_template":"0","ocean_custom_logo":0,"ocean_custom_retina_logo":0,"ocean_custom_logo_max_width":0,"ocean_custom_logo_tablet_max_width":0,"ocean_custom_logo_mobile_max_width":0,"ocean_custom_logo_max_height":0,"ocean_custom_logo_tablet_max_height":0,"ocean_custom_logo_mobile_max_height":0,"ocean_header_custom_menu":"0","ocean_menu_typo_font_family":"0","ocean_menu_typo_font_subset":"","ocean_menu_typo_font_size":0,"ocean_menu_typo_font_size_tablet":0,"ocean_menu_typo_font_size_mobile":0,"ocean_menu_typo_font_size_unit":"px","ocean_menu_typo_font_weight":"","ocean_menu_typo_font_weight_tablet":"","ocean_menu_typo_font_weight_mobile":"","ocean_menu_typo_transform":"","ocean_menu_typo_transform_tablet":"","ocean_menu_typo_transform_mobile":"","ocean_menu_typo_line_height":0,"ocean_menu_typo_line_height_tablet":0,"ocean_menu_typo_line_height_mobile":0,"ocean_menu_typo_line_height_unit":"","ocean_menu_typo_spacing":0,"ocean_menu_typo_spacing_tablet":0,"ocean_menu_typo_spacing_mobile":0,"ocean_menu_typo_spacing_unit":"","ocean_menu_link_color":"","ocean_menu_link_color_hover":"","ocean_menu_link_color_active":"","ocean_menu_link_background":"","ocean_menu_link_hover_background":"","ocean_menu_link_active_background":"","ocean_menu_social_links_bg":"","ocean_menu_social_hover_links_bg":"","ocean_menu_social_links_color":"","ocean_menu_social_hover_links_color":"","ocean_disable_title":"default","ocean_disable_heading":"default","ocean_post_title":"","ocean_post_subheading":"","ocean_post_title_style":"","ocean_post_title_background_color":"","ocean_post_title_background":0,"ocean_post_title_bg_image_position":"","ocean_post_title_bg_image_attachment":"","ocean_post_title_bg_image_repeat":"","ocean_post_title_bg_image_size":"","ocean_post_title_height":0,"ocean_post_title_bg_overlay":0.5,"ocean_post_title_bg_overlay_color":"","ocean_disable_breadcrumbs":"default","ocean_breadcrumbs_color":"","ocean_breadcrumbs_separator_color":"","ocean_breadcrumbs_links_color":"","ocean_breadcrumbs_links_hover_color":"","ocean_display_footer_widgets":"default","ocean_display_footer_bottom":"default","ocean_custom_footer_template":"0"},"product_brand":[],"product_cat":[33,20],"product_tag":[],"class_list":{"0":"post-876","1":"product","2":"type-product","3":"status-publish","4":"has-post-thumbnail","6":"product_cat-ancient-oak","7":"product_cat-doplnky","9":"entry","10":"has-media","12":"first","13":"instock","14":"shipping-taxable","15":"purchasable","16":"product-type-variable","17":"col","18":"span_1_of_4","19":"owp-content-center","20":"owp-thumbs-layout-horizontal","21":"owp-btn-very-big","22":"owp-tabs-layout-horizontal"},"yoast_head":"<!-- This site is optimized with the Yoast SEO plugin v27.3 - https:\/\/yoast.com\/product\/yoast-seo-wordpress\/ -->\n<title>Kasadlo na suk\u00e9nku - mharbu<\/title>\n<meta name=\"description\" content=\"Ko\u017een\u00e9 kasadlo na sukni pro dry\u00e1dy a hobitky. Dv\u011b oka pro uchycen\u00ed sukn\u011b nebo zav\u011b\u0161en\u00ed drobnost\u00ed. D\u00e9lka 12 cm, ru\u010dn\u011b vyroben\u00e9 z hov\u011bz\u00ed k\u016f\u017ee.\" \/>\n<meta name=\"robots\" content=\"index, follow, max-snippet:-1, max-image-preview:large, max-video-preview:-1\" \/>\n<link rel=\"canonical\" href=\"https:\/\/mharbu.com\/en\/product\/kasadlo\/\" \/>\n<meta property=\"og:locale\" content=\"en_GB\" \/>\n<meta property=\"og:type\" content=\"article\" \/>\n<meta property=\"og:title\" content=\"Kasadlo na suk\u00e9nku - mharbu\" \/>\n<meta property=\"og:description\" content=\"Ko\u017een\u00e9 kasadlo na sukni pro dry\u00e1dy a hobitky. Dv\u011b oka pro uchycen\u00ed sukn\u011b nebo zav\u011b\u0161en\u00ed drobnost\u00ed. D\u00e9lka 12 cm, ru\u010dn\u011b vyroben\u00e9 z hov\u011bz\u00ed k\u016f\u017ee.\" \/>\n<meta property=\"og:url\" content=\"https:\/\/mharbu.com\/en\/product\/kasadlo\/\" \/>\n<meta property=\"og:site_name\" content=\"mharbu\" \/>\n<meta property=\"article:modified_time\" content=\"2026-02-07T12:14:47+00:00\" \/>\n<meta property=\"og:image\" content=\"https:\/\/mharbu.com\/wp-content\/uploads\/2025\/06\/IMG_6366.webp\" \/>\n\t<meta property=\"og:image:width\" content=\"1080\" \/>\n\t<meta property=\"og:image:height\" content=\"1350\" \/>\n\t<meta property=\"og:image:type\" content=\"image\/webp\" \/>\n<meta name=\"twitter:card\" content=\"summary_large_image\" \/>\n<meta name=\"twitter:label1\" content=\"Estimated reading time\" \/>\n\t<meta name=\"twitter:data1\" content=\"1 minute\" \/>\n<script type=\"application\/ld+json\" class=\"yoast-schema-graph\">{\"@context\":\"https:\\\/\\\/schema.org\",\"@graph\":[{\"@type\":\"WebPage\",\"@id\":\"https:\\\/\\\/mharbu.com\\\/produkt\\\/kasadlo\\\/\",\"url\":\"https:\\\/\\\/mharbu.com\\\/produkt\\\/kasadlo\\\/\",\"name\":\"Kasadlo na suk\u00e9nku - mharbu\",\"isPartOf\":{\"@id\":\"https:\\\/\\\/mharbu.com\\\/#website\"},\"primaryImageOfPage\":{\"@id\":\"https:\\\/\\\/mharbu.com\\\/produkt\\\/kasadlo\\\/#primaryimage\"},\"image\":{\"@id\":\"https:\\\/\\\/mharbu.com\\\/produkt\\\/kasadlo\\\/#primaryimage\"},\"thumbnailUrl\":\"https:\\\/\\\/mharbu.com\\\/wp-content\\\/uploads\\\/2025\\\/06\\\/IMG_6366.webp\",\"datePublished\":\"2025-06-23T09:29:41+00:00\",\"dateModified\":\"2026-02-07T12:14:47+00:00\",\"description\":\"Ko\u017een\u00e9 kasadlo na sukni pro dry\u00e1dy a hobitky. Dv\u011b oka pro uchycen\u00ed sukn\u011b nebo zav\u011b\u0161en\u00ed drobnost\u00ed. D\u00e9lka 12 cm, ru\u010dn\u011b vyroben\u00e9 z hov\u011bz\u00ed k\u016f\u017ee.\",\"breadcrumb\":{\"@id\":\"https:\\\/\\\/mharbu.com\\\/produkt\\\/kasadlo\\\/#breadcrumb\"},\"inLanguage\":\"en-GB\",\"potentialAction\":[{\"@type\":\"ReadAction\",\"target\":[\"https:\\\/\\\/mharbu.com\\\/produkt\\\/kasadlo\\\/\"]}]},{\"@type\":\"ImageObject\",\"inLanguage\":\"en-GB\",\"@id\":\"https:\\\/\\\/mharbu.com\\\/produkt\\\/kasadlo\\\/#primaryimage\",\"url\":\"https:\\\/\\\/mharbu.com\\\/wp-content\\\/uploads\\\/2025\\\/06\\\/IMG_6366.webp\",\"contentUrl\":\"https:\\\/\\\/mharbu.com\\\/wp-content\\\/uploads\\\/2025\\\/06\\\/IMG_6366.webp\",\"width\":1080,\"height\":1350},{\"@type\":\"BreadcrumbList\",\"@id\":\"https:\\\/\\\/mharbu.com\\\/produkt\\\/kasadlo\\\/#breadcrumb\",\"itemListElement\":[{\"@type\":\"ListItem\",\"position\":1,\"name\":\"Dom\u016f\",\"item\":\"https:\\\/\\\/mharbu.com\\\/\"},{\"@type\":\"ListItem\",\"position\":2,\"name\":\"Obchod\",\"item\":\"https:\\\/\\\/mharbu.com\\\/obchod\\\/\"},{\"@type\":\"ListItem\",\"position\":3,\"name\":\"Kasadlo na suk\u00e9nku\"}]},{\"@type\":\"WebSite\",\"@id\":\"https:\\\/\\\/mharbu.com\\\/#website\",\"url\":\"https:\\\/\\\/mharbu.com\\\/\",\"name\":\"mharbu\",\"description\":\"Zavazadla pro cestovatele sv\u011bty a \u010dasem\",\"publisher\":{\"@id\":\"https:\\\/\\\/mharbu.com\\\/#organization\"},\"potentialAction\":[{\"@type\":\"SearchAction\",\"target\":{\"@type\":\"EntryPoint\",\"urlTemplate\":\"https:\\\/\\\/mharbu.com\\\/?s={search_term_string}\"},\"query-input\":{\"@type\":\"PropertyValueSpecification\",\"valueRequired\":true,\"valueName\":\"search_term_string\"}}],\"inLanguage\":\"en-GB\"},{\"@type\":\"Organization\",\"@id\":\"https:\\\/\\\/mharbu.com\\\/#organization\",\"name\":\"mharbu\",\"url\":\"https:\\\/\\\/mharbu.com\\\/\",\"logo\":{\"@type\":\"ImageObject\",\"inLanguage\":\"en-GB\",\"@id\":\"https:\\\/\\\/mharbu.com\\\/#\\\/schema\\\/logo\\\/image\\\/\",\"url\":\"https:\\\/\\\/mharbu.com\\\/wp-content\\\/uploads\\\/2024\\\/07\\\/cropped-logodlouhe-2.png\",\"contentUrl\":\"https:\\\/\\\/mharbu.com\\\/wp-content\\\/uploads\\\/2024\\\/07\\\/cropped-logodlouhe-2.png\",\"width\":183,\"height\":50,\"caption\":\"mharbu\"},\"image\":{\"@id\":\"https:\\\/\\\/mharbu.com\\\/#\\\/schema\\\/logo\\\/image\\\/\"}}]}<\/script>\n<!-- \/ Yoast SEO plugin. -->","yoast_head_json":{"title":"Skirt Hike - mharbu","description":"Leather skirt hike for dryads and hobbits. Two loops for lifting skirts or hanging items. Length 12 cm, handmade from cowhide.","robots":{"index":"index","follow":"follow","max-snippet":"max-snippet:-1","max-image-preview":"max-image-preview:large","max-video-preview":"max-video-preview:-1"},"canonical":"https:\/\/mharbu.com\/en\/product\/kasadlo\/","og_locale":"en_GB","og_type":"article","og_title":"Kasadlo na suk\u00e9nku - mharbu","og_description":"Ko\u017een\u00e9 kasadlo na sukni pro dry\u00e1dy a hobitky. Dv\u011b oka pro uchycen\u00ed sukn\u011b nebo zav\u011b\u0161en\u00ed drobnost\u00ed. D\u00e9lka 12 cm, ru\u010dn\u011b vyroben\u00e9 z hov\u011bz\u00ed k\u016f\u017ee.","og_url":"https:\/\/mharbu.com\/en\/product\/kasadlo\/","og_site_name":"mharbu","article_modified_time":"2026-02-07T12:14:47+00:00","og_image":[{"width":1080,"height":1350,"url":"https:\/\/mharbu.com\/wp-content\/uploads\/2025\/06\/IMG_6366.webp","type":"image\/webp"}],"twitter_card":"summary_large_image","twitter_misc":{"Estimated reading time":"1 minute"},"schema":{"@context":"https:\/\/schema.org","@graph":[{"@type":"WebPage","@id":"https:\/\/mharbu.com\/produkt\/kasadlo\/","url":"https:\/\/mharbu.com\/produkt\/kasadlo\/","name":"Skirt Hike - mharbu","isPartOf":{"@id":"https:\/\/mharbu.com\/#website"},"primaryImageOfPage":{"@id":"https:\/\/mharbu.com\/produkt\/kasadlo\/#primaryimage"},"image":{"@id":"https:\/\/mharbu.com\/produkt\/kasadlo\/#primaryimage"},"thumbnailUrl":"https:\/\/mharbu.com\/wp-content\/uploads\/2025\/06\/IMG_6366.webp","datePublished":"2025-06-23T09:29:41+00:00","dateModified":"2026-02-07T12:14:47+00:00","description":"Leather skirt hike for dryads and hobbits. Two loops for lifting skirts or hanging items. Length 12 cm, handmade from cowhide.","breadcrumb":{"@id":"https:\/\/mharbu.com\/produkt\/kasadlo\/#breadcrumb"},"inLanguage":"en-GB","potentialAction":[{"@type":"ReadAction","target":["https:\/\/mharbu.com\/produkt\/kasadlo\/"]}]},{"@type":"ImageObject","inLanguage":"en-GB","@id":"https:\/\/mharbu.com\/produkt\/kasadlo\/#primaryimage","url":"https:\/\/mharbu.com\/wp-content\/uploads\/2025\/06\/IMG_6366.webp","contentUrl":"https:\/\/mharbu.com\/wp-content\/uploads\/2025\/06\/IMG_6366.webp","width":1080,"height":1350},{"@type":"BreadcrumbList","@id":"https:\/\/mharbu.com\/produkt\/kasadlo\/#breadcrumb","itemListElement":[{"@type":"ListItem","position":1,"name":"Dom\u016f","item":"https:\/\/mharbu.com\/"},{"@type":"ListItem","position":2,"name":"Obchod","item":"https:\/\/mharbu.com\/obchod\/"},{"@type":"ListItem","position":3,"name":"Kasadlo na suk\u00e9nku"}]},{"@type":"WebSite","@id":"https:\/\/mharbu.com\/#website","url":"https:\/\/mharbu.com\/","name":"mharbu","description":"Luggage for travelers through worlds and time","publisher":{"@id":"https:\/\/mharbu.com\/#organization"},"potentialAction":[{"@type":"SearchAction","target":{"@type":"EntryPoint","urlTemplate":"https:\/\/mharbu.com\/?s={search_term_string}"},"query-input":{"@type":"PropertyValueSpecification","valueRequired":true,"valueName":"search_term_string"}}],"inLanguage":"en-GB"},{"@type":"Organization","@id":"https:\/\/mharbu.com\/#organization","name":"mharbu","url":"https:\/\/mharbu.com\/","logo":{"@type":"ImageObject","inLanguage":"en-GB","@id":"https:\/\/mharbu.com\/#\/schema\/logo\/image\/","url":"https:\/\/mharbu.com\/wp-content\/uploads\/2024\/07\/cropped-logodlouhe-2.png","contentUrl":"https:\/\/mharbu.com\/wp-content\/uploads\/2024\/07\/cropped-logodlouhe-2.png","width":183,"height":50,"caption":"mharbu"},"image":{"@id":"https:\/\/mharbu.com\/#\/schema\/logo\/image\/"}}]}},"_links":{"self":[{"href":"https:\/\/mharbu.com\/en\/wp-json\/wp\/v2\/product\/876","targetHints":{"allow":["GET"]}}],"collection":[{"href":"https:\/\/mharbu.com\/en\/wp-json\/wp\/v2\/product"}],"about":[{"href":"https:\/\/mharbu.com\/en\/wp-json\/wp\/v2\/types\/product"}],"wp:featuredmedia":[{"embeddable":true,"href":"https:\/\/mharbu.com\/en\/wp-json\/wp\/v2\/media\/945"}],"wp:attachment":[{"href":"https:\/\/mharbu.com\/en\/wp-json\/wp\/v2\/media?parent=876"}],"wp:term":[{"taxonomy":"product_brand","embeddable":true,"href":"https:\/\/mharbu.com\/en\/wp-json\/wp\/v2\/product_brand?post=876"},{"taxonomy":"product_cat","embeddable":true,"href":"https:\/\/mharbu.com\/en\/wp-json\/wp\/v2\/product_cat?post=876"},{"taxonomy":"product_tag","embeddable":true,"href":"https:\/\/mharbu.com\/en\/wp-json\/wp\/v2\/product_tag?post=876"}],"curies":[{"name":"wp","href":"https:\/\/api.w.org\/{rel}","templated":true}]}}