{"id":926,"date":"2025-10-26T11:45:32","date_gmt":"2025-10-26T10:45:32","guid":{"rendered":"https:\/\/mharbu.com\/produkt\/dubovy-batoh-ancient-oak\/"},"modified":"2026-04-08T09:06:13","modified_gmt":"2026-04-08T07:06:13","slug":"dubovy-batoh-ancient-oak","status":"publish","type":"product","link":"https:\/\/mharbu.com\/en\/product\/dubovy-batoh-ancient-oak\/","title":{"rendered":"Ancient Oak Backpack"},"content":{"rendered":"<h2 data-start=\"391\" data-end=\"404\">Vlastnosti<\/h2>\n<ul data-start=\"405\" data-end=\"653\">\n<li data-start=\"405\" data-end=\"545\">\n<p data-start=\"407\" data-end=\"545\">Combination of vegetable-tanned, hand-dyed and decorated leather + 100% cotton waxed canvas<br data-start=\"492\" data-end=\"495\" \/>(waxed with natural wax blend, without paraffin)<\/p>\n<\/li>\n<li data-start=\"546\" data-end=\"589\">\n<p data-start=\"548\" data-end=\"589\">Lightly reinforced back for all-day wear<\/p>\n<\/li>\n<li data-start=\"590\" data-end=\"618\">\n<p data-start=\"592\" data-end=\"618\">Inner pocket for small items with zipper<\/p>\n<\/li>\n<li data-start=\"619\" data-end=\"653\">\n<p data-start=\"621\" data-end=\"653\">Separate reinforced laptop compartment<\/p>\n<\/li>\n<\/ul>\n<h2 data-start=\"655\" data-end=\"666\">Varianty<\/h2>\n<ul data-start=\"667\" data-end=\"835\">\n<li data-start=\"667\" data-end=\"709\">\n<p data-start=\"669\" data-end=\"709\"><strong data-start=\"669\" data-end=\"679\">Barvy:<\/strong> dark brown, green, ochre<\/p>\n<\/li>\n<li data-start=\"710\" data-end=\"778\">\n<p data-start=\"712\" data-end=\"778\"><strong data-start=\"712\" data-end=\"724\">Popruhy:<\/strong><\/p>\n<ul data-start=\"667\" data-end=\"835\">\n<li data-start=\"710\" data-end=\"778\">\n<p data-start=\"712\" data-end=\"778\">vyztu\u017een\u00e9 p\u011bnou<strong> (+200&nbsp;K\u010d)<\/strong><\/p>\n<\/li>\n<li data-start=\"710\" data-end=\"778\">\n<p data-start=\"712\" data-end=\"778\">klasick\u00e9 celoko\u017een\u00e9<\/p>\n<\/li>\n<\/ul>\n<\/li>\n<li data-start=\"779\" data-end=\"835\">\n<p data-start=\"781\" data-end=\"835\"><strong data-start=\"781\" data-end=\"799\">P\u0159edn\u00ed strana:<\/strong><\/p>\n<ul data-start=\"667\" data-end=\"835\">\n<li data-start=\"779\" data-end=\"835\">\n<p data-start=\"781\" data-end=\"835\">hladk\u00e1,<\/p>\n<\/li>\n<li data-start=\"779\" data-end=\"835\">\n<p data-start=\"781\" data-end=\"835\">s kapsou <strong data-start=\"822\" data-end=\"835\">(+220&nbsp;K\u010d)<\/strong><\/p>\n<\/li>\n<\/ul>\n<\/li>\n<\/ul>\n<h2 data-start=\"837\" data-end=\"847\">Rozm\u011bry<\/h2>\n<ul data-start=\"848\" data-end=\"885\">\n<li data-start=\"848\" data-end=\"885\">\n<p data-start=\"850\" data-end=\"885\">cca <strong data-start=\"854\" data-end=\"873\">40 \u00d7 60 \u00d7 10 cm<\/strong> (\u0161 \u00d7 v&nbsp;\u00d7 h)<\/p>\n<\/li>\n<\/ul>\n<p data-start=\"1018\" data-end=\"1109\" data-is-last-node=\"\" data-is-only-node=\"\"><em data-start=\"1018\" data-end=\"1109\" data-is-last-node=\"\">Each piece is a handmade original; subtle nuances in shade and texture are part of its character.<\/em><\/p>","protected":false},"excerpt":{"rendered":"<p data-start=\"39\" data-end=\"389\">This backpack is not just for short expeditions or as a carry-on for a dragon flight, this backpack can handle a proper all-day haul. An honorable adventurer packs lightly but wisely: lightly reinforced back for comfort, inside a pocket for small items and a separate compartment for a laptop, in case a portal to work reality opens along the way.<\/p>","protected":false},"featured_media":992,"template":"","meta":{"ocean_post_layout":"","ocean_both_sidebars_style":"","ocean_both_sidebars_content_width":0,"ocean_both_sidebars_sidebars_width":0,"ocean_sidebar":"0","ocean_second_sidebar":"0","ocean_disable_margins":"enable","ocean_add_body_class":"","ocean_shortcode_before_top_bar":"","ocean_shortcode_after_top_bar":"","ocean_shortcode_before_header":"","ocean_shortcode_after_header":"","ocean_has_shortcode":"","ocean_shortcode_after_title":"","ocean_shortcode_before_footer_widgets":"","ocean_shortcode_after_footer_widgets":"","ocean_shortcode_before_footer_bottom":"","ocean_shortcode_after_footer_bottom":"","ocean_display_top_bar":"default","ocean_display_header":"default","ocean_header_style":"","ocean_center_header_left_menu":"0","ocean_custom_header_template":"0","ocean_custom_logo":0,"ocean_custom_retina_logo":0,"ocean_custom_logo_max_width":0,"ocean_custom_logo_tablet_max_width":0,"ocean_custom_logo_mobile_max_width":0,"ocean_custom_logo_max_height":0,"ocean_custom_logo_tablet_max_height":0,"ocean_custom_logo_mobile_max_height":0,"ocean_header_custom_menu":"0","ocean_menu_typo_font_family":"0","ocean_menu_typo_font_subset":"","ocean_menu_typo_font_size":0,"ocean_menu_typo_font_size_tablet":0,"ocean_menu_typo_font_size_mobile":0,"ocean_menu_typo_font_size_unit":"px","ocean_menu_typo_font_weight":"","ocean_menu_typo_font_weight_tablet":"","ocean_menu_typo_font_weight_mobile":"","ocean_menu_typo_transform":"","ocean_menu_typo_transform_tablet":"","ocean_menu_typo_transform_mobile":"","ocean_menu_typo_line_height":0,"ocean_menu_typo_line_height_tablet":0,"ocean_menu_typo_line_height_mobile":0,"ocean_menu_typo_line_height_unit":"","ocean_menu_typo_spacing":0,"ocean_menu_typo_spacing_tablet":0,"ocean_menu_typo_spacing_mobile":0,"ocean_menu_typo_spacing_unit":"","ocean_menu_link_color":"","ocean_menu_link_color_hover":"","ocean_menu_link_color_active":"","ocean_menu_link_background":"","ocean_menu_link_hover_background":"","ocean_menu_link_active_background":"","ocean_menu_social_links_bg":"","ocean_menu_social_hover_links_bg":"","ocean_menu_social_links_color":"","ocean_menu_social_hover_links_color":"","ocean_disable_title":"default","ocean_disable_heading":"default","ocean_post_title":"","ocean_post_subheading":"","ocean_post_title_style":"","ocean_post_title_background_color":"","ocean_post_title_background":0,"ocean_post_title_bg_image_position":"","ocean_post_title_bg_image_attachment":"","ocean_post_title_bg_image_repeat":"","ocean_post_title_bg_image_size":"","ocean_post_title_height":0,"ocean_post_title_bg_overlay":0.5,"ocean_post_title_bg_overlay_color":"","ocean_disable_breadcrumbs":"default","ocean_breadcrumbs_color":"","ocean_breadcrumbs_separator_color":"","ocean_breadcrumbs_links_color":"","ocean_breadcrumbs_links_hover_color":"","ocean_display_footer_widgets":"default","ocean_display_footer_bottom":"default","ocean_custom_footer_template":"0"},"product_brand":[],"product_cat":[33,19,18],"product_tag":[],"class_list":{"0":"post-926","1":"product","2":"type-product","3":"status-publish","4":"has-post-thumbnail","6":"product_cat-ancient-oak","7":"product_cat-batohy","8":"product_cat-kabelky","10":"entry","11":"has-media","13":"first","14":"instock","15":"shipping-taxable","16":"purchasable","17":"product-type-variable","18":"has-default-attributes","19":"col","20":"span_1_of_4","21":"owp-content-center","22":"owp-thumbs-layout-horizontal","23":"owp-btn-very-big","24":"owp-tabs-layout-horizontal"},"yoast_head":"<!-- This site is optimized with the Yoast SEO plugin v27.3 - https:\/\/yoast.com\/product\/yoast-seo-wordpress\/ -->\n<title>Dubov\u00fd batoh Ancient Oak - mharbu<\/title>\n<meta name=\"description\" content=\"Ko\u017een\u00fd batoh Ancient Oak z ru\u010dn\u011b barven\u00e9 k\u016f\u017ee a voskovan\u00e9ho pl\u00e1tna. Vyztu\u017een\u00e1 z\u00e1da, p\u0159ihr\u00e1dka na notebook, vnit\u0159n\u00ed kapsy. Rozm\u011bry 40x60x10 cm.\" \/>\n<meta name=\"robots\" content=\"index, follow, max-snippet:-1, max-image-preview:large, max-video-preview:-1\" \/>\n<link rel=\"canonical\" href=\"https:\/\/mharbu.com\/en\/product\/dubovy-batoh-ancient-oak\/\" \/>\n<meta property=\"og:locale\" content=\"en_GB\" \/>\n<meta property=\"og:type\" content=\"article\" \/>\n<meta property=\"og:title\" content=\"Dubov\u00fd batoh Ancient Oak - mharbu\" \/>\n<meta property=\"og:description\" content=\"Ko\u017een\u00fd batoh Ancient Oak z ru\u010dn\u011b barven\u00e9 k\u016f\u017ee a voskovan\u00e9ho pl\u00e1tna. Vyztu\u017een\u00e1 z\u00e1da, p\u0159ihr\u00e1dka na notebook, vnit\u0159n\u00ed kapsy. Rozm\u011bry 40x60x10 cm.\" \/>\n<meta property=\"og:url\" content=\"https:\/\/mharbu.com\/en\/product\/dubovy-batoh-ancient-oak\/\" \/>\n<meta property=\"og:site_name\" content=\"mharbu\" \/>\n<meta property=\"article:modified_time\" content=\"2026-04-08T07:06:13+00:00\" \/>\n<meta property=\"og:image\" content=\"https:\/\/mharbu.com\/wp-content\/uploads\/2025\/10\/IMG_6118.webp\" \/>\n\t<meta property=\"og:image:width\" content=\"1000\" \/>\n\t<meta property=\"og:image:height\" content=\"1249\" \/>\n\t<meta property=\"og:image:type\" content=\"image\/webp\" \/>\n<meta name=\"twitter:card\" content=\"summary_large_image\" \/>\n<meta name=\"twitter:label1\" content=\"Estimated reading time\" \/>\n\t<meta name=\"twitter:data1\" content=\"1 minute\" \/>\n<script type=\"application\/ld+json\" class=\"yoast-schema-graph\">{\"@context\":\"https:\\\/\\\/schema.org\",\"@graph\":[{\"@type\":\"WebPage\",\"@id\":\"https:\\\/\\\/mharbu.com\\\/produkt\\\/dubovy-batoh-ancient-oak\\\/\",\"url\":\"https:\\\/\\\/mharbu.com\\\/produkt\\\/dubovy-batoh-ancient-oak\\\/\",\"name\":\"Dubov\u00fd batoh Ancient Oak - mharbu\",\"isPartOf\":{\"@id\":\"https:\\\/\\\/mharbu.com\\\/#website\"},\"primaryImageOfPage\":{\"@id\":\"https:\\\/\\\/mharbu.com\\\/produkt\\\/dubovy-batoh-ancient-oak\\\/#primaryimage\"},\"image\":{\"@id\":\"https:\\\/\\\/mharbu.com\\\/produkt\\\/dubovy-batoh-ancient-oak\\\/#primaryimage\"},\"thumbnailUrl\":\"https:\\\/\\\/mharbu.com\\\/wp-content\\\/uploads\\\/2025\\\/10\\\/IMG_6118.webp\",\"datePublished\":\"2025-10-26T10:45:32+00:00\",\"dateModified\":\"2026-04-08T07:06:13+00:00\",\"description\":\"Ko\u017een\u00fd batoh Ancient Oak z ru\u010dn\u011b barven\u00e9 k\u016f\u017ee a voskovan\u00e9ho pl\u00e1tna. Vyztu\u017een\u00e1 z\u00e1da, p\u0159ihr\u00e1dka na notebook, vnit\u0159n\u00ed kapsy. Rozm\u011bry 40x60x10 cm.\",\"breadcrumb\":{\"@id\":\"https:\\\/\\\/mharbu.com\\\/produkt\\\/dubovy-batoh-ancient-oak\\\/#breadcrumb\"},\"inLanguage\":\"en-GB\",\"potentialAction\":[{\"@type\":\"ReadAction\",\"target\":[\"https:\\\/\\\/mharbu.com\\\/produkt\\\/dubovy-batoh-ancient-oak\\\/\"]}]},{\"@type\":\"ImageObject\",\"inLanguage\":\"en-GB\",\"@id\":\"https:\\\/\\\/mharbu.com\\\/produkt\\\/dubovy-batoh-ancient-oak\\\/#primaryimage\",\"url\":\"https:\\\/\\\/mharbu.com\\\/wp-content\\\/uploads\\\/2025\\\/10\\\/IMG_6118.webp\",\"contentUrl\":\"https:\\\/\\\/mharbu.com\\\/wp-content\\\/uploads\\\/2025\\\/10\\\/IMG_6118.webp\",\"width\":1000,\"height\":1249},{\"@type\":\"BreadcrumbList\",\"@id\":\"https:\\\/\\\/mharbu.com\\\/produkt\\\/dubovy-batoh-ancient-oak\\\/#breadcrumb\",\"itemListElement\":[{\"@type\":\"ListItem\",\"position\":1,\"name\":\"Dom\u016f\",\"item\":\"https:\\\/\\\/mharbu.com\\\/\"},{\"@type\":\"ListItem\",\"position\":2,\"name\":\"Obchod\",\"item\":\"https:\\\/\\\/mharbu.com\\\/obchod\\\/\"},{\"@type\":\"ListItem\",\"position\":3,\"name\":\"Dubov\u00fd batoh Ancient Oak\"}]},{\"@type\":\"WebSite\",\"@id\":\"https:\\\/\\\/mharbu.com\\\/#website\",\"url\":\"https:\\\/\\\/mharbu.com\\\/\",\"name\":\"mharbu\",\"description\":\"Zavazadla pro cestovatele sv\u011bty a \u010dasem\",\"publisher\":{\"@id\":\"https:\\\/\\\/mharbu.com\\\/#organization\"},\"potentialAction\":[{\"@type\":\"SearchAction\",\"target\":{\"@type\":\"EntryPoint\",\"urlTemplate\":\"https:\\\/\\\/mharbu.com\\\/?s={search_term_string}\"},\"query-input\":{\"@type\":\"PropertyValueSpecification\",\"valueRequired\":true,\"valueName\":\"search_term_string\"}}],\"inLanguage\":\"en-GB\"},{\"@type\":\"Organization\",\"@id\":\"https:\\\/\\\/mharbu.com\\\/#organization\",\"name\":\"mharbu\",\"url\":\"https:\\\/\\\/mharbu.com\\\/\",\"logo\":{\"@type\":\"ImageObject\",\"inLanguage\":\"en-GB\",\"@id\":\"https:\\\/\\\/mharbu.com\\\/#\\\/schema\\\/logo\\\/image\\\/\",\"url\":\"https:\\\/\\\/mharbu.com\\\/wp-content\\\/uploads\\\/2024\\\/07\\\/cropped-logodlouhe-2.png\",\"contentUrl\":\"https:\\\/\\\/mharbu.com\\\/wp-content\\\/uploads\\\/2024\\\/07\\\/cropped-logodlouhe-2.png\",\"width\":183,\"height\":50,\"caption\":\"mharbu\"},\"image\":{\"@id\":\"https:\\\/\\\/mharbu.com\\\/#\\\/schema\\\/logo\\\/image\\\/\"}}]}<\/script>\n<!-- \/ Yoast SEO plugin. -->","yoast_head_json":{"title":"Ancient Oak Backpack - mharbu","description":"Ancient Oak leather backpack made from hand-dyed leather and waxed canvas. Padded back, laptop compartment, inner pockets. Size 40x60x10 cm.","robots":{"index":"index","follow":"follow","max-snippet":"max-snippet:-1","max-image-preview":"max-image-preview:large","max-video-preview":"max-video-preview:-1"},"canonical":"https:\/\/mharbu.com\/en\/product\/dubovy-batoh-ancient-oak\/","og_locale":"en_GB","og_type":"article","og_title":"Dubov\u00fd batoh Ancient Oak - mharbu","og_description":"Ko\u017een\u00fd batoh Ancient Oak z ru\u010dn\u011b barven\u00e9 k\u016f\u017ee a voskovan\u00e9ho pl\u00e1tna. Vyztu\u017een\u00e1 z\u00e1da, p\u0159ihr\u00e1dka na notebook, vnit\u0159n\u00ed kapsy. Rozm\u011bry 40x60x10 cm.","og_url":"https:\/\/mharbu.com\/en\/product\/dubovy-batoh-ancient-oak\/","og_site_name":"mharbu","article_modified_time":"2026-04-08T07:06:13+00:00","og_image":[{"width":1000,"height":1249,"url":"https:\/\/mharbu.com\/wp-content\/uploads\/2025\/10\/IMG_6118.webp","type":"image\/webp"}],"twitter_card":"summary_large_image","twitter_misc":{"Estimated reading time":"1 minute"},"schema":{"@context":"https:\/\/schema.org","@graph":[{"@type":"WebPage","@id":"https:\/\/mharbu.com\/produkt\/dubovy-batoh-ancient-oak\/","url":"https:\/\/mharbu.com\/produkt\/dubovy-batoh-ancient-oak\/","name":"Ancient Oak Backpack - mharbu","isPartOf":{"@id":"https:\/\/mharbu.com\/#website"},"primaryImageOfPage":{"@id":"https:\/\/mharbu.com\/produkt\/dubovy-batoh-ancient-oak\/#primaryimage"},"image":{"@id":"https:\/\/mharbu.com\/produkt\/dubovy-batoh-ancient-oak\/#primaryimage"},"thumbnailUrl":"https:\/\/mharbu.com\/wp-content\/uploads\/2025\/10\/IMG_6118.webp","datePublished":"2025-10-26T10:45:32+00:00","dateModified":"2026-04-08T07:06:13+00:00","description":"Ancient Oak leather backpack made from hand-dyed leather and waxed canvas. Padded back, laptop compartment, inner pockets. Size 40x60x10 cm.","breadcrumb":{"@id":"https:\/\/mharbu.com\/produkt\/dubovy-batoh-ancient-oak\/#breadcrumb"},"inLanguage":"en-GB","potentialAction":[{"@type":"ReadAction","target":["https:\/\/mharbu.com\/produkt\/dubovy-batoh-ancient-oak\/"]}]},{"@type":"ImageObject","inLanguage":"en-GB","@id":"https:\/\/mharbu.com\/produkt\/dubovy-batoh-ancient-oak\/#primaryimage","url":"https:\/\/mharbu.com\/wp-content\/uploads\/2025\/10\/IMG_6118.webp","contentUrl":"https:\/\/mharbu.com\/wp-content\/uploads\/2025\/10\/IMG_6118.webp","width":1000,"height":1249},{"@type":"BreadcrumbList","@id":"https:\/\/mharbu.com\/produkt\/dubovy-batoh-ancient-oak\/#breadcrumb","itemListElement":[{"@type":"ListItem","position":1,"name":"Dom\u016f","item":"https:\/\/mharbu.com\/"},{"@type":"ListItem","position":2,"name":"Obchod","item":"https:\/\/mharbu.com\/obchod\/"},{"@type":"ListItem","position":3,"name":"Dubov\u00fd batoh Ancient Oak"}]},{"@type":"WebSite","@id":"https:\/\/mharbu.com\/#website","url":"https:\/\/mharbu.com\/","name":"mharbu","description":"Luggage for travelers through worlds and time","publisher":{"@id":"https:\/\/mharbu.com\/#organization"},"potentialAction":[{"@type":"SearchAction","target":{"@type":"EntryPoint","urlTemplate":"https:\/\/mharbu.com\/?s={search_term_string}"},"query-input":{"@type":"PropertyValueSpecification","valueRequired":true,"valueName":"search_term_string"}}],"inLanguage":"en-GB"},{"@type":"Organization","@id":"https:\/\/mharbu.com\/#organization","name":"mharbu","url":"https:\/\/mharbu.com\/","logo":{"@type":"ImageObject","inLanguage":"en-GB","@id":"https:\/\/mharbu.com\/#\/schema\/logo\/image\/","url":"https:\/\/mharbu.com\/wp-content\/uploads\/2024\/07\/cropped-logodlouhe-2.png","contentUrl":"https:\/\/mharbu.com\/wp-content\/uploads\/2024\/07\/cropped-logodlouhe-2.png","width":183,"height":50,"caption":"mharbu"},"image":{"@id":"https:\/\/mharbu.com\/#\/schema\/logo\/image\/"}}]}},"_links":{"self":[{"href":"https:\/\/mharbu.com\/en\/wp-json\/wp\/v2\/product\/926","targetHints":{"allow":["GET"]}}],"collection":[{"href":"https:\/\/mharbu.com\/en\/wp-json\/wp\/v2\/product"}],"about":[{"href":"https:\/\/mharbu.com\/en\/wp-json\/wp\/v2\/types\/product"}],"wp:featuredmedia":[{"embeddable":true,"href":"https:\/\/mharbu.com\/en\/wp-json\/wp\/v2\/media\/992"}],"wp:attachment":[{"href":"https:\/\/mharbu.com\/en\/wp-json\/wp\/v2\/media?parent=926"}],"wp:term":[{"taxonomy":"product_brand","embeddable":true,"href":"https:\/\/mharbu.com\/en\/wp-json\/wp\/v2\/product_brand?post=926"},{"taxonomy":"product_cat","embeddable":true,"href":"https:\/\/mharbu.com\/en\/wp-json\/wp\/v2\/product_cat?post=926"},{"taxonomy":"product_tag","embeddable":true,"href":"https:\/\/mharbu.com\/en\/wp-json\/wp\/v2\/product_tag?post=926"}],"curies":[{"name":"wp","href":"https:\/\/api.w.org\/{rel}","templated":true}]}}